{"id":26261,"date":"2017-12-13T08:47:35","date_gmt":"2017-12-13T08:47:35","guid":{"rendered":"https:\/\/cemyri.es\/es\/?page_id=26261"},"modified":"2018-10-09T07:57:51","modified_gmt":"2018-10-09T07:57:51","slug":"andrea-blanc-molina","status":"publish","type":"page","link":"https:\/\/cemyri.es\/es\/andrea-blanc-molina\/","title":{"rendered":"Andrea Blanc Molina"},"content":{"rendered":"<hr \/>\n<p><strong>Doctorado:<\/strong>\u00a0Doctorado en Salud, Psicolog\u00eda y Psiquiatr\u00eda<\/p>\n<p><strong>Profesor\/a:<\/strong> \u00c1rea de Metodolog\u00eda de las Ciencias del Comportamiento<\/p>\n<p><strong>Departamento:\u00a0<\/strong>Psicolog\u00eda<\/p>\n<p><strong>Facultad:<\/strong>\u00a0Psicolog\u00eda<\/p>\n<p><strong>Universidad:<\/strong>Universidad de\u00a0Almer\u00eda<\/p>\n<p><strong>Linea(s) de investigaci\u00f3n:<\/strong>\u00a0Actitudes sexuales en contextos interculturales; Construcci\u00f3n de instrumentos de medida.<\/p>\n<p><strong>Miembro del grupo de investigaci\u00f3n:<\/strong> HUM-743<\/p>\n<p><strong>Correo electr\u00f3nico:<\/strong>\u00a0abm769@ual.es<\/p>\n<p><a href=\"https:\/\/orcid.org\/0000-0002-3710-5960\"><strong>Curr\u00edculum<\/strong><\/a><\/p>\n","protected":false},"excerpt":{"rendered":"<p>Doctorado:\u00a0Doctorado en Salud, Psicolog\u00eda y Psiquiatr\u00eda Profesor\/a: \u00c1rea de Metodolog\u00eda de las Ciencias del Comportamiento Departamento:\u00a0Psicolog\u00eda Facultad:\u00a0Psicolog\u00eda Universidad:Universidad de\u00a0Almer\u00eda Linea(s) de investigaci\u00f3n:\u00a0Actitudes sexuales en contextos interculturales; Construcci\u00f3n de instrumentos de medida. Miembro del grupo de investigaci\u00f3n: HUM-743 Correo electr\u00f3nico:\u00a0abm769@ual.es Curr\u00edculum<\/p>\n","protected":false},"author":2,"featured_media":0,"parent":0,"menu_order":0,"comment_status":"closed","ping_status":"closed","template":"","meta":{"footnotes":""},"class_list":["post-26261","page","type-page","status-publish","hentry"],"_links":{"self":[{"href":"https:\/\/cemyri.es\/es\/wp-json\/wp\/v2\/pages\/26261","targetHints":{"allow":["GET"]}}],"collection":[{"href":"https:\/\/cemyri.es\/es\/wp-json\/wp\/v2\/pages"}],"about":[{"href":"https:\/\/cemyri.es\/es\/wp-json\/wp\/v2\/types\/page"}],"author":[{"embeddable":true,"href":"https:\/\/cemyri.es\/es\/wp-json\/wp\/v2\/users\/2"}],"replies":[{"embeddable":true,"href":"https:\/\/cemyri.es\/es\/wp-json\/wp\/v2\/comments?post=26261"}],"version-history":[{"count":5,"href":"https:\/\/cemyri.es\/es\/wp-json\/wp\/v2\/pages\/26261\/revisions"}],"predecessor-version":[{"id":26433,"href":"https:\/\/cemyri.es\/es\/wp-json\/wp\/v2\/pages\/26261\/revisions\/26433"}],"wp:attachment":[{"href":"https:\/\/cemyri.es\/es\/wp-json\/wp\/v2\/media?parent=26261"}],"curies":[{"name":"wp","href":"https:\/\/api.w.org\/{rel}","templated":true}]}}