{"id":26266,"date":"2017-12-13T08:52:17","date_gmt":"2017-12-13T08:52:17","guid":{"rendered":"https:\/\/cemyri.es\/es\/?page_id=26266"},"modified":"2017-12-13T08:52:17","modified_gmt":"2017-12-13T08:52:17","slug":"andrea-alexandra-constantin","status":"publish","type":"page","link":"https:\/\/cemyri.es\/es\/andrea-alexandra-constantin\/","title":{"rendered":"Andrea Alexandra Constantin"},"content":{"rendered":"<hr \/>\n<p>Profesor\/a: &#8211;<\/p>\n<p>Departamento:\u00a0Psicolog\u00eda<\/p>\n<p>Facultad:\u00a0Psicolog\u00eda<\/p>\n<p>Universidad:Universidad de\u00a0Almer\u00eda<\/p>\n<p>Linea(s) de investigaci\u00f3n: Estudio de las Relaciones intergrupales y del\u00a0 prejuicio \u00e9tnico en poblaci\u00f3n adolescente aut\u00f3ctona e inmigrante.<\/p>\n<p>Miembro del grupo de investigaci\u00f3n: HUM-743<\/p>\n<p>Correo electr\u00f3nico:\u00a0ac125@ual.es<\/p>\n<p><strong>Curr\u00edculum<\/strong><\/p>\n","protected":false},"excerpt":{"rendered":"<p>Profesor\/a: &#8211; Departamento:\u00a0Psicolog\u00eda Facultad:\u00a0Psicolog\u00eda Universidad:Universidad de\u00a0Almer\u00eda Linea(s) de investigaci\u00f3n: Estudio de las Relaciones intergrupales y del\u00a0 prejuicio \u00e9tnico en poblaci\u00f3n adolescente aut\u00f3ctona e inmigrante. Miembro del grupo de investigaci\u00f3n: HUM-743 Correo electr\u00f3nico:\u00a0ac125@ual.es Curr\u00edculum<\/p>\n","protected":false},"author":2,"featured_media":0,"parent":0,"menu_order":0,"comment_status":"closed","ping_status":"closed","template":"","meta":{"footnotes":""},"class_list":["post-26266","page","type-page","status-publish","hentry"],"_links":{"self":[{"href":"https:\/\/cemyri.es\/es\/wp-json\/wp\/v2\/pages\/26266","targetHints":{"allow":["GET"]}}],"collection":[{"href":"https:\/\/cemyri.es\/es\/wp-json\/wp\/v2\/pages"}],"about":[{"href":"https:\/\/cemyri.es\/es\/wp-json\/wp\/v2\/types\/page"}],"author":[{"embeddable":true,"href":"https:\/\/cemyri.es\/es\/wp-json\/wp\/v2\/users\/2"}],"replies":[{"embeddable":true,"href":"https:\/\/cemyri.es\/es\/wp-json\/wp\/v2\/comments?post=26266"}],"version-history":[{"count":1,"href":"https:\/\/cemyri.es\/es\/wp-json\/wp\/v2\/pages\/26266\/revisions"}],"predecessor-version":[{"id":26267,"href":"https:\/\/cemyri.es\/es\/wp-json\/wp\/v2\/pages\/26266\/revisions\/26267"}],"wp:attachment":[{"href":"https:\/\/cemyri.es\/es\/wp-json\/wp\/v2\/media?parent=26266"}],"curies":[{"name":"wp","href":"https:\/\/api.w.org\/{rel}","templated":true}]}}