{"id":26271,"date":"2017-12-13T09:00:32","date_gmt":"2017-12-13T09:00:32","guid":{"rendered":"https:\/\/cemyri.es\/es\/?page_id=26271"},"modified":"2017-12-13T09:01:10","modified_gmt":"2017-12-13T09:01:10","slug":"26271-2","status":"publish","type":"page","link":"https:\/\/cemyri.es\/es\/26271-2\/","title":{"rendered":"Miguel Jes\u00fas Rodr\u00edguez Arrastia"},"content":{"rendered":"<p><strong>Nombre de la tesis:<\/strong> Enfermeras espa\u00f1olas en el extranjero: Estudio comparativo de Reino Unido y Espa\u00f1a.<\/p>\n<p><strong>Grupo de Investigaci\u00f3n:-<\/strong><\/p>\n<p><strong>Fecha de lectura:<\/strong>\u00a009\/06\/2017<\/p>\n<p><strong>N\u00ba de referencia:<\/strong> 1173<\/p>\n<p><strong>Director\/a:\u00a0<\/strong>Carmen Gonz\u00e1lez Canalejo<\/p>\n<p><strong>Calificaci\u00f3n:<\/strong>\u00a0Sobresaliente \u00abCum Laude\u00bb con Menci\u00f3n Internacional por University of Southampton<\/p>\n<p><strong>Departamento:<\/strong>\u00a0Enfermer\u00eda, Fisioterapia y Medicina<\/p>\n<p><strong>Facultad:<\/strong> Ciencias de la Salud<\/p>\n<p><strong>Universidad:<\/strong> Almer\u00eda<\/p>\n<p><strong>Correo Electr\u00f3nico: <\/strong>mra887@ual.es<\/p>\n<p><a href=\"https:\/\/www.educacion.gob.es\/teseo\/mostrarRef.do?ref=1445691\"><strong>Enlace a web\u00a0<\/strong><\/a><\/p>\n<p><a href=\"https:\/\/orcid.org\/0000-0001-9430-4272\"><strong>Curr\u00edculum<\/strong><\/a><\/p>\n","protected":false},"excerpt":{"rendered":"<p>Nombre de la tesis: Enfermeras espa\u00f1olas en el extranjero: Estudio comparativo de Reino Unido y Espa\u00f1a. Grupo de Investigaci\u00f3n:- Fecha de lectura:\u00a009\/06\/2017 N\u00ba de referencia: 1173 Director\/a:\u00a0Carmen Gonz\u00e1lez Canalejo Calificaci\u00f3n:\u00a0Sobresaliente \u00abCum Laude\u00bb con Menci\u00f3n Internacional por University of Southampton Departamento:\u00a0Enfermer\u00eda, Fisioterapia y Medicina Facultad: Ciencias de la Salud Universidad: Almer\u00eda Correo Electr\u00f3nico: mra887@ual.es Enlace a&#8230;<\/p>\n","protected":false},"author":2,"featured_media":0,"parent":0,"menu_order":0,"comment_status":"closed","ping_status":"closed","template":"","meta":{"footnotes":""},"class_list":["post-26271","page","type-page","status-publish","hentry"],"_links":{"self":[{"href":"https:\/\/cemyri.es\/es\/wp-json\/wp\/v2\/pages\/26271","targetHints":{"allow":["GET"]}}],"collection":[{"href":"https:\/\/cemyri.es\/es\/wp-json\/wp\/v2\/pages"}],"about":[{"href":"https:\/\/cemyri.es\/es\/wp-json\/wp\/v2\/types\/page"}],"author":[{"embeddable":true,"href":"https:\/\/cemyri.es\/es\/wp-json\/wp\/v2\/users\/2"}],"replies":[{"embeddable":true,"href":"https:\/\/cemyri.es\/es\/wp-json\/wp\/v2\/comments?post=26271"}],"version-history":[{"count":2,"href":"https:\/\/cemyri.es\/es\/wp-json\/wp\/v2\/pages\/26271\/revisions"}],"predecessor-version":[{"id":26273,"href":"https:\/\/cemyri.es\/es\/wp-json\/wp\/v2\/pages\/26271\/revisions\/26273"}],"wp:attachment":[{"href":"https:\/\/cemyri.es\/es\/wp-json\/wp\/v2\/media?parent=26271"}],"curies":[{"name":"wp","href":"https:\/\/api.w.org\/{rel}","templated":true}]}}