{"id":26333,"date":"2018-01-24T11:38:22","date_gmt":"2018-01-24T11:38:22","guid":{"rendered":"https:\/\/cemyri.es\/es\/?page_id=26333"},"modified":"2023-10-26T08:58:30","modified_gmt":"2023-10-26T08:58:30","slug":"masteres-y-doctorados","status":"publish","type":"page","link":"https:\/\/cemyri.es\/es\/masteres-y-doctorados\/","title":{"rendered":"M\u00e1steres y Doctorados"},"content":{"rendered":"\n<figure class=\"wp-block-table alignleft is-style-regular\"><table><tbody><tr><td><a href=\"https:\/\/cms.ual.es\/UAL\/estudios\/masteres\/MASTER7111\"><img loading=\"lazy\" decoding=\"async\" width=\"250\" height=\"163\" class=\"wp-image-26717\" style=\"width: 250px;\" src=\"https:\/\/cemyri.es\/es\/wp-content\/uploads\/2019\/09\/migramedgv.png\" alt=\"\" srcset=\"https:\/\/cemyri.es\/es\/wp-content\/uploads\/2019\/09\/migramedgv.png 400w, https:\/\/cemyri.es\/es\/wp-content\/uploads\/2019\/09\/migramedgv-300x195.png 300w\" sizes=\"auto, (max-width: 250px) 100vw, 250px\" \/><\/a><\/td><td> <a href=\"https:\/\/cms.ual.es\/UAL\/estudios\/masteres\/MASTER7111\"><strong>M\u00e1ster Oficial en Migraciones, Mediaci\u00f3n y Grupos Vulnerables<\/strong><\/a>  <\/td><\/tr><tr><td><a href=\"https:\/\/cemyri.es\/es\/2018\/01\/23\/doctorado-en-ciencias-humanas-y-sociales\/\"><img loading=\"lazy\" decoding=\"async\" width=\"150\" height=\"145\" class=\"wp-image-26344\" style=\"width: 150px;\" src=\"https:\/\/cemyri.es\/es\/wp-content\/uploads\/2018\/01\/logoalmirez.jpg\" alt=\"\" srcset=\"https:\/\/cemyri.es\/es\/wp-content\/uploads\/2018\/01\/logoalmirez.jpg 157w, https:\/\/cemyri.es\/es\/wp-content\/uploads\/2018\/01\/logoalmirez-52x50.jpg 52w\" sizes=\"auto, (max-width: 150px) 100vw, 150px\" \/><\/a><\/td><td> <a href=\"https:\/\/cemyri.es\/es\/2018\/01\/23\/doctorado-en-ciencias-humanas-y-sociales\/\"><strong>Doctorado en Ciencias Humanas y Sociales<\/strong><\/a>  <\/td><\/tr><tr><td><a href=\"https:\/\/cemyri.es\/es\/2018\/01\/23\/doctorado-en-estudios-migratorios-desarrollo-e-intervencion-social\/\"><img loading=\"lazy\" decoding=\"async\" width=\"150\" height=\"145\" class=\"wp-image-26346\" style=\"width: 150px;\" src=\"https:\/\/cemyri.es\/es\/wp-content\/uploads\/2018\/01\/logounialm.jpg\" alt=\"\" srcset=\"https:\/\/cemyri.es\/es\/wp-content\/uploads\/2018\/01\/logounialm.jpg 157w, https:\/\/cemyri.es\/es\/wp-content\/uploads\/2018\/01\/logounialm-52x50.jpg 52w\" sizes=\"auto, (max-width: 150px) 100vw, 150px\" \/><\/a><\/td><td> <a href=\"https:\/\/cemyri.es\/es\/2018\/01\/23\/doctorado-en-estudios-migratorios-desarrollo-e-intervencion-social\/\"><strong>Doctorado en Estudios Migratorios, Desarrollo e Intervenci\u00f3n Social<\/strong><\/a> <\/td><\/tr><tr><td><a href=\"https:\/\/cemyri.es\/es\/2018\/01\/23\/master-oficial-en-estudios-e-intervencion-social-en-inmigracion-desarrollo-y-grupos-vulnerables\/\"><img loading=\"lazy\" decoding=\"async\" width=\"150\" height=\"145\" class=\"wp-image-26345\" style=\"width: 150px;\" src=\"https:\/\/cemyri.es\/es\/wp-content\/uploads\/2018\/01\/Logo-m\u00e1ster.jpg\" alt=\"\" srcset=\"https:\/\/cemyri.es\/es\/wp-content\/uploads\/2018\/01\/Logo-m\u00e1ster.jpg 157w, https:\/\/cemyri.es\/es\/wp-content\/uploads\/2018\/01\/Logo-m\u00e1ster-52x50.jpg 52w\" sizes=\"auto, (max-width: 150px) 100vw, 150px\" \/><\/a><\/td><td> <a href=\"https:\/\/cemyri.es\/es\/2018\/01\/23\/master-oficial-en-estudios-e-intervencion-social-en-inmigracion-desarrollo-y-grupos-vulnerables\/\"><strong>M\u00e1ster Oficial en Estudios e Intervenci\u00f3n social en inmigraci\u00f3n, desarrollo y grupos vulnerables<\/strong><\/a> <\/td><\/tr><\/tbody><\/table><\/figure>\n\n\n\n<hr class=\"wp-block-separator has-css-opacity is-style-default\"\/>\n\n\n\n<p><\/p>\n\n\n\n<p><\/p>\n","protected":false},"excerpt":{"rendered":"<p>M\u00e1ster Oficial en Migraciones, Mediaci\u00f3n y Grupos Vulnerables Doctorado en Ciencias Humanas y Sociales Doctorado en Estudios Migratorios, Desarrollo e Intervenci\u00f3n Social M\u00e1ster Oficial en Estudios e Intervenci\u00f3n social en inmigraci\u00f3n, desarrollo y grupos vulnerables<\/p>\n","protected":false},"author":2,"featured_media":0,"parent":0,"menu_order":0,"comment_status":"closed","ping_status":"closed","template":"","meta":{"footnotes":""},"class_list":["post-26333","page","type-page","status-publish","hentry"],"_links":{"self":[{"href":"https:\/\/cemyri.es\/es\/wp-json\/wp\/v2\/pages\/26333","targetHints":{"allow":["GET"]}}],"collection":[{"href":"https:\/\/cemyri.es\/es\/wp-json\/wp\/v2\/pages"}],"about":[{"href":"https:\/\/cemyri.es\/es\/wp-json\/wp\/v2\/types\/page"}],"author":[{"embeddable":true,"href":"https:\/\/cemyri.es\/es\/wp-json\/wp\/v2\/users\/2"}],"replies":[{"embeddable":true,"href":"https:\/\/cemyri.es\/es\/wp-json\/wp\/v2\/comments?post=26333"}],"version-history":[{"count":17,"href":"https:\/\/cemyri.es\/es\/wp-json\/wp\/v2\/pages\/26333\/revisions"}],"predecessor-version":[{"id":28005,"href":"https:\/\/cemyri.es\/es\/wp-json\/wp\/v2\/pages\/26333\/revisions\/28005"}],"wp:attachment":[{"href":"https:\/\/cemyri.es\/es\/wp-json\/wp\/v2\/media?parent=26333"}],"curies":[{"name":"wp","href":"https:\/\/api.w.org\/{rel}","templated":true}]}}