{"id":26412,"date":"2018-09-25T10:46:27","date_gmt":"2018-09-25T10:46:27","guid":{"rendered":"https:\/\/cemyri.es\/es\/?page_id=26412"},"modified":"2023-07-25T18:26:47","modified_gmt":"2023-07-25T18:26:47","slug":"ruben-rodriguez-puertas","status":"publish","type":"page","link":"https:\/\/cemyri.es\/es\/doctores-colaboradores\/ruben-rodriguez-puertas\/","title":{"rendered":"Rub\u00e9n Rodr\u00edguez Puertas"},"content":{"rendered":"<p><strong>Grado:<\/strong> Licenciado en Sociolog\u00eda<\/p>\n<p style=\"text-align: left;\"><strong>Doctor:<\/strong> En estudios migratorios, desarrollo e intervenci\u00f3n social (Universidad de Granada)<\/p>\n<p><strong>L\u00edneas de Investigaci\u00f3n:<\/strong> Migraciones, Globalizaci\u00f3n y Juventud<\/p>\n<p><strong>Grupo de Investigaci\u00f3n:<\/strong><\/p>\n<p><strong>Status:<\/strong> Profesor Sustituto Interino<\/p>\n<p><strong>Universidad:<\/strong> Almer\u00eda<\/p>\n<p><strong> Correo Electr\u00f3nico:<\/strong>\u00a0rubenrp@ual.es<\/p>\n<p><strong><a href=\"https:\/\/orcid.org\/0000-0001-7286-2855\" target=\"_blank\" rel=\"noopener\">Curr\u00edculum<\/a><\/strong><\/p>\n","protected":false},"excerpt":{"rendered":"<p>Grado: Licenciado en Sociolog\u00eda Doctor: En estudios migratorios, desarrollo e intervenci\u00f3n social (Universidad de Granada) L\u00edneas de Investigaci\u00f3n: Migraciones, Globalizaci\u00f3n y Juventud Grupo de Investigaci\u00f3n: Status: Profesor Sustituto Interino Universidad: Almer\u00eda Correo Electr\u00f3nico:\u00a0rubenrp@ual.es Curr\u00edculum<\/p>\n","protected":false},"author":2,"featured_media":26417,"parent":34,"menu_order":0,"comment_status":"closed","ping_status":"closed","template":"","meta":{"footnotes":""},"class_list":["post-26412","page","type-page","status-publish","has-post-thumbnail","hentry"],"_links":{"self":[{"href":"https:\/\/cemyri.es\/es\/wp-json\/wp\/v2\/pages\/26412","targetHints":{"allow":["GET"]}}],"collection":[{"href":"https:\/\/cemyri.es\/es\/wp-json\/wp\/v2\/pages"}],"about":[{"href":"https:\/\/cemyri.es\/es\/wp-json\/wp\/v2\/types\/page"}],"author":[{"embeddable":true,"href":"https:\/\/cemyri.es\/es\/wp-json\/wp\/v2\/users\/2"}],"replies":[{"embeddable":true,"href":"https:\/\/cemyri.es\/es\/wp-json\/wp\/v2\/comments?post=26412"}],"version-history":[{"count":5,"href":"https:\/\/cemyri.es\/es\/wp-json\/wp\/v2\/pages\/26412\/revisions"}],"predecessor-version":[{"id":27815,"href":"https:\/\/cemyri.es\/es\/wp-json\/wp\/v2\/pages\/26412\/revisions\/27815"}],"up":[{"embeddable":true,"href":"https:\/\/cemyri.es\/es\/wp-json\/wp\/v2\/pages\/34"}],"wp:featuredmedia":[{"embeddable":true,"href":"https:\/\/cemyri.es\/es\/wp-json\/wp\/v2\/media\/26417"}],"wp:attachment":[{"href":"https:\/\/cemyri.es\/es\/wp-json\/wp\/v2\/media?parent=26412"}],"curies":[{"name":"wp","href":"https:\/\/api.w.org\/{rel}","templated":true}]}}