{"id":26424,"date":"2018-10-09T07:47:31","date_gmt":"2018-10-09T07:47:31","guid":{"rendered":"https:\/\/cemyri.es\/es\/?page_id=26424"},"modified":"2018-10-09T07:53:37","modified_gmt":"2018-10-09T07:53:37","slug":"andrea-blanc-molina-2","status":"publish","type":"page","link":"https:\/\/cemyri.es\/es\/andrea-blanc-molina-2\/","title":{"rendered":"Andrea Blanc Molina"},"content":{"rendered":"<p><strong>Nombre de la tesis:<\/strong>\u00a0Conceptualizaci\u00f3n y medida de las actitudes hacia comportamientos sexuales en distintos grupos etnoculturales y su relaci\u00f3n con el proceso de aculturaci\u00f3n<\/p>\n<p><strong>Doctorado:<\/strong> Doctorado en Salud, Psicolog\u00eda y Psiquiatr\u00eda<\/p>\n<p><strong>Grupo de Investigaci\u00f3n: <\/strong>HUM-743<\/p>\n<p><strong>Fecha de lectura:<\/strong>\u00a021\/09\/2018<\/p>\n<p><strong>N\u00ba de referencia:<\/strong>\u00a01306<\/p>\n<p><strong>Director\/a:<\/strong>\u00a0Rojas Tejada, Antonio Jos\u00e9<\/p>\n<p><strong>Calificaci\u00f3n:<\/strong> Sobresaliente \u201cCum Laude\u201d<\/p>\n<p><strong>Departamento:<\/strong>\u00a0Psicolog\u00eda<\/p>\n<p><strong>Universidad:<\/strong> Almer\u00eda<\/p>\n<p><a href=\"http:\/\/cms.ual.es\/UAL\/estudios\/doctorado\/tesis\/tesisdoctoral\/DOCTORADO8912?plan=8912&amp;anyo=2017-18&amp;exp_numord=9&amp;tes_codnum=1&amp;idioma=es\">Enlace a web<\/a><\/p>\n","protected":false},"excerpt":{"rendered":"<p>Nombre de la tesis:\u00a0Conceptualizaci\u00f3n y medida de las actitudes hacia comportamientos sexuales en distintos grupos etnoculturales y su relaci\u00f3n con el proceso de aculturaci\u00f3n Doctorado: Doctorado en Salud, Psicolog\u00eda y Psiquiatr\u00eda Grupo de Investigaci\u00f3n: HUM-743 Fecha de lectura:\u00a021\/09\/2018 N\u00ba de referencia:\u00a01306 Director\/a:\u00a0Rojas Tejada, Antonio Jos\u00e9 Calificaci\u00f3n: Sobresaliente \u201cCum Laude\u201d Departamento:\u00a0Psicolog\u00eda Universidad: Almer\u00eda Enlace a web<\/p>\n","protected":false},"author":2,"featured_media":0,"parent":0,"menu_order":0,"comment_status":"closed","ping_status":"closed","template":"","meta":{"footnotes":""},"class_list":["post-26424","page","type-page","status-publish","hentry"],"_links":{"self":[{"href":"https:\/\/cemyri.es\/es\/wp-json\/wp\/v2\/pages\/26424","targetHints":{"allow":["GET"]}}],"collection":[{"href":"https:\/\/cemyri.es\/es\/wp-json\/wp\/v2\/pages"}],"about":[{"href":"https:\/\/cemyri.es\/es\/wp-json\/wp\/v2\/types\/page"}],"author":[{"embeddable":true,"href":"https:\/\/cemyri.es\/es\/wp-json\/wp\/v2\/users\/2"}],"replies":[{"embeddable":true,"href":"https:\/\/cemyri.es\/es\/wp-json\/wp\/v2\/comments?post=26424"}],"version-history":[{"count":4,"href":"https:\/\/cemyri.es\/es\/wp-json\/wp\/v2\/pages\/26424\/revisions"}],"predecessor-version":[{"id":26429,"href":"https:\/\/cemyri.es\/es\/wp-json\/wp\/v2\/pages\/26424\/revisions\/26429"}],"wp:attachment":[{"href":"https:\/\/cemyri.es\/es\/wp-json\/wp\/v2\/media?parent=26424"}],"curies":[{"name":"wp","href":"https:\/\/api.w.org\/{rel}","templated":true}]}}