{"id":26673,"date":"2019-05-30T11:02:23","date_gmt":"2019-05-30T11:02:23","guid":{"rendered":"https:\/\/cemyri.es\/es\/?page_id=26673"},"modified":"2022-10-26T09:11:37","modified_gmt":"2022-10-26T09:11:37","slug":"proyectos-realizados-en-2019-2021","status":"publish","type":"page","link":"https:\/\/cemyri.es\/es\/proyectos-realizados-en-2019-2021\/","title":{"rendered":"Proyectos realizados en 2019-2023"},"content":{"rendered":"\n<figure class=\"wp-block-table alignleft is-style-regular\"><table class=\"has-fixed-layout\"><tbody><tr><td class=\"has-text-align-center\" data-align=\"center\"><a href=\"https:\/\/cemyri.es\/es\/proyectos-realizados-en-2019-2021\/engage\/\"><img loading=\"lazy\" decoding=\"async\" width=\"150\" height=\"100\" class=\"wp-image-27097\" style=\"width: 150px;\" src=\"https:\/\/cemyri.es\/es\/wp-content\/uploads\/2021\/04\/logo.jpg\" alt=\"\" srcset=\"https:\/\/cemyri.es\/es\/wp-content\/uploads\/2021\/04\/logo.jpg 501w, https:\/\/cemyri.es\/es\/wp-content\/uploads\/2021\/04\/logo-300x200.jpg 300w\" sizes=\"auto, (max-width: 150px) 100vw, 150px\" \/><\/a><\/td><td><a href=\"https:\/\/cemyri.es\/es\/proyectos-realizados-en-2019-2021\/engage\/\"><strong>Using contact interventions to promote engagement and mobilisation for social change<\/strong><\/a><\/td><\/tr><tr><td class=\"has-text-align-center\" data-align=\"center\"><a href=\"https:\/\/cemyri.es\/es\/camina\/\"><img loading=\"lazy\" decoding=\"async\" width=\"150\" height=\"39\" class=\"wp-image-26954\" style=\"width: 150px;\" src=\"https:\/\/cemyri.es\/es\/wp-content\/uploads\/2020\/11\/logo_camina.jpg\" alt=\"\" srcset=\"https:\/\/cemyri.es\/es\/wp-content\/uploads\/2020\/11\/logo_camina.jpg 845w, https:\/\/cemyri.es\/es\/wp-content\/uploads\/2020\/11\/logo_camina-300x78.jpg 300w, https:\/\/cemyri.es\/es\/wp-content\/uploads\/2020\/11\/logo_camina-768x200.jpg 768w\" sizes=\"auto, (max-width: 150px) 100vw, 150px\" \/><\/a><\/td><td><strong><a href=\"https:\/\/cemyri.es\/es\/camina\/\">Community Awakening for Multicultural Integrative Narrative of Almer\u00eda<\/a><\/strong><\/td><\/tr><tr><td class=\"has-text-align-center\" data-align=\"center\"><a href=\"https:\/\/erasmus-plus.ec.europa.eu\/projects\/eplus-project-details#project\/2018-1-EL01-KA202-047813\"><img loading=\"lazy\" decoding=\"async\" width=\"100\" height=\"88\" class=\"wp-image-26564\" style=\"width: 100px;\" src=\"https:\/\/cemyri.es\/es\/wp-content\/uploads\/2019\/03\/Sin-t\u00edtulo.jpg\" alt=\"\" srcset=\"https:\/\/cemyri.es\/es\/wp-content\/uploads\/2019\/03\/Sin-t\u00edtulo.jpg 373w, https:\/\/cemyri.es\/es\/wp-content\/uploads\/2019\/03\/Sin-t\u00edtulo-300x265.jpg 300w\" sizes=\"auto, (max-width: 100px) 100vw, 100px\" \/><\/a><\/td><td><strong><a href=\"https:\/\/erasmus-plus.ec.europa.eu\/projects\/eplus-project-details#project\/2018-1-EL01-KA202-047813\"> Inter4ref: Interpreters for Refugees <\/a><\/strong><\/td><\/tr><tr><td class=\"has-text-align-center\" data-align=\"center\"><a href=\"http:\/\/portal.ucm.cl\/grimi\/redes\"><img loading=\"lazy\" decoding=\"async\" width=\"100\" height=\"52\" class=\"wp-image-26675\" style=\"width: 100px;\" src=\"https:\/\/cemyri.es\/es\/wp-content\/uploads\/2019\/05\/REDES.jpg\" alt=\"\"><\/a><\/td><td><a href=\"http:\/\/portal.ucm.cl\/grimi\/redes\"><strong>REDES<\/strong><\/a><\/td><\/tr><tr><td class=\"has-text-align-center\" data-align=\"center\"><a href=\"https:\/\/cemyri.es\/es\/proyectos-realizados-en-2019-2021\/actitudes-prejuiciosas-proceso-de-aculturacion-y-adaptacion-de-adolescentes-de-origen-inmigrante-y-autoctonos\/\"><img loading=\"lazy\" decoding=\"async\" width=\"150\" height=\"38\" class=\"wp-image-25996\" style=\"width: 150px;\" src=\"https:\/\/cemyri.es\/es\/wp-content\/uploads\/2016\/10\/proyectos-id.gif\" alt=\"\"><\/a><\/td><td> <a href=\"https:\/\/cemyri.es\/es\/proyectos-realizados-en-2019-2021\/actitudes-prejuiciosas-proceso-de-aculturacion-y-adaptacion-de-adolescentes-de-origen-inmigrante-y-autoctonos\/\"><strong>Actitudes prejuiciosas, proceso de <\/strong><br><strong>aculturaci\u00f3n y adaptaci\u00f3n de adolescentes <\/strong><br><strong>de origen inmigrante y aut\u00f3ctonos<\/strong>  <\/a><\/td><\/tr><tr><td class=\"has-text-align-center\" data-align=\"center\"><a href=\"https:\/\/cemyri.es\/es\/proyectos-realizados-en-2019-2021\/integ-re\/\"><img loading=\"lazy\" decoding=\"async\" width=\"150\" height=\"61\" class=\"wp-image-26959\" style=\"width: 150px;\" src=\"https:\/\/cemyri.es\/es\/wp-content\/uploads\/2020\/11\/INTEG-RE_LOGO.jpg\" alt=\"\" srcset=\"https:\/\/cemyri.es\/es\/wp-content\/uploads\/2020\/11\/INTEG-RE_LOGO.jpg 448w, https:\/\/cemyri.es\/es\/wp-content\/uploads\/2020\/11\/INTEG-RE_LOGO-300x123.jpg 300w\" sizes=\"auto, (max-width: 150px) 100vw, 150px\" \/><\/a><\/td><td><a href=\"https:\/\/cemyri.es\/es\/proyectos-realizados-en-2019-2021\/integ-re\/\"><strong>La integraci\u00f3n de los refugiados. <\/strong><br><strong>Un an\u00e1lisis de modelos de acogida, <\/strong><br><strong>relaciones intergrupales y proceso de aculturaci\u00f3n <\/strong><\/a><\/td><\/tr><tr><td class=\"has-text-align-center\" data-align=\"center\"><a href=\"https:\/\/cemyri.es\/es\/proyectos-realizados-en-2019-2021\/nuevas-perspectivas-de-estudio-de-la-discriminacion-femenina-en-el-ambito-laboral\/\"><img loading=\"lazy\" decoding=\"async\" width=\"150\" height=\"29\" class=\"wp-image-26817\" style=\"width: 150px;\" src=\"https:\/\/cemyri.es\/es\/wp-content\/uploads\/2020\/01\/npedfal.png\" alt=\"\" srcset=\"https:\/\/cemyri.es\/es\/wp-content\/uploads\/2020\/01\/npedfal.png 415w, https:\/\/cemyri.es\/es\/wp-content\/uploads\/2020\/01\/npedfal-300x58.png 300w\" sizes=\"auto, (max-width: 150px) 100vw, 150px\" \/><\/a><\/td><td><strong><a href=\"https:\/\/cemyri.es\/es\/proyectos-realizados-en-2019-2021\/nuevas-perspectivas-de-estudio-de-la-discriminacion-femenina-en-el-ambito-laboral\/\">Nuevas Perspectivas de estudio de la <br>discriminaci\u00f3n femenina en el \u00e1mbito laboral <\/a><\/strong><\/td><\/tr><tr><td class=\"has-text-align-center\" data-align=\"center\"><a href=\"https:\/\/cemyri.es\/es\/proyectos-realizados-en-2019-2021\/violencia-en-la-pareja-adolescente-teen-dating-violence-investigacion-transcultural-para-la-prevencion-intervencion-en-contextos-socioeducativos\/\"><img loading=\"lazy\" decoding=\"async\" width=\"100\" height=\"39\" class=\"wp-image-26818\" style=\"width: 100px;\" src=\"https:\/\/cemyri.es\/es\/wp-content\/uploads\/2020\/01\/teen.png\" alt=\"\" srcset=\"https:\/\/cemyri.es\/es\/wp-content\/uploads\/2020\/01\/teen.png 471w, https:\/\/cemyri.es\/es\/wp-content\/uploads\/2020\/01\/teen-300x118.png 300w\" sizes=\"auto, (max-width: 100px) 100vw, 100px\" \/><\/a><\/td><td><strong><a href=\"https:\/\/cemyri.es\/es\/proyectos-realizados-en-2019-2021\/violencia-en-la-pareja-adolescente-teen-dating-violence-investigacion-transcultural-para-la-prevencion-intervencion-en-contextos-socioeducativos\/\">Violencia en la pareja adolescente (Teen <br>Dating Violence). Investigaci\u00f3n  transcultural<br> para la Prevenci\u00f3n &nbsp;Intervenci\u00f3n en <br>Contextos  Socioeducativos <\/a><\/strong><\/td><\/tr><\/tbody><\/table><\/figure>\n\n\n\n<p><\/p>\n","protected":false},"excerpt":{"rendered":"<p>Using contact interventions to promote engagement and mobilisation for social change Community Awakening for Multicultural Integrative Narrative of Almer\u00eda Inter4ref: Interpreters for Refugees REDES Actitudes prejuiciosas, proceso de aculturaci\u00f3n y adaptaci\u00f3n de adolescentes de origen inmigrante y aut\u00f3ctonos La integraci\u00f3n de los refugiados. Un an\u00e1lisis de modelos de acogida, relaciones intergrupales y proceso de aculturaci\u00f3n&#8230;<\/p>\n","protected":false},"author":2,"featured_media":0,"parent":0,"menu_order":0,"comment_status":"closed","ping_status":"closed","template":"","meta":{"footnotes":""},"class_list":["post-26673","page","type-page","status-publish","hentry"],"_links":{"self":[{"href":"https:\/\/cemyri.es\/es\/wp-json\/wp\/v2\/pages\/26673","targetHints":{"allow":["GET"]}}],"collection":[{"href":"https:\/\/cemyri.es\/es\/wp-json\/wp\/v2\/pages"}],"about":[{"href":"https:\/\/cemyri.es\/es\/wp-json\/wp\/v2\/types\/page"}],"author":[{"embeddable":true,"href":"https:\/\/cemyri.es\/es\/wp-json\/wp\/v2\/users\/2"}],"replies":[{"embeddable":true,"href":"https:\/\/cemyri.es\/es\/wp-json\/wp\/v2\/comments?post=26673"}],"version-history":[{"count":45,"href":"https:\/\/cemyri.es\/es\/wp-json\/wp\/v2\/pages\/26673\/revisions"}],"predecessor-version":[{"id":27493,"href":"https:\/\/cemyri.es\/es\/wp-json\/wp\/v2\/pages\/26673\/revisions\/27493"}],"wp:attachment":[{"href":"https:\/\/cemyri.es\/es\/wp-json\/wp\/v2\/media?parent=26673"}],"curies":[{"name":"wp","href":"https:\/\/api.w.org\/{rel}","templated":true}]}}