{"id":26937,"date":"2020-09-16T10:50:00","date_gmt":"2020-09-16T10:50:00","guid":{"rendered":"https:\/\/cemyri.es\/es\/?page_id=26937"},"modified":"2024-02-26T09:53:43","modified_gmt":"2024-02-26T09:53:43","slug":"estructura-del-centro","status":"publish","type":"page","link":"https:\/\/cemyri.es\/es\/estructura-del-centro\/","title":{"rendered":"Estructura del Centro"},"content":{"rendered":"\n<figure class=\"wp-block-image size-medium is-resized\"><img loading=\"lazy\" decoding=\"async\" width=\"300\" height=\"300\" src=\"https:\/\/cemyri.es\/es\/wp-content\/uploads\/2023\/10\/LOGO-300x300.jpg\" alt=\"\" class=\"wp-image-27935\" style=\"aspect-ratio:1;width:190px;height:auto\" srcset=\"https:\/\/cemyri.es\/es\/wp-content\/uploads\/2023\/10\/LOGO-300x300.jpg 300w, https:\/\/cemyri.es\/es\/wp-content\/uploads\/2023\/10\/LOGO-150x150.jpg 150w, https:\/\/cemyri.es\/es\/wp-content\/uploads\/2023\/10\/LOGO.jpg 400w\" sizes=\"auto, (max-width: 300px) 100vw, 300px\" \/><\/figure>\n\n\n\n<p>Directora: <br><strong>Dra. \u00c1ngeles Arjona Garrido<\/strong><\/p>\n\n\n\n<p>Secretaria:<br><strong> Dra. Maria Soledad Navas Luque<\/strong><\/p>\n\n\n\n<p>Comisi\u00f3n de Direcci\u00f3n:<br><strong>Dr. Juan Sebasti\u00e1n Fern\u00e1ndez Prados<br>Dr. Luis Ortiz Jim\u00e9nez<\/strong><br><strong>Dr. Francisco Checa Olmos<\/strong><\/p>\n\n\n\n<p><\/p>\n","protected":false},"excerpt":{"rendered":"<p>Directora: Dra. \u00c1ngeles Arjona Garrido Secretaria: Dra. Maria Soledad Navas Luque Comisi\u00f3n de Direcci\u00f3n:Dr. Juan Sebasti\u00e1n Fern\u00e1ndez PradosDr. Luis Ortiz Jim\u00e9nezDr. Francisco Checa Olmos<\/p>\n","protected":false},"author":1,"featured_media":0,"parent":0,"menu_order":0,"comment_status":"closed","ping_status":"closed","template":"","meta":{"footnotes":""},"class_list":["post-26937","page","type-page","status-publish","hentry"],"_links":{"self":[{"href":"https:\/\/cemyri.es\/es\/wp-json\/wp\/v2\/pages\/26937","targetHints":{"allow":["GET"]}}],"collection":[{"href":"https:\/\/cemyri.es\/es\/wp-json\/wp\/v2\/pages"}],"about":[{"href":"https:\/\/cemyri.es\/es\/wp-json\/wp\/v2\/types\/page"}],"author":[{"embeddable":true,"href":"https:\/\/cemyri.es\/es\/wp-json\/wp\/v2\/users\/1"}],"replies":[{"embeddable":true,"href":"https:\/\/cemyri.es\/es\/wp-json\/wp\/v2\/comments?post=26937"}],"version-history":[{"count":10,"href":"https:\/\/cemyri.es\/es\/wp-json\/wp\/v2\/pages\/26937\/revisions"}],"predecessor-version":[{"id":28062,"href":"https:\/\/cemyri.es\/es\/wp-json\/wp\/v2\/pages\/26937\/revisions\/28062"}],"wp:attachment":[{"href":"https:\/\/cemyri.es\/es\/wp-json\/wp\/v2\/media?parent=26937"}],"curies":[{"name":"wp","href":"https:\/\/api.w.org\/{rel}","templated":true}]}}