{"id":26953,"date":"2020-11-24T16:06:32","date_gmt":"2020-11-24T16:06:32","guid":{"rendered":"https:\/\/cemyri.es\/es\/?page_id=26953"},"modified":"2023-10-26T08:46:06","modified_gmt":"2023-10-26T08:46:06","slug":"camina","status":"publish","type":"page","link":"https:\/\/cemyri.es\/es\/camina\/","title":{"rendered":"CAMINA"},"content":{"rendered":"\n<p class=\"has-medium-font-size\"><strong>Community Awakening for Multicultural Integrative Narrative of Almer\u00eda<\/strong><\/p>\n\n\n\n<p><strong>Financiador:<\/strong> Programa Operativo FEDER Andaluc\u00eda 2014-2020<\/p>\n\n\n\n<p><strong>Coordinadores<\/strong>: Ayuntamiento de Almer\u00eda<\/p>\n\n\n\n<p><strong>Socios<\/strong>: Junta de Andaluc\u00eda, Diputaci\u00f3n de Almer\u00eda y la Universidad de Almer\u00eda a trav\u00e9s del Centro de Estudios de las Migraciones y las Relaciones Interculturales, la Fundaci\u00f3n de Arte Ib\u00e1\u00f1ez Cosentino, la Escuela Municipal de M\u00fasica y Artes, Kuver Producciones Audiovisuales, la empresa de ingenier\u00eda Eptisa y la consultora Khora Urban Thinkers.<\/p>\n\n\n\n<p><strong>Nombre IP UAL:<\/strong> Marisol Navas Luque y Pablo Pumares Fern\u00e1ndez<\/p>\n\n\n\n<p><strong>A\u00f1o inicio: <\/strong>2020<\/p>\n\n\n\n<p><strong>A\u00f1o fin: <\/strong>2023<\/p>\n\n\n\n<figure class=\"wp-block-embed is-type-video is-provider-youtube wp-block-embed-youtube wp-embed-aspect-16-9 wp-has-aspect-ratio\"><div class=\"wp-block-embed__wrapper\">\n<iframe loading=\"lazy\" title=\"PROYECTO CAMINA\" width=\"640\" height=\"360\" src=\"https:\/\/www.youtube.com\/embed\/xCEXOPIhr-s?feature=oembed\" frameborder=\"0\" allow=\"accelerometer; autoplay; clipboard-write; encrypted-media; gyroscope; picture-in-picture; web-share\" referrerpolicy=\"strict-origin-when-cross-origin\" allowfullscreen><\/iframe>\n<\/div><\/figure>\n\n\n\n<p><\/p>\n","protected":false},"excerpt":{"rendered":"<p>Community Awakening for Multicultural Integrative Narrative of Almer\u00eda Financiador: Programa Operativo FEDER Andaluc\u00eda 2014-2020 Coordinadores: Ayuntamiento de Almer\u00eda Socios: Junta de Andaluc\u00eda, Diputaci\u00f3n de Almer\u00eda y la Universidad de Almer\u00eda a trav\u00e9s del Centro de Estudios de las Migraciones y las Relaciones Interculturales, la Fundaci\u00f3n de Arte Ib\u00e1\u00f1ez Cosentino, la Escuela Municipal de M\u00fasica y&#8230;<\/p>\n","protected":false},"author":2,"featured_media":27993,"parent":0,"menu_order":0,"comment_status":"closed","ping_status":"closed","template":"","meta":{"footnotes":""},"class_list":["post-26953","page","type-page","status-publish","has-post-thumbnail","hentry"],"_links":{"self":[{"href":"https:\/\/cemyri.es\/es\/wp-json\/wp\/v2\/pages\/26953","targetHints":{"allow":["GET"]}}],"collection":[{"href":"https:\/\/cemyri.es\/es\/wp-json\/wp\/v2\/pages"}],"about":[{"href":"https:\/\/cemyri.es\/es\/wp-json\/wp\/v2\/types\/page"}],"author":[{"embeddable":true,"href":"https:\/\/cemyri.es\/es\/wp-json\/wp\/v2\/users\/2"}],"replies":[{"embeddable":true,"href":"https:\/\/cemyri.es\/es\/wp-json\/wp\/v2\/comments?post=26953"}],"version-history":[{"count":4,"href":"https:\/\/cemyri.es\/es\/wp-json\/wp\/v2\/pages\/26953\/revisions"}],"predecessor-version":[{"id":27994,"href":"https:\/\/cemyri.es\/es\/wp-json\/wp\/v2\/pages\/26953\/revisions\/27994"}],"wp:featuredmedia":[{"embeddable":true,"href":"https:\/\/cemyri.es\/es\/wp-json\/wp\/v2\/media\/27993"}],"wp:attachment":[{"href":"https:\/\/cemyri.es\/es\/wp-json\/wp\/v2\/media?parent=26953"}],"curies":[{"name":"wp","href":"https:\/\/api.w.org\/{rel}","templated":true}]}}