{"id":26961,"date":"2020-11-24T16:20:01","date_gmt":"2020-11-24T16:20:01","guid":{"rendered":"https:\/\/cemyri.es\/es\/?page_id=26961"},"modified":"2023-10-26T08:43:09","modified_gmt":"2023-10-26T08:43:09","slug":"integ-re","status":"publish","type":"page","link":"https:\/\/cemyri.es\/es\/integ-re\/","title":{"rendered":"INTEG-RE"},"content":{"rendered":"\n<p class=\"has-medium-font-size\"><strong>La integraci\u00f3n de los refugiados. Un an\u00e1lisis de modelos de acogida, relaciones intergrupales y proceso de aculturaci\u00f3n<\/strong><\/p>\n\n\n\n<p><strong>Acr\u00f3nimo<\/strong>: INTEG-RE<\/p>\n\n\n\n<p><strong>Financiador: <\/strong>Programa Operativo FEDER Andaluc\u00eda 2014-2020 con la colaboraci\u00f3n econ\u00f3mica del Fondo Europeo de Desarrollo Regional (FEDER) y de la Consejer\u00eda de Econom\u00eda, Conocimiento, Empresas y Universidad de la Junta de Andaluc\u00eda.<\/p>\n\n\n\n<p><strong>Nombre IP<\/strong>: Pablo Pumares Fern\u00e1ndez<\/p>\n\n\n\n<p><strong>Fecha inicio<\/strong>: 2019<\/p>\n\n\n\n<p><strong>Fecha fin<\/strong>: 30 Septiembre 2022<\/p>\n\n\n\n<figure class=\"wp-block-image size-large is-resized\"><img loading=\"lazy\" decoding=\"async\" width=\"1024\" height=\"225\" src=\"https:\/\/cemyri.es\/es\/wp-content\/uploads\/2022\/12\/logos-1-1024x225.jpg\" alt=\"\" class=\"wp-image-27593\" style=\"width:512px;height:113px\" srcset=\"https:\/\/cemyri.es\/es\/wp-content\/uploads\/2022\/12\/logos-1-1024x225.jpg 1024w, https:\/\/cemyri.es\/es\/wp-content\/uploads\/2022\/12\/logos-1-300x66.jpg 300w, https:\/\/cemyri.es\/es\/wp-content\/uploads\/2022\/12\/logos-1-768x169.jpg 768w, https:\/\/cemyri.es\/es\/wp-content\/uploads\/2022\/12\/logos-1-1536x337.jpg 1536w, https:\/\/cemyri.es\/es\/wp-content\/uploads\/2022\/12\/logos-1.jpg 1594w\" sizes=\"auto, (max-width: 1024px) 100vw, 1024px\" \/><\/figure>\n","protected":false},"excerpt":{"rendered":"<p>La integraci\u00f3n de los refugiados. Un an\u00e1lisis de modelos de acogida, relaciones intergrupales y proceso de aculturaci\u00f3n Acr\u00f3nimo: INTEG-RE Financiador: Programa Operativo FEDER Andaluc\u00eda 2014-2020 con la colaboraci\u00f3n econ\u00f3mica del Fondo Europeo de Desarrollo Regional (FEDER) y de la Consejer\u00eda de Econom\u00eda, Conocimiento, Empresas y Universidad de la Junta de Andaluc\u00eda. Nombre IP: Pablo Pumares&#8230;<\/p>\n","protected":false},"author":2,"featured_media":27988,"parent":0,"menu_order":0,"comment_status":"closed","ping_status":"closed","template":"","meta":{"footnotes":""},"class_list":["post-26961","page","type-page","status-publish","has-post-thumbnail","hentry"],"_links":{"self":[{"href":"https:\/\/cemyri.es\/es\/wp-json\/wp\/v2\/pages\/26961","targetHints":{"allow":["GET"]}}],"collection":[{"href":"https:\/\/cemyri.es\/es\/wp-json\/wp\/v2\/pages"}],"about":[{"href":"https:\/\/cemyri.es\/es\/wp-json\/wp\/v2\/types\/page"}],"author":[{"embeddable":true,"href":"https:\/\/cemyri.es\/es\/wp-json\/wp\/v2\/users\/2"}],"replies":[{"embeddable":true,"href":"https:\/\/cemyri.es\/es\/wp-json\/wp\/v2\/comments?post=26961"}],"version-history":[{"count":5,"href":"https:\/\/cemyri.es\/es\/wp-json\/wp\/v2\/pages\/26961\/revisions"}],"predecessor-version":[{"id":27990,"href":"https:\/\/cemyri.es\/es\/wp-json\/wp\/v2\/pages\/26961\/revisions\/27990"}],"wp:featuredmedia":[{"embeddable":true,"href":"https:\/\/cemyri.es\/es\/wp-json\/wp\/v2\/media\/27988"}],"wp:attachment":[{"href":"https:\/\/cemyri.es\/es\/wp-json\/wp\/v2\/media?parent=26961"}],"curies":[{"name":"wp","href":"https:\/\/api.w.org\/{rel}","templated":true}]}}