{"id":26967,"date":"2020-11-24T16:28:31","date_gmt":"2020-11-24T16:28:31","guid":{"rendered":"https:\/\/cemyri.es\/es\/?page_id=26967"},"modified":"2023-10-26T08:49:00","modified_gmt":"2023-10-26T08:49:00","slug":"actitudes-prejuiciosas-proceso-de-aculturacion-y-adaptacion-de-adolescentes-de-origen-inmigrante-y-autoctonos","status":"publish","type":"page","link":"https:\/\/cemyri.es\/es\/actitudes-prejuiciosas-proceso-de-aculturacion-y-adaptacion-de-adolescentes-de-origen-inmigrante-y-autoctonos\/","title":{"rendered":"Actitudes prejuiciosas, proceso de aculturaci\u00f3n y adaptaci\u00f3n de adolescentes de origen inmigrante y aut\u00f3ctonos"},"content":{"rendered":"\n<p><strong>C\u00f3digo:<\/strong> Referencia N\u00ba PSI2016-80123-P<\/p>\n\n\n\n<p><strong>T\u00edtulo: <\/strong>\u201c<em>Actitudes prejuiciosas, proceso de aculturaci\u00f3n y adaptaci\u00f3n de adolescentes de origen inmigrante y aut\u00f3ctonos\u201d.<\/em><\/p>\n\n\n\n<p><strong>Financiador: <\/strong>Programa Estatal de Fomento de la Investigaci\u00f3n Cient\u00edfica y T\u00e9cnica de Excelencia I+D+I (2016).<\/p>\n\n\n\n<p><strong>Nombre IP: <\/strong>Marisol Navas Luque<\/p>\n\n\n\n<p><strong>A\u00f1o inicio:<\/strong> 2017 <strong>A\u00f1o fin:<\/strong> 2019.<\/p>\n\n\n\n<p><strong>M\u00e1s informaci\u00f3n:<\/strong><\/p>\n\n\n<div class=\"wp-block-image\">\n<figure class=\"alignleft\"><a href=\"https:\/\/cemyri.es\/es\/wp-content\/uploads\/2018\/01\/Sin-t\u00edtulo.png\"><img loading=\"lazy\" decoding=\"async\" width=\"108\" height=\"41\" src=\"https:\/\/cemyri.es\/es\/wp-content\/uploads\/2018\/01\/Sin-t\u00edtulo.png\" alt=\"\" class=\"wp-image-26906\"\/><\/a><\/figure>\n<\/div>\n\n\n<p><\/p>\n\n\n\n<figure class=\"wp-block-embed is-type-video is-provider-youtube wp-block-embed-youtube wp-embed-aspect-16-9 wp-has-aspect-ratio\"><div class=\"wp-block-embed__wrapper\">\n<iframe loading=\"lazy\" title=\"Objetivos del proyecto\" width=\"640\" height=\"360\" src=\"https:\/\/www.youtube.com\/embed\/Hgoybiug7fo?feature=oembed\" frameborder=\"0\" allow=\"accelerometer; autoplay; clipboard-write; encrypted-media; gyroscope; picture-in-picture; web-share\" referrerpolicy=\"strict-origin-when-cross-origin\" allowfullscreen><\/iframe>\n<\/div><figcaption class=\"wp-element-caption\">Objetivos del Proyecto<br><\/figcaption><\/figure>\n\n\n\n<figure class=\"wp-block-embed is-type-video is-provider-youtube wp-block-embed-youtube wp-embed-aspect-16-9 wp-has-aspect-ratio\"><div class=\"wp-block-embed__wrapper\">\n<iframe loading=\"lazy\" title=\"Metodolog\u00eda\" width=\"640\" height=\"360\" src=\"https:\/\/www.youtube.com\/embed\/yGYgLF_vizw?feature=oembed\" frameborder=\"0\" allow=\"accelerometer; autoplay; clipboard-write; encrypted-media; gyroscope; picture-in-picture; web-share\" referrerpolicy=\"strict-origin-when-cross-origin\" allowfullscreen><\/iframe>\n<\/div><figcaption class=\"wp-element-caption\">Metodolog\u00eda Implementada<\/figcaption><\/figure>\n\n\n\n<figure class=\"wp-block-embed is-type-video is-provider-youtube wp-block-embed-youtube wp-embed-aspect-16-9 wp-has-aspect-ratio\"><div class=\"wp-block-embed__wrapper\">\n<iframe loading=\"lazy\" title=\"Situaci\u00f3n Actual del Proyecto\" width=\"640\" height=\"360\" src=\"https:\/\/www.youtube.com\/embed\/7nHjleOaCPM?feature=oembed\" frameborder=\"0\" allow=\"accelerometer; autoplay; clipboard-write; encrypted-media; gyroscope; picture-in-picture; web-share\" referrerpolicy=\"strict-origin-when-cross-origin\" allowfullscreen><\/iframe>\n<\/div><figcaption class=\"wp-element-caption\">Situaci\u00f3n actual del proyecto<\/figcaption><\/figure>\n","protected":false},"excerpt":{"rendered":"<p>C\u00f3digo: Referencia N\u00ba PSI2016-80123-P T\u00edtulo: \u201cActitudes prejuiciosas, proceso de aculturaci\u00f3n y adaptaci\u00f3n de adolescentes de origen inmigrante y aut\u00f3ctonos\u201d. Financiador: Programa Estatal de Fomento de la Investigaci\u00f3n Cient\u00edfica y T\u00e9cnica de Excelencia I+D+I (2016). Nombre IP: Marisol Navas Luque A\u00f1o inicio: 2017 A\u00f1o fin: 2019. M\u00e1s informaci\u00f3n:<\/p>\n","protected":false},"author":2,"featured_media":27995,"parent":0,"menu_order":0,"comment_status":"closed","ping_status":"closed","template":"","meta":{"footnotes":""},"class_list":["post-26967","page","type-page","status-publish","has-post-thumbnail","hentry"],"_links":{"self":[{"href":"https:\/\/cemyri.es\/es\/wp-json\/wp\/v2\/pages\/26967","targetHints":{"allow":["GET"]}}],"collection":[{"href":"https:\/\/cemyri.es\/es\/wp-json\/wp\/v2\/pages"}],"about":[{"href":"https:\/\/cemyri.es\/es\/wp-json\/wp\/v2\/types\/page"}],"author":[{"embeddable":true,"href":"https:\/\/cemyri.es\/es\/wp-json\/wp\/v2\/users\/2"}],"replies":[{"embeddable":true,"href":"https:\/\/cemyri.es\/es\/wp-json\/wp\/v2\/comments?post=26967"}],"version-history":[{"count":4,"href":"https:\/\/cemyri.es\/es\/wp-json\/wp\/v2\/pages\/26967\/revisions"}],"predecessor-version":[{"id":27996,"href":"https:\/\/cemyri.es\/es\/wp-json\/wp\/v2\/pages\/26967\/revisions\/27996"}],"wp:featuredmedia":[{"embeddable":true,"href":"https:\/\/cemyri.es\/es\/wp-json\/wp\/v2\/media\/27995"}],"wp:attachment":[{"href":"https:\/\/cemyri.es\/es\/wp-json\/wp\/v2\/media?parent=26967"}],"curies":[{"name":"wp","href":"https:\/\/api.w.org\/{rel}","templated":true}]}}