{"id":26969,"date":"2020-11-24T16:30:43","date_gmt":"2020-11-24T16:30:43","guid":{"rendered":"https:\/\/cemyri.es\/es\/?page_id=26969"},"modified":"2023-10-26T08:44:55","modified_gmt":"2023-10-26T08:44:55","slug":"nuevas-perspectivas-de-estudio-de-la-discriminacion-femenina-en-el-ambito-laboral","status":"publish","type":"page","link":"https:\/\/cemyri.es\/es\/nuevas-perspectivas-de-estudio-de-la-discriminacion-femenina-en-el-ambito-laboral\/","title":{"rendered":"Nuevas Perspectivas de estudio de la discriminaci\u00f3n femenina en el \u00e1mbito laboral"},"content":{"rendered":"\n<p><strong>Acr\u00f3nimo<\/strong>: NPED-FAL<\/p>\n\n\n\n<p><strong>Financiador<\/strong>: Programa Operativo FEDER Andaluc\u00eda 2014-2020<\/p>\n\n\n\n<p><strong>Nombre IP<\/strong>: Maria Isabel Cuadrado Guirado<\/p>\n\n\n\n<p><strong>A\u00f1o inicio<\/strong>: 2019 <\/p>\n\n\n\n<p><strong>A\u00f1o fin<\/strong>: 2021.<br><\/p>\n","protected":false},"excerpt":{"rendered":"<p>Acr\u00f3nimo: NPED-FAL Financiador: Programa Operativo FEDER Andaluc\u00eda 2014-2020 Nombre IP: Maria Isabel Cuadrado Guirado A\u00f1o inicio: 2019 A\u00f1o fin: 2021.<\/p>\n","protected":false},"author":2,"featured_media":27991,"parent":0,"menu_order":0,"comment_status":"closed","ping_status":"closed","template":"","meta":{"footnotes":""},"class_list":["post-26969","page","type-page","status-publish","has-post-thumbnail","hentry"],"_links":{"self":[{"href":"https:\/\/cemyri.es\/es\/wp-json\/wp\/v2\/pages\/26969","targetHints":{"allow":["GET"]}}],"collection":[{"href":"https:\/\/cemyri.es\/es\/wp-json\/wp\/v2\/pages"}],"about":[{"href":"https:\/\/cemyri.es\/es\/wp-json\/wp\/v2\/types\/page"}],"author":[{"embeddable":true,"href":"https:\/\/cemyri.es\/es\/wp-json\/wp\/v2\/users\/2"}],"replies":[{"embeddable":true,"href":"https:\/\/cemyri.es\/es\/wp-json\/wp\/v2\/comments?post=26969"}],"version-history":[{"count":3,"href":"https:\/\/cemyri.es\/es\/wp-json\/wp\/v2\/pages\/26969\/revisions"}],"predecessor-version":[{"id":27992,"href":"https:\/\/cemyri.es\/es\/wp-json\/wp\/v2\/pages\/26969\/revisions\/27992"}],"wp:featuredmedia":[{"embeddable":true,"href":"https:\/\/cemyri.es\/es\/wp-json\/wp\/v2\/media\/27991"}],"wp:attachment":[{"href":"https:\/\/cemyri.es\/es\/wp-json\/wp\/v2\/media?parent=26969"}],"curies":[{"name":"wp","href":"https:\/\/api.w.org\/{rel}","templated":true}]}}