{"id":26972,"date":"2020-11-24T16:31:54","date_gmt":"2020-11-24T16:31:54","guid":{"rendered":"https:\/\/cemyri.es\/es\/?page_id=26972"},"modified":"2023-10-26T08:50:32","modified_gmt":"2023-10-26T08:50:32","slug":"violencia-en-la-pareja-adolescente-teen-dating-violence-investigacion-transcultural-para-la-prevencion-intervencion-en-contextos-socioeducativos","status":"publish","type":"page","link":"https:\/\/cemyri.es\/es\/violencia-en-la-pareja-adolescente-teen-dating-violence-investigacion-transcultural-para-la-prevencion-intervencion-en-contextos-socioeducativos\/","title":{"rendered":"Violencia en la pareja adolescente (Teen Dating Violence). Investigaci\u00f3n transcultural para la Prevenci\u00f3n  Intervenci\u00f3n en Contextos Socioeducativos"},"content":{"rendered":"\n<p> <strong>Referencia<\/strong>: RTI2018-101668-B-I00<\/p>\n\n\n\n<p><strong>Financiador<\/strong>: Programa Estatal de I+D+i Orientada a los Retos de la Sociedad<\/p>\n\n\n\n<p><strong>Nombre IP<\/strong>: Encarnaci\u00f3n Soriano Ayala<\/p>\n\n\n\n<p><strong>A\u00f1o inicio<\/strong>: 2019 <\/p>\n\n\n\n<p><strong>A\u00f1o fin<\/strong>: 2022. <\/p>\n","protected":false},"excerpt":{"rendered":"<p>Referencia: RTI2018-101668-B-I00 Financiador: Programa Estatal de I+D+i Orientada a los Retos de la Sociedad Nombre IP: Encarnaci\u00f3n Soriano Ayala A\u00f1o inicio: 2019 A\u00f1o fin: 2022.<\/p>\n","protected":false},"author":2,"featured_media":27997,"parent":0,"menu_order":0,"comment_status":"closed","ping_status":"closed","template":"","meta":{"footnotes":""},"class_list":["post-26972","page","type-page","status-publish","has-post-thumbnail","hentry"],"_links":{"self":[{"href":"https:\/\/cemyri.es\/es\/wp-json\/wp\/v2\/pages\/26972","targetHints":{"allow":["GET"]}}],"collection":[{"href":"https:\/\/cemyri.es\/es\/wp-json\/wp\/v2\/pages"}],"about":[{"href":"https:\/\/cemyri.es\/es\/wp-json\/wp\/v2\/types\/page"}],"author":[{"embeddable":true,"href":"https:\/\/cemyri.es\/es\/wp-json\/wp\/v2\/users\/2"}],"replies":[{"embeddable":true,"href":"https:\/\/cemyri.es\/es\/wp-json\/wp\/v2\/comments?post=26972"}],"version-history":[{"count":3,"href":"https:\/\/cemyri.es\/es\/wp-json\/wp\/v2\/pages\/26972\/revisions"}],"predecessor-version":[{"id":27998,"href":"https:\/\/cemyri.es\/es\/wp-json\/wp\/v2\/pages\/26972\/revisions\/27998"}],"wp:featuredmedia":[{"embeddable":true,"href":"https:\/\/cemyri.es\/es\/wp-json\/wp\/v2\/media\/27997"}],"wp:attachment":[{"href":"https:\/\/cemyri.es\/es\/wp-json\/wp\/v2\/media?parent=26972"}],"curies":[{"name":"wp","href":"https:\/\/api.w.org\/{rel}","templated":true}]}}