{"id":27127,"date":"2021-05-13T15:07:54","date_gmt":"2021-05-13T15:07:54","guid":{"rendered":"https:\/\/cemyri.es\/es\/?page_id=27127"},"modified":"2023-07-25T18:19:01","modified_gmt":"2023-07-25T18:19:01","slug":"gloria-calabresi","status":"publish","type":"page","link":"https:\/\/cemyri.es\/es\/doctores-colaboradores\/gloria-calabresi\/","title":{"rendered":"Gloria Calabresi"},"content":{"rendered":"\n<p><strong>Status:<\/strong>&nbsp;Doctora colaboradora<\/p>\n\n\n\n<p><strong>Departamento:<\/strong>&nbsp;Geograf\u00eda, Historia y Humanidades<\/p>\n\n\n\n<p><strong>\u00c1rea<\/strong>:&nbsp;Sociolog\u00eda<\/p>\n\n\n\n<p><strong>Universidad:<\/strong> Universidad de&nbsp;Almer\u00eda<\/p>\n\n\n\n<p><strong>Linea(s) de investigaci\u00f3n:<\/strong>&nbsp;diversidad cultural, etnicidad, movimientos sociales, racismo, institucional, reivindicaciones identitarias y religiosidad, educaci\u00f3n intercultural<\/p>\n\n\n\n<p><strong>Grupo de investigaci\u00f3n:<\/strong>&nbsp;SEJ-419<\/p>\n\n\n\n<p><strong>Correo electr\u00f3nico:<\/strong> <a href=\"mailto:igloria@ual.es\">igloria@ual.es<\/a><\/p>\n\n\n\n<p class=\"has-cyan-bluish-gray-background-color has-background\"><strong>Research Gate<\/strong> <a href=\"https:\/\/www.researchgate.net\/profile\/Gloria-Calabresi\">https:\/\/www.researchgate.net\/profile\/Gloria-Calabresi<\/a><\/p>\n\n\n\n<p class=\"has-cyan-bluish-gray-background-color has-background\"><strong>Orcid Id<\/strong> <a href=\"https:\/\/orcid.org\/0000-0003-2517-4114\">https:\/\/orcid.org\/0000-0003-2517-4114<\/a><\/p>\n\n\n\n<p class=\"has-cyan-bluish-gray-background-color has-background\"><strong>Academia<\/strong> <a href=\"https:\/\/ual-es.academia.edu\/GloriaCalabresi\">https:\/\/ual-es.academia.edu\/GloriaCalabresi<\/a><\/p>\n\n\n\n<p class=\"has-cyan-bluish-gray-background-color has-background\"><strong>Google Scholar<\/strong> <a href=\"https:\/\/scholar.google.es\/citations?user=VOJle74AAAAJ&amp;hl=es&amp;oi=ao\">https:\/\/scholar.google.es\/citations?user=VOJle74AAAAJ&amp;hl=es&amp;oi=ao<\/a><\/p>\n","protected":false},"excerpt":{"rendered":"<p>Status:&nbsp;Doctora colaboradora Departamento:&nbsp;Geograf\u00eda, Historia y Humanidades \u00c1rea:&nbsp;Sociolog\u00eda Universidad: Universidad de&nbsp;Almer\u00eda Linea(s) de investigaci\u00f3n:&nbsp;diversidad cultural, etnicidad, movimientos sociales, racismo, institucional, reivindicaciones identitarias y religiosidad, educaci\u00f3n intercultural Grupo de investigaci\u00f3n:&nbsp;SEJ-419 Correo electr\u00f3nico: igloria@ual.es Research Gate https:\/\/www.researchgate.net\/profile\/Gloria-Calabresi Orcid Id https:\/\/orcid.org\/0000-0003-2517-4114 Academia https:\/\/ual-es.academia.edu\/GloriaCalabresi Google Scholar https:\/\/scholar.google.es\/citations?user=VOJle74AAAAJ&amp;hl=es&amp;oi=ao<\/p>\n","protected":false},"author":2,"featured_media":27128,"parent":34,"menu_order":0,"comment_status":"closed","ping_status":"closed","template":"","meta":{"footnotes":""},"class_list":["post-27127","page","type-page","status-publish","has-post-thumbnail","hentry"],"_links":{"self":[{"href":"https:\/\/cemyri.es\/es\/wp-json\/wp\/v2\/pages\/27127","targetHints":{"allow":["GET"]}}],"collection":[{"href":"https:\/\/cemyri.es\/es\/wp-json\/wp\/v2\/pages"}],"about":[{"href":"https:\/\/cemyri.es\/es\/wp-json\/wp\/v2\/types\/page"}],"author":[{"embeddable":true,"href":"https:\/\/cemyri.es\/es\/wp-json\/wp\/v2\/users\/2"}],"replies":[{"embeddable":true,"href":"https:\/\/cemyri.es\/es\/wp-json\/wp\/v2\/comments?post=27127"}],"version-history":[{"count":4,"href":"https:\/\/cemyri.es\/es\/wp-json\/wp\/v2\/pages\/27127\/revisions"}],"predecessor-version":[{"id":27787,"href":"https:\/\/cemyri.es\/es\/wp-json\/wp\/v2\/pages\/27127\/revisions\/27787"}],"up":[{"embeddable":true,"href":"https:\/\/cemyri.es\/es\/wp-json\/wp\/v2\/pages\/34"}],"wp:featuredmedia":[{"embeddable":true,"href":"https:\/\/cemyri.es\/es\/wp-json\/wp\/v2\/media\/27128"}],"wp:attachment":[{"href":"https:\/\/cemyri.es\/es\/wp-json\/wp\/v2\/media?parent=27127"}],"curies":[{"name":"wp","href":"https:\/\/api.w.org\/{rel}","templated":true}]}}