{"id":27159,"date":"2021-06-14T08:44:52","date_gmt":"2021-06-14T08:44:52","guid":{"rendered":"https:\/\/cemyri.es\/es\/?page_id=27159"},"modified":"2021-06-14T09:28:24","modified_gmt":"2021-06-14T09:28:24","slug":"patricia-jimena-rivero","status":"publish","type":"page","link":"https:\/\/cemyri.es\/es\/investigadores-visitantes\/patricia-jimena-rivero\/","title":{"rendered":"PATRICIA JIMENA RIVERO"},"content":{"rendered":"<p><strong>Instituci\u00f3n<\/strong>: Consejo Nacional de Investigaciones Cient\u00edficas y T\u00e9cnicas (CONICET) y Universidad Nacional de C\u00f3rdoba (UNC)<\/p>\n<p><strong>L\u00edneas de investigaci\u00f3n<\/strong>: migraciones y movilidades argentinas; migraciones cualificadas; movilidad acad\u00e9mica y cient\u00edfica; migraci\u00f3n de retorno.<\/p>\n<p><strong>Grupo de investigaci\u00f3n<\/strong>: Conocimiento, Tecnolog\u00eda, Innovaci\u00f3n y Sociedad (CTIS) del Centro de Investigaciones y Estudios sobre Cultura y Sociedad (CIECS) dependiente de CONICET y UNC.<\/p>\n<p><strong>Estatus:<\/strong> Investigadora posdoctoral<\/p>\n<p><strong data-rich-text-format-boundary=\"true\">Per\u00edodo de estancia en el CEMyRI: <\/strong>Del 17\/05\/2021 al 22\/06\/2021<\/p>\n<p><strong> Correo Electr\u00f3nico: <\/strong><a href=\"mailto:patriciaj.rivero@gmail.com\">patriciaj.rivero@gmail.com<\/a><\/p>\n\n\n<p><a href=\"https:\/\/www.conicet.gov.ar\/new_scp\/detalle.php?id=46137&amp;datos_academicos=yes\">Curriculum Vitae<\/a><\/p>\n","protected":false},"excerpt":{"rendered":"<p>Instituci\u00f3n: Consejo Nacional de Investigaciones Cient\u00edficas y T\u00e9cnicas (CONICET) y Universidad Nacional de C\u00f3rdoba (UNC) L\u00edneas de investigaci\u00f3n: migraciones y movilidades argentinas; migraciones cualificadas; movilidad acad\u00e9mica y cient\u00edfica; migraci\u00f3n de retorno. Grupo de investigaci\u00f3n: Conocimiento, Tecnolog\u00eda, Innovaci\u00f3n y Sociedad (CTIS) del Centro de Investigaciones y Estudios sobre Cultura y Sociedad (CIECS) dependiente de CONICET y&#8230;<\/p>\n","protected":false},"author":2,"featured_media":0,"parent":24423,"menu_order":0,"comment_status":"closed","ping_status":"closed","template":"","meta":{"footnotes":""},"class_list":["post-27159","page","type-page","status-publish","hentry"],"_links":{"self":[{"href":"https:\/\/cemyri.es\/es\/wp-json\/wp\/v2\/pages\/27159","targetHints":{"allow":["GET"]}}],"collection":[{"href":"https:\/\/cemyri.es\/es\/wp-json\/wp\/v2\/pages"}],"about":[{"href":"https:\/\/cemyri.es\/es\/wp-json\/wp\/v2\/types\/page"}],"author":[{"embeddable":true,"href":"https:\/\/cemyri.es\/es\/wp-json\/wp\/v2\/users\/2"}],"replies":[{"embeddable":true,"href":"https:\/\/cemyri.es\/es\/wp-json\/wp\/v2\/comments?post=27159"}],"version-history":[{"count":2,"href":"https:\/\/cemyri.es\/es\/wp-json\/wp\/v2\/pages\/27159\/revisions"}],"predecessor-version":[{"id":27183,"href":"https:\/\/cemyri.es\/es\/wp-json\/wp\/v2\/pages\/27159\/revisions\/27183"}],"up":[{"embeddable":true,"href":"https:\/\/cemyri.es\/es\/wp-json\/wp\/v2\/pages\/24423"}],"wp:attachment":[{"href":"https:\/\/cemyri.es\/es\/wp-json\/wp\/v2\/media?parent=27159"}],"curies":[{"name":"wp","href":"https:\/\/api.w.org\/{rel}","templated":true}]}}