{"id":27161,"date":"2021-06-14T08:45:38","date_gmt":"2021-06-14T08:45:38","guid":{"rendered":"https:\/\/cemyri.es\/es\/?page_id=27161"},"modified":"2023-07-25T18:31:13","modified_gmt":"2023-07-25T18:31:13","slug":"violette-vancoillie","status":"publish","type":"page","link":"https:\/\/cemyri.es\/es\/investigadores-visitantes\/violette-vancoillie\/","title":{"rendered":"VIOLETTE VANCOILLIE"},"content":{"rendered":"<p><strong data-rich-text-format-boundary=\"true\">Universidad:<\/strong>\u00a0Universit\u00e9 Rennes 2<\/p>\n<p><strong data-rich-text-format-boundary=\"true\">L\u00edneas de Investigaci\u00f3n:<\/strong> Inclusi\u00f3n de los inmigrantes; cultura<\/p>\n<p><strong data-rich-text-format-boundary=\"true\">Estatus:<\/strong>\u00a0Investigadora visitante<\/p>\n<p><strong data-rich-text-format-boundary=\"true\">Grupo de Investigaci\u00f3n:<\/strong> CEMyRI<\/p>\n<p><strong data-rich-text-format-boundary=\"true\">Per\u00edodo\u00a0de estancia en el CEMyRI:\u00a0<\/strong>Del 01\/03\/2021 al 31\/08\/2021<\/p>\n<p><strong> Correo Electr\u00f3nico:\u00a0<\/strong><a href=\"mailto:violette.vancoillie5@gmail.com\">violette.vancoillie5@gmail.com<\/a><\/p>\n<p><a href=\"https:\/\/cemyri.es\/es\/wp-content\/uploads\/2021\/06\/CV_2021-06-09_Violette_Vancoillie.pdf\"><strong>Curr\u00edculum Vitae<\/strong><\/a><\/p>\n","protected":false},"excerpt":{"rendered":"<p>Universidad:\u00a0Universit\u00e9 Rennes 2 L\u00edneas de Investigaci\u00f3n: Inclusi\u00f3n de los inmigrantes; cultura Estatus:\u00a0Investigadora visitante Grupo de Investigaci\u00f3n: CEMyRI Per\u00edodo\u00a0de estancia en el CEMyRI:\u00a0Del 01\/03\/2021 al 31\/08\/2021 Correo Electr\u00f3nico:\u00a0violette.vancoillie5@gmail.com Curr\u00edculum Vitae<\/p>\n","protected":false},"author":2,"featured_media":27152,"parent":24423,"menu_order":0,"comment_status":"closed","ping_status":"closed","template":"","meta":{"footnotes":""},"class_list":["post-27161","page","type-page","status-publish","has-post-thumbnail","hentry"],"_links":{"self":[{"href":"https:\/\/cemyri.es\/es\/wp-json\/wp\/v2\/pages\/27161","targetHints":{"allow":["GET"]}}],"collection":[{"href":"https:\/\/cemyri.es\/es\/wp-json\/wp\/v2\/pages"}],"about":[{"href":"https:\/\/cemyri.es\/es\/wp-json\/wp\/v2\/types\/page"}],"author":[{"embeddable":true,"href":"https:\/\/cemyri.es\/es\/wp-json\/wp\/v2\/users\/2"}],"replies":[{"embeddable":true,"href":"https:\/\/cemyri.es\/es\/wp-json\/wp\/v2\/comments?post=27161"}],"version-history":[{"count":2,"href":"https:\/\/cemyri.es\/es\/wp-json\/wp\/v2\/pages\/27161\/revisions"}],"predecessor-version":[{"id":27828,"href":"https:\/\/cemyri.es\/es\/wp-json\/wp\/v2\/pages\/27161\/revisions\/27828"}],"up":[{"embeddable":true,"href":"https:\/\/cemyri.es\/es\/wp-json\/wp\/v2\/pages\/24423"}],"wp:featuredmedia":[{"embeddable":true,"href":"https:\/\/cemyri.es\/es\/wp-json\/wp\/v2\/media\/27152"}],"wp:attachment":[{"href":"https:\/\/cemyri.es\/es\/wp-json\/wp\/v2\/media?parent=27161"}],"curies":[{"name":"wp","href":"https:\/\/api.w.org\/{rel}","templated":true}]}}