{"id":27164,"date":"2021-06-14T08:48:31","date_gmt":"2021-06-14T08:48:31","guid":{"rendered":"https:\/\/cemyri.es\/es\/?page_id=27164"},"modified":"2023-07-25T18:28:53","modified_gmt":"2023-07-25T18:28:53","slug":"giuseppe-beluschi-fabeni","status":"publish","type":"page","link":"https:\/\/cemyri.es\/es\/investigadores-visitantes\/giuseppe-beluschi-fabeni\/","title":{"rendered":"Giuseppe Beluschi Fabeni"},"content":{"rendered":"<p style=\"text-align: right;\">\n<p style=\"font-weight: 400;\"><strong>Doctorado:<\/strong>\u00a0Roma Korturare entre Transilvania y Andaluc\u00eda: procesos migratorios y reproducci\u00f3n cultural.<\/p>\n<p style=\"font-weight: 400;\"><strong>Universidad:<\/strong> Universidad de Granada.<\/p>\n<p style=\"font-weight: 400;\"><strong>L\u00edneas de Investigaci\u00f3n:<\/strong>\u00a0Migraciones internacionales, reproducci\u00f3n y cambio sociocultural; vivienda, transnacionalismo y migraci\u00f3n; estudios roman\u00edes y estudios sobre antiziganismo<\/p>\n<p style=\"font-weight: 400;\"><strong>Grupo de Investigaci\u00f3n:<\/strong>\u00a0Laboratorio de Estudios Interculturales, Universidad de Granada<\/p>\n<p style=\"font-weight: 400;\"><strong>Status:<\/strong>\u00a0Investigador Visitante<\/p>\n<p style=\"font-weight: 400;\"><strong>Per\u00edodo\u00a0de estancia en el CEMyRI:\u00a0<\/strong>1\/09\/18 al 1\/09\/2019<\/p>\n<p style=\"font-weight: 400;\"><strong>Correo Electr\u00f3nico:<\/strong>\u00a0<a href=\"mailto:gbeluschif@gmail.com\">gbeluschif@gmail.com<\/a><\/p>\n<p style=\"font-weight: 400;\"><a href=\"https:\/\/taller-acsa.org\/productos\/\"><strong>Curr\u00edculum<\/strong><\/a><\/p>\n","protected":false},"excerpt":{"rendered":"<p>Doctorado:\u00a0Roma Korturare entre Transilvania y Andaluc\u00eda: procesos migratorios y reproducci\u00f3n cultural. Universidad: Universidad de Granada. L\u00edneas de Investigaci\u00f3n:\u00a0Migraciones internacionales, reproducci\u00f3n y cambio sociocultural; vivienda, transnacionalismo y migraci\u00f3n; estudios roman\u00edes y estudios sobre antiziganismo Grupo de Investigaci\u00f3n:\u00a0Laboratorio de Estudios Interculturales, Universidad de Granada Status:\u00a0Investigador Visitante Per\u00edodo\u00a0de estancia en el CEMyRI:\u00a01\/09\/18 al 1\/09\/2019 Correo Electr\u00f3nico:\u00a0gbeluschif@gmail.com Curr\u00edculum<\/p>\n","protected":false},"author":2,"featured_media":26476,"parent":24423,"menu_order":0,"comment_status":"closed","ping_status":"closed","template":"","meta":{"footnotes":""},"class_list":["post-27164","page","type-page","status-publish","has-post-thumbnail","hentry"],"_links":{"self":[{"href":"https:\/\/cemyri.es\/es\/wp-json\/wp\/v2\/pages\/27164","targetHints":{"allow":["GET"]}}],"collection":[{"href":"https:\/\/cemyri.es\/es\/wp-json\/wp\/v2\/pages"}],"about":[{"href":"https:\/\/cemyri.es\/es\/wp-json\/wp\/v2\/types\/page"}],"author":[{"embeddable":true,"href":"https:\/\/cemyri.es\/es\/wp-json\/wp\/v2\/users\/2"}],"replies":[{"embeddable":true,"href":"https:\/\/cemyri.es\/es\/wp-json\/wp\/v2\/comments?post=27164"}],"version-history":[{"count":2,"href":"https:\/\/cemyri.es\/es\/wp-json\/wp\/v2\/pages\/27164\/revisions"}],"predecessor-version":[{"id":27820,"href":"https:\/\/cemyri.es\/es\/wp-json\/wp\/v2\/pages\/27164\/revisions\/27820"}],"up":[{"embeddable":true,"href":"https:\/\/cemyri.es\/es\/wp-json\/wp\/v2\/pages\/24423"}],"wp:featuredmedia":[{"embeddable":true,"href":"https:\/\/cemyri.es\/es\/wp-json\/wp\/v2\/media\/26476"}],"wp:attachment":[{"href":"https:\/\/cemyri.es\/es\/wp-json\/wp\/v2\/media?parent=27164"}],"curies":[{"name":"wp","href":"https:\/\/api.w.org\/{rel}","templated":true}]}}