{"id":27167,"date":"2021-06-14T08:50:17","date_gmt":"2021-06-14T08:50:17","guid":{"rendered":"https:\/\/cemyri.es\/es\/?page_id=27167"},"modified":"2023-07-25T18:29:10","modified_gmt":"2023-07-25T18:29:10","slug":"ignacio-fradejas-garcia","status":"publish","type":"page","link":"https:\/\/cemyri.es\/es\/investigadores-visitantes\/ignacio-fradejas-garcia\/","title":{"rendered":"Ignacio Fradejas Garc\u00eda"},"content":{"rendered":"\n<p class=\"has-text-align-left\"><strong>Departamento:<\/strong>&nbsp;Antropologia Social i Cultural                          <\/p>\n\n\n\n<p><strong>Universidad:<\/strong>&nbsp;Universitat Aut\u00f2noma de Barcelona<br><strong>Grupo de Investigaci\u00f3n:&nbsp;<\/strong>GRAFO y Egolab<strong><br>L\u00edneas de Investigaci\u00f3n:<\/strong>&nbsp;transnacionalismo, movilidades, informalidad, humanitarismo<br><strong>Status:<\/strong>&nbsp;doctorando<\/p>\n\n\n\n<p><strong>Per\u00edodo&nbsp;de estancia en el CEMyRI: <\/strong>15 septiembre 2018 a 15 de junio 2019<strong><br>Correo Electr\u00f3nico:<\/strong>&nbsp;<a rel=\"noreferrer noopener\" href=\"mailto:ignacio.fradejas@uab.cat\" target=\"_blank\">ignacio.fradejas@uab.cat<\/a><br><strong><a href=\"https:\/\/orcid.org\/0000-0002-2514-0654\">Curr\u00edculum<\/a><\/strong><\/p>\n\n\n\n<p><\/p>\n","protected":false},"excerpt":{"rendered":"<p>Departamento:&nbsp;Antropologia Social i Cultural Universidad:&nbsp;Universitat Aut\u00f2noma de BarcelonaGrupo de Investigaci\u00f3n:&nbsp;GRAFO y EgolabL\u00edneas de Investigaci\u00f3n:&nbsp;transnacionalismo, movilidades, informalidad, humanitarismoStatus:&nbsp;doctorando Per\u00edodo&nbsp;de estancia en el CEMyRI: 15 septiembre 2018 a 15 de junio 2019Correo Electr\u00f3nico:&nbsp;ignacio.fradejas@uab.catCurr\u00edculum<\/p>\n","protected":false},"author":2,"featured_media":26706,"parent":24423,"menu_order":0,"comment_status":"closed","ping_status":"closed","template":"","meta":{"footnotes":""},"class_list":["post-27167","page","type-page","status-publish","has-post-thumbnail","hentry"],"_links":{"self":[{"href":"https:\/\/cemyri.es\/es\/wp-json\/wp\/v2\/pages\/27167","targetHints":{"allow":["GET"]}}],"collection":[{"href":"https:\/\/cemyri.es\/es\/wp-json\/wp\/v2\/pages"}],"about":[{"href":"https:\/\/cemyri.es\/es\/wp-json\/wp\/v2\/types\/page"}],"author":[{"embeddable":true,"href":"https:\/\/cemyri.es\/es\/wp-json\/wp\/v2\/users\/2"}],"replies":[{"embeddable":true,"href":"https:\/\/cemyri.es\/es\/wp-json\/wp\/v2\/comments?post=27167"}],"version-history":[{"count":3,"href":"https:\/\/cemyri.es\/es\/wp-json\/wp\/v2\/pages\/27167\/revisions"}],"predecessor-version":[{"id":27822,"href":"https:\/\/cemyri.es\/es\/wp-json\/wp\/v2\/pages\/27167\/revisions\/27822"}],"up":[{"embeddable":true,"href":"https:\/\/cemyri.es\/es\/wp-json\/wp\/v2\/pages\/24423"}],"wp:featuredmedia":[{"embeddable":true,"href":"https:\/\/cemyri.es\/es\/wp-json\/wp\/v2\/media\/26706"}],"wp:attachment":[{"href":"https:\/\/cemyri.es\/es\/wp-json\/wp\/v2\/media?parent=27167"}],"curies":[{"name":"wp","href":"https:\/\/api.w.org\/{rel}","templated":true}]}}