{"id":27170,"date":"2021-06-14T08:52:15","date_gmt":"2021-06-14T08:52:15","guid":{"rendered":"https:\/\/cemyri.es\/es\/?page_id=27170"},"modified":"2023-07-25T18:29:38","modified_gmt":"2023-07-25T18:29:38","slug":"eva-gunzel","status":"publish","type":"page","link":"https:\/\/cemyri.es\/es\/investigadores-visitantes\/eva-gunzel\/","title":{"rendered":"Eva G\u00fcnzel"},"content":{"rendered":"<p><strong data-rich-text-format-boundary=\"true\">M\u00e1ster:<\/strong>\u00a0Ciencias Sociales-Master of Arts.<br \/>\nPrograma: Globalizaci\u00f3n, Transnacionalizaci\u00f3n y Governance<\/p>\n<p><strong data-rich-text-format-boundary=\"true\">Universidad:<\/strong>\u00a0RUHR-UNIVERSIT\u00c4T BOCHUM<\/p>\n<p><strong data-rich-text-format-boundary=\"true\">L\u00edneas de Investigaci\u00f3n:<\/strong> Migraci\u00f3n forzada y pol\u00edticas europeas de refugio<\/p>\n<p><strong data-rich-text-format-boundary=\"true\">Status:<\/strong>\u00a0Investigador Visitante<\/p>\n<p><strong data-rich-text-format-boundary=\"true\">Per\u00edodo\u00a0de estancia en el CEMyRI:\u00a0<\/strong>1\/11\/19 al 20\/12\/2019<\/p>\n<p><strong> Correo Electr\u00f3nico:\u00a0<a href=\"mailto:eva.guenzel@ruhr-uni-bochum.de\" target=\"_blank\" rel=\"noreferrer noopener\">eva.guenzel@rub.de<\/a><\/strong><\/p>\n<p><strong><a href=\"https:\/\/www.linkedin.com\/in\/eva-g%C3%BCnzel-352248143\/\" data-rich-text-format-boundary=\"true\">Curr\u00edculum<\/a><\/strong><\/p>\n","protected":false},"excerpt":{"rendered":"<p>M\u00e1ster:\u00a0Ciencias Sociales-Master of Arts. Programa: Globalizaci\u00f3n, Transnacionalizaci\u00f3n y Governance Universidad:\u00a0RUHR-UNIVERSIT\u00c4T BOCHUM L\u00edneas de Investigaci\u00f3n: Migraci\u00f3n forzada y pol\u00edticas europeas de refugio Status:\u00a0Investigador Visitante Per\u00edodo\u00a0de estancia en el CEMyRI:\u00a01\/11\/19 al 20\/12\/2019 Correo Electr\u00f3nico:\u00a0eva.guenzel@rub.de Curr\u00edculum<\/p>\n","protected":false},"author":2,"featured_media":26849,"parent":24423,"menu_order":0,"comment_status":"closed","ping_status":"closed","template":"","meta":{"footnotes":""},"class_list":["post-27170","page","type-page","status-publish","has-post-thumbnail","hentry"],"_links":{"self":[{"href":"https:\/\/cemyri.es\/es\/wp-json\/wp\/v2\/pages\/27170","targetHints":{"allow":["GET"]}}],"collection":[{"href":"https:\/\/cemyri.es\/es\/wp-json\/wp\/v2\/pages"}],"about":[{"href":"https:\/\/cemyri.es\/es\/wp-json\/wp\/v2\/types\/page"}],"author":[{"embeddable":true,"href":"https:\/\/cemyri.es\/es\/wp-json\/wp\/v2\/users\/2"}],"replies":[{"embeddable":true,"href":"https:\/\/cemyri.es\/es\/wp-json\/wp\/v2\/comments?post=27170"}],"version-history":[{"count":2,"href":"https:\/\/cemyri.es\/es\/wp-json\/wp\/v2\/pages\/27170\/revisions"}],"predecessor-version":[{"id":27823,"href":"https:\/\/cemyri.es\/es\/wp-json\/wp\/v2\/pages\/27170\/revisions\/27823"}],"up":[{"embeddable":true,"href":"https:\/\/cemyri.es\/es\/wp-json\/wp\/v2\/pages\/24423"}],"wp:featuredmedia":[{"embeddable":true,"href":"https:\/\/cemyri.es\/es\/wp-json\/wp\/v2\/media\/26849"}],"wp:attachment":[{"href":"https:\/\/cemyri.es\/es\/wp-json\/wp\/v2\/media?parent=27170"}],"curies":[{"name":"wp","href":"https:\/\/api.w.org\/{rel}","templated":true}]}}