{"id":27172,"date":"2021-06-14T08:52:50","date_gmt":"2021-06-14T08:52:50","guid":{"rendered":"https:\/\/cemyri.es\/es\/?page_id=27172"},"modified":"2021-06-14T08:52:50","modified_gmt":"2021-06-14T08:52:50","slug":"jan-bazyli-klakla","status":"publish","type":"page","link":"https:\/\/cemyri.es\/es\/investigadores-visitantes\/jan-bazyli-klakla\/","title":{"rendered":"Jan Bazyli Klakla"},"content":{"rendered":"<p><span lang=\"ES\"><b>Doctorado: <\/b>El proceso de a<\/span><span style=\"color: #000000; font-family: Arial, sans-serif;\">culturaci\u00f3n de migrantes eslavos en Polonia. Estudio socio-legal.<\/span><\/p>\n<p><strong><span lang=\"ES\">Universidad:<\/span><\/strong><span lang=\"ES\">&nbsp;Jagiellonian University in Cracow, Department of Sociology of Law&nbsp; &nbsp; &nbsp; &nbsp;&nbsp;<\/span><\/p>\n<p><strong><span lang=\"ES\">L\u00edneas de Investigaci\u00f3n:<\/span><\/strong><span lang=\"ES\">&nbsp;Sociolog\u00eda y Antropolog\u00eda del Derecho, Derecho consuetudinario, Estudios migratorios, Metodolog\u00eda de estudios socio-legal.<\/span><\/p>\n<p><strong><span lang=\"ES\">Grupo de Investigaci\u00f3n:<\/span><\/strong><span lang=\"ES\">&nbsp;&#8211;<\/span><\/p>\n<p><strong><span lang=\"ES\">Status:<\/span><\/strong><span lang=\"ES\">&nbsp;E<\/span>studiante de doctorado<\/p>\n<p><span lang=\"ES\"><b>Per\u00edodo&nbsp;de estancia en el CEMyRI:&nbsp;<\/b>1\/12\/2018 &#8211; 31\/01\/2019<\/span><\/p>\n<p><strong><span lang=\"ES\">Correo Electr\u00f3nico:<\/span><\/strong><span lang=\"ES\">&nbsp;<a href=\"mailto:jan.bazyli.klakla@doctoral.uj.edu.pl\" target=\"_blank\" rel=\"noopener noreferrer\">jan.bazyli.<wbr>klakla@doctoral.uj.edu.pl<\/a><\/span><\/p>\n<p><a href=\"http:\/\/www.ksp.wpia.uj.edu.pl\/jan-klakla\"><strong><span lang=\"ES\">Curr\u00edculum&nbsp;<\/span><\/strong><\/a><\/p>\n","protected":false},"excerpt":{"rendered":"<p>Doctorado: El proceso de aculturaci\u00f3n de migrantes eslavos en Polonia. Estudio socio-legal. Universidad:&nbsp;Jagiellonian University in Cracow, Department of Sociology of Law&nbsp; &nbsp; &nbsp; &nbsp;&nbsp; L\u00edneas de Investigaci\u00f3n:&nbsp;Sociolog\u00eda y Antropolog\u00eda del Derecho, Derecho consuetudinario, Estudios migratorios, Metodolog\u00eda de estudios socio-legal. Grupo de Investigaci\u00f3n:&nbsp;&#8211; Status:&nbsp;Estudiante de doctorado Per\u00edodo&nbsp;de estancia en el CEMyRI:&nbsp;1\/12\/2018 &#8211; 31\/01\/2019 Correo Electr\u00f3nico:&nbsp;jan.bazyli.klakla@doctoral.uj.edu.pl Curr\u00edculum&nbsp;<\/p>\n","protected":false},"author":2,"featured_media":0,"parent":24423,"menu_order":0,"comment_status":"closed","ping_status":"closed","template":"","meta":{"footnotes":""},"class_list":["post-27172","page","type-page","status-publish","hentry"],"_links":{"self":[{"href":"https:\/\/cemyri.es\/es\/wp-json\/wp\/v2\/pages\/27172","targetHints":{"allow":["GET"]}}],"collection":[{"href":"https:\/\/cemyri.es\/es\/wp-json\/wp\/v2\/pages"}],"about":[{"href":"https:\/\/cemyri.es\/es\/wp-json\/wp\/v2\/types\/page"}],"author":[{"embeddable":true,"href":"https:\/\/cemyri.es\/es\/wp-json\/wp\/v2\/users\/2"}],"replies":[{"embeddable":true,"href":"https:\/\/cemyri.es\/es\/wp-json\/wp\/v2\/comments?post=27172"}],"version-history":[{"count":1,"href":"https:\/\/cemyri.es\/es\/wp-json\/wp\/v2\/pages\/27172\/revisions"}],"predecessor-version":[{"id":27173,"href":"https:\/\/cemyri.es\/es\/wp-json\/wp\/v2\/pages\/27172\/revisions\/27173"}],"up":[{"embeddable":true,"href":"https:\/\/cemyri.es\/es\/wp-json\/wp\/v2\/pages\/24423"}],"wp:attachment":[{"href":"https:\/\/cemyri.es\/es\/wp-json\/wp\/v2\/media?parent=27172"}],"curies":[{"name":"wp","href":"https:\/\/api.w.org\/{rel}","templated":true}]}}