{"id":27174,"date":"2021-06-14T08:53:23","date_gmt":"2021-06-14T08:53:23","guid":{"rendered":"https:\/\/cemyri.es\/es\/?page_id=27174"},"modified":"2021-06-14T08:53:23","modified_gmt":"2021-06-14T08:53:23","slug":"susan-sanhueza-henriquez","status":"publish","type":"page","link":"https:\/\/cemyri.es\/es\/investigadores-visitantes\/susan-sanhueza-henriquez\/","title":{"rendered":"Susan Sanhueza Henriquez"},"content":{"rendered":"\n<p><strong>Doctorado:<\/strong> Doctorado en Investigaci\u00f3n Educativa (2010)<br><strong>Universidad:<\/strong> Universidad de Alicante<br><strong>L\u00edneas de Investigaci\u00f3n:<\/strong> Migraci\u00f3n y Educaci\u00f3n intercultural<br><strong>Grupo de Investigaci\u00f3n: <\/strong>GRIMI (Universidad Cat\u00f3lica del Maule), InMIDE (Universidad de Valencia)<br><strong>Status:<\/strong> Investigador Visitante<br><strong>Per\u00edodo de estancia en el CEMyRI:<\/strong>&nbsp;<br><strong>Correo Electr\u00f3nico:<\/strong>&nbsp;<a rel=\"noreferrer noopener\" href=\"mailto:ssanhueza@ucm.cl\" target=\"_blank\">ssanhueza@ucm.cl<\/a><\/p>\n\n\n\n<p><strong><a href=\"http:\/\/portal.ucm.cl\/grimi\/equipo-redes\">Curr\u00edculum<\/a><\/strong><\/p>\n","protected":false},"excerpt":{"rendered":"<p>Doctorado: Doctorado en Investigaci\u00f3n Educativa (2010)Universidad: Universidad de AlicanteL\u00edneas de Investigaci\u00f3n: Migraci\u00f3n y Educaci\u00f3n interculturalGrupo de Investigaci\u00f3n: GRIMI (Universidad Cat\u00f3lica del Maule), InMIDE (Universidad de Valencia)Status: Investigador VisitantePer\u00edodo de estancia en el CEMyRI:&nbsp;Correo Electr\u00f3nico:&nbsp;ssanhueza@ucm.cl Curr\u00edculum<\/p>\n","protected":false},"author":2,"featured_media":0,"parent":24423,"menu_order":0,"comment_status":"closed","ping_status":"closed","template":"","meta":{"footnotes":""},"class_list":["post-27174","page","type-page","status-publish","hentry"],"_links":{"self":[{"href":"https:\/\/cemyri.es\/es\/wp-json\/wp\/v2\/pages\/27174","targetHints":{"allow":["GET"]}}],"collection":[{"href":"https:\/\/cemyri.es\/es\/wp-json\/wp\/v2\/pages"}],"about":[{"href":"https:\/\/cemyri.es\/es\/wp-json\/wp\/v2\/types\/page"}],"author":[{"embeddable":true,"href":"https:\/\/cemyri.es\/es\/wp-json\/wp\/v2\/users\/2"}],"replies":[{"embeddable":true,"href":"https:\/\/cemyri.es\/es\/wp-json\/wp\/v2\/comments?post=27174"}],"version-history":[{"count":1,"href":"https:\/\/cemyri.es\/es\/wp-json\/wp\/v2\/pages\/27174\/revisions"}],"predecessor-version":[{"id":27175,"href":"https:\/\/cemyri.es\/es\/wp-json\/wp\/v2\/pages\/27174\/revisions\/27175"}],"up":[{"embeddable":true,"href":"https:\/\/cemyri.es\/es\/wp-json\/wp\/v2\/pages\/24423"}],"wp:attachment":[{"href":"https:\/\/cemyri.es\/es\/wp-json\/wp\/v2\/media?parent=27174"}],"curies":[{"name":"wp","href":"https:\/\/api.w.org\/{rel}","templated":true}]}}