{"id":27176,"date":"2021-06-14T08:53:53","date_gmt":"2021-06-14T08:53:53","guid":{"rendered":"https:\/\/cemyri.es\/es\/?page_id=27176"},"modified":"2023-07-25T18:30:38","modified_gmt":"2023-07-25T18:30:38","slug":"paulina-szydlowska","status":"publish","type":"page","link":"https:\/\/cemyri.es\/es\/investigadores-visitantes\/paulina-szydlowska\/","title":{"rendered":"Paulina Szyd\u0142owska"},"content":{"rendered":"<p style=\"text-align: right;\">\n<p><strong><span lang=\"ES\">Doctorado:\u00a0<\/span><\/strong><span lang=\"ES\">Adaptaci\u00f3n cultural de ni\u00f1os y padres polacos que viven en Espa\u00f1a seg\u00fan el Modelo Ampliado de Aculturaci<\/span><span lang=\"ES\">\u00f3n Relativa (MAAR)\u00a0<\/span><\/p>\n<p><strong><span lang=\"ES\">Universidad:<\/span><\/strong><span lang=\"ES\">\u00a0Jagiellonian University in Cracow\u00a0\u00a0\u00a0\u00a0\u00a0\u00a0\u00a0\u00a0<\/span><\/p>\n<p><strong><span lang=\"ES\">L\u00edneas de Investigaci\u00f3n:<\/span><\/strong><span lang=\"ES\">\u00a0Psicolog\u00eda de la migraci\u00f3n, Psicolog\u00eda social, Aculturaci\u00f3n, Adolescentes<\/span><\/p>\n<p><strong><span lang=\"ES\">Grupo de Investigaci\u00f3n:<\/span><\/strong><span lang=\"ES\">\u00a0&#8211;<\/span><\/p>\n<p><strong><span lang=\"ES\">Status:<\/span><\/strong><span lang=\"ES\">\u00a0Estudiante de doctorado<\/span><\/p>\n<p><strong><span lang=\"ES\">Per\u00edodo\u00a0de estancia en el CEMyRI: <\/span><\/strong><span lang=\"ES\">Del\u00a0<\/span><span lang=\"ES\">1\/11\/2018\u00a0 al 31\/01\/2019<\/span><\/p>\n<p><strong><span lang=\"ES\">Correo Electr\u00f3nico:<\/span><\/strong><span lang=\"ES\">\u00a0<a href=\"mailto:paulina.m.szydlowska@gmail.com\" target=\"_blank\" rel=\"noopener noreferrer\">paulina.m.<wbr \/>szydlowska@gmail.com<\/a><\/span><\/p>\n<p><strong><span lang=\"ES\">Curr\u00edculum:\u00a0<\/span><\/strong><span lang=\"ES\"><a href=\"https:\/\/www.researchgate.net\/profile\/Paulina_Szydlowska2\" target=\"_blank\" rel=\"noopener noreferrer\" data-saferedirecturl=\"https:\/\/www.google.com\/url?q=https:\/\/www.researchgate.net\/profile\/Paulina_Szydlowska2&amp;source=gmail&amp;ust=1547025272481000&amp;usg=AFQjCNElntkqfkadEGjUx-wTT-qFl-XwPg\">https:\/\/www.researchgate.net\/<wbr \/>profile\/Paulina_Szydlowska2<\/a><\/span><\/p>\n","protected":false},"excerpt":{"rendered":"<p>Doctorado:\u00a0Adaptaci\u00f3n cultural de ni\u00f1os y padres polacos que viven en Espa\u00f1a seg\u00fan el Modelo Ampliado de Aculturaci\u00f3n Relativa (MAAR)\u00a0 Universidad:\u00a0Jagiellonian University in Cracow\u00a0\u00a0\u00a0\u00a0\u00a0\u00a0\u00a0\u00a0 L\u00edneas de Investigaci\u00f3n:\u00a0Psicolog\u00eda de la migraci\u00f3n, Psicolog\u00eda social, Aculturaci\u00f3n, Adolescentes Grupo de Investigaci\u00f3n:\u00a0&#8211; Status:\u00a0Estudiante de doctorado Per\u00edodo\u00a0de estancia en el CEMyRI: Del\u00a01\/11\/2018\u00a0 al 31\/01\/2019 Correo Electr\u00f3nico:\u00a0paulina.m.szydlowska@gmail.com Curr\u00edculum:\u00a0https:\/\/www.researchgate.net\/profile\/Paulina_Szydlowska2<\/p>\n","protected":false},"author":2,"featured_media":26464,"parent":24423,"menu_order":0,"comment_status":"closed","ping_status":"closed","template":"","meta":{"footnotes":""},"class_list":["post-27176","page","type-page","status-publish","has-post-thumbnail","hentry"],"_links":{"self":[{"href":"https:\/\/cemyri.es\/es\/wp-json\/wp\/v2\/pages\/27176","targetHints":{"allow":["GET"]}}],"collection":[{"href":"https:\/\/cemyri.es\/es\/wp-json\/wp\/v2\/pages"}],"about":[{"href":"https:\/\/cemyri.es\/es\/wp-json\/wp\/v2\/types\/page"}],"author":[{"embeddable":true,"href":"https:\/\/cemyri.es\/es\/wp-json\/wp\/v2\/users\/2"}],"replies":[{"embeddable":true,"href":"https:\/\/cemyri.es\/es\/wp-json\/wp\/v2\/comments?post=27176"}],"version-history":[{"count":2,"href":"https:\/\/cemyri.es\/es\/wp-json\/wp\/v2\/pages\/27176\/revisions"}],"predecessor-version":[{"id":27826,"href":"https:\/\/cemyri.es\/es\/wp-json\/wp\/v2\/pages\/27176\/revisions\/27826"}],"up":[{"embeddable":true,"href":"https:\/\/cemyri.es\/es\/wp-json\/wp\/v2\/pages\/24423"}],"wp:featuredmedia":[{"embeddable":true,"href":"https:\/\/cemyri.es\/es\/wp-json\/wp\/v2\/media\/26464"}],"wp:attachment":[{"href":"https:\/\/cemyri.es\/es\/wp-json\/wp\/v2\/media?parent=27176"}],"curies":[{"name":"wp","href":"https:\/\/api.w.org\/{rel}","templated":true}]}}