{"id":27178,"date":"2021-06-14T08:54:19","date_gmt":"2021-06-14T08:54:19","guid":{"rendered":"https:\/\/cemyri.es\/es\/?page_id=27178"},"modified":"2023-07-25T18:30:55","modified_gmt":"2023-07-25T18:30:55","slug":"margarita-tapia-martinez","status":"publish","type":"page","link":"https:\/\/cemyri.es\/es\/investigadores-visitantes\/margarita-tapia-martinez\/","title":{"rendered":"Margarita Tapia Mart\u00ednez"},"content":{"rendered":"<p><strong data-rich-text-format-boundary=\"true\">Licenciatura:<\/strong> Relaciones Internacionales<\/p>\n<p><strong>Universidad:<\/strong>\u00a0Facultad de Estudios Superiores Acatl\u00e1n (Ciudad de M\u00e9xico)<\/p>\n<p><strong>L\u00edneas de Investigaci\u00f3n:<\/strong>\u00a0Discriminaci\u00f3n, pol\u00edticas p\u00fablicas y pol\u00edtica internacionale, Diplomacia, Derecho Internacional.<\/p>\n<p><strong>Status:<\/strong>\u00a0Investigador Visitante<\/p>\n<p><strong>Per\u00edodo\u00a0de estancia en el CEMyRI:\u00a0<\/strong>14\/01\/2020 &#8211; 24\/03\/2020<\/p>\n<p><strong>Correo Electr\u00f3nico:<\/strong>\u00a0<a href=\"mailto:mar.tmfn@gmail.com\">mar.tmfn@gmail.com<\/a><\/p>\n<p><a href=\"https:\/\/cemyri.es\/es\/wp-content\/uploads\/2020\/01\/Curr\u00edculum.pdf\"><strong>Curr\u00edculum<\/strong><\/a><\/p>\n","protected":false},"excerpt":{"rendered":"<p>Licenciatura: Relaciones Internacionales Universidad:\u00a0Facultad de Estudios Superiores Acatl\u00e1n (Ciudad de M\u00e9xico) L\u00edneas de Investigaci\u00f3n:\u00a0Discriminaci\u00f3n, pol\u00edticas p\u00fablicas y pol\u00edtica internacionale, Diplomacia, Derecho Internacional. Status:\u00a0Investigador Visitante Per\u00edodo\u00a0de estancia en el CEMyRI:\u00a014\/01\/2020 &#8211; 24\/03\/2020 Correo Electr\u00f3nico:\u00a0mar.tmfn@gmail.com Curr\u00edculum<\/p>\n","protected":false},"author":2,"featured_media":26851,"parent":24423,"menu_order":0,"comment_status":"closed","ping_status":"closed","template":"","meta":{"footnotes":""},"class_list":["post-27178","page","type-page","status-publish","has-post-thumbnail","hentry"],"_links":{"self":[{"href":"https:\/\/cemyri.es\/es\/wp-json\/wp\/v2\/pages\/27178","targetHints":{"allow":["GET"]}}],"collection":[{"href":"https:\/\/cemyri.es\/es\/wp-json\/wp\/v2\/pages"}],"about":[{"href":"https:\/\/cemyri.es\/es\/wp-json\/wp\/v2\/types\/page"}],"author":[{"embeddable":true,"href":"https:\/\/cemyri.es\/es\/wp-json\/wp\/v2\/users\/2"}],"replies":[{"embeddable":true,"href":"https:\/\/cemyri.es\/es\/wp-json\/wp\/v2\/comments?post=27178"}],"version-history":[{"count":2,"href":"https:\/\/cemyri.es\/es\/wp-json\/wp\/v2\/pages\/27178\/revisions"}],"predecessor-version":[{"id":27827,"href":"https:\/\/cemyri.es\/es\/wp-json\/wp\/v2\/pages\/27178\/revisions\/27827"}],"up":[{"embeddable":true,"href":"https:\/\/cemyri.es\/es\/wp-json\/wp\/v2\/pages\/24423"}],"wp:featuredmedia":[{"embeddable":true,"href":"https:\/\/cemyri.es\/es\/wp-json\/wp\/v2\/media\/26851"}],"wp:attachment":[{"href":"https:\/\/cemyri.es\/es\/wp-json\/wp\/v2\/media?parent=27178"}],"curies":[{"name":"wp","href":"https:\/\/api.w.org\/{rel}","templated":true}]}}