{"id":27237,"date":"2021-11-19T10:17:15","date_gmt":"2021-11-19T10:17:15","guid":{"rendered":"https:\/\/cemyri.es\/es\/?page_id=27237"},"modified":"2023-07-26T11:37:13","modified_gmt":"2023-07-26T11:37:13","slug":"ymobility","status":"publish","type":"page","link":"https:\/\/cemyri.es\/es\/ymobility\/","title":{"rendered":"YMOBILITY"},"content":{"rendered":"\n<p style=\"font-size:24px\"><strong>Youth Mobility: maximizing opportunities for individuals, labor markets and regions in Europe<\/strong><\/p>\n\n\n\n<p><strong>NOMBRE DEL PROYECTO:<\/strong> Youth Mobility: maximizing opportunities for individuals, labor markets and regions in Europe<\/p>\n\n\n\n<p><strong>ACR\u00d3NIMO<\/strong>: YMOBILITY<\/p>\n\n\n\n<p><strong>GRANT AGREEMENT<\/strong>:&nbsp; n. 649491&nbsp;<\/p>\n\n\n\n<p><strong>CALL<\/strong>: YOUNG-SOCIETY-2014 RDT.&nbsp;<\/p>\n\n\n\n<p><strong>ENTIDAD FINANCIADORA<\/strong>: <em>European Comission<\/em>,&nbsp;HORIZONTE 2020. DURACI\u00d3N:&nbsp; Desde: 1-3-2015&nbsp; &nbsp;hasta: 28-2-2018<\/p>\n\n\n\n<p><strong>CUANT\u00cdA DE LA SUBVENCI\u00d3N<\/strong>: Importe total concedido: 2,4 millones de euros. Importe concedido a Universidad de Almer\u00eda: 204 097.50 euros. <\/p>\n\n\n\n<p>I<strong>NVESTIGADOR PRINCIPAL<\/strong>: Armando Montanari (U. de la Sapienza, Roma). <\/p>\n\n\n\n<p><strong>INVESTIGADOR PRINCIPAL<\/strong> Universidad de Almer\u00eda: Pablo Pumares Fern\u00e1ndez.&nbsp;<\/p>\n","protected":false},"excerpt":{"rendered":"<p>Youth Mobility: maximizing opportunities for individuals, labor markets and regions in Europe NOMBRE DEL PROYECTO: Youth Mobility: maximizing opportunities for individuals, labor markets and regions in Europe ACR\u00d3NIMO: YMOBILITY GRANT AGREEMENT:&nbsp; n. 649491&nbsp; CALL: YOUNG-SOCIETY-2014 RDT.&nbsp; ENTIDAD FINANCIADORA: European Comission,&nbsp;HORIZONTE 2020. DURACI\u00d3N:&nbsp; Desde: 1-3-2015&nbsp; &nbsp;hasta: 28-2-2018 CUANT\u00cdA DE LA SUBVENCI\u00d3N: Importe total concedido: 2,4 millones&#8230;<\/p>\n","protected":false},"author":2,"featured_media":25046,"parent":0,"menu_order":0,"comment_status":"closed","ping_status":"closed","template":"","meta":{"footnotes":""},"class_list":["post-27237","page","type-page","status-publish","has-post-thumbnail","hentry"],"_links":{"self":[{"href":"https:\/\/cemyri.es\/es\/wp-json\/wp\/v2\/pages\/27237","targetHints":{"allow":["GET"]}}],"collection":[{"href":"https:\/\/cemyri.es\/es\/wp-json\/wp\/v2\/pages"}],"about":[{"href":"https:\/\/cemyri.es\/es\/wp-json\/wp\/v2\/types\/page"}],"author":[{"embeddable":true,"href":"https:\/\/cemyri.es\/es\/wp-json\/wp\/v2\/users\/2"}],"replies":[{"embeddable":true,"href":"https:\/\/cemyri.es\/es\/wp-json\/wp\/v2\/comments?post=27237"}],"version-history":[{"count":5,"href":"https:\/\/cemyri.es\/es\/wp-json\/wp\/v2\/pages\/27237\/revisions"}],"predecessor-version":[{"id":27881,"href":"https:\/\/cemyri.es\/es\/wp-json\/wp\/v2\/pages\/27237\/revisions\/27881"}],"wp:featuredmedia":[{"embeddable":true,"href":"https:\/\/cemyri.es\/es\/wp-json\/wp\/v2\/media\/25046"}],"wp:attachment":[{"href":"https:\/\/cemyri.es\/es\/wp-json\/wp\/v2\/media?parent=27237"}],"curies":[{"name":"wp","href":"https:\/\/api.w.org\/{rel}","templated":true}]}}