{"id":27254,"date":"2022-01-25T08:37:19","date_gmt":"2022-01-25T08:37:19","guid":{"rendered":"https:\/\/cemyri.es\/es\/?page_id=27254"},"modified":"2023-07-25T18:08:02","modified_gmt":"2023-07-25T18:08:02","slug":"rocio-ortiz-amo","status":"publish","type":"page","link":"https:\/\/cemyri.es\/es\/colaboradores\/rocio-ortiz-amo\/","title":{"rendered":"Roc\u00edo Ortiz Amo"},"content":{"rendered":"\n<p><strong>Departamento:<\/strong>&nbsp;Geograf\u00eda, Historia y Humanidades<\/p>\n\n\n\n<p><strong>Facultad:<\/strong>&nbsp;Humanidades<\/p>\n\n\n\n<p><strong>Universidad:<\/strong>&nbsp;Universidad de Almer\u00eda<\/p>\n\n\n\n<p><strong>Grupo de Investigaci\u00f3n:&nbsp;<\/strong>SEJ-419. Sociolog\u00eda<\/p>\n\n\n\n<p><strong>Status:<\/strong>&nbsp;Personal colaborador<\/p>\n\n\n\n<p><strong>L\u00edneas de investigaci\u00f3n:<\/strong> Servicios sociales, trabajo social.<\/p>\n\n\n\n<p><strong>Correo Electr\u00f3nico:<\/strong>&nbsp;<a href=\"mailto:roa479@ual.es\">roa479@ual.es<\/a><\/p>\n\n\n\n<p><strong>Direcci\u00f3n de contacto:<\/strong>&nbsp;CEMyRI, Edificio de Servicios T\u00e9cnicos, Seg. Planta, Desp. 02.12.0, Universidad de Almer\u00eda<\/p>\n\n\n\n<p><strong><a href=\"https:\/\/orcid.org\/0000-0003-2058-7964\">Curriculum<\/a><\/strong><\/p>\n","protected":false},"excerpt":{"rendered":"<p>Departamento:&nbsp;Geograf\u00eda, Historia y Humanidades Facultad:&nbsp;Humanidades Universidad:&nbsp;Universidad de Almer\u00eda Grupo de Investigaci\u00f3n:&nbsp;SEJ-419. Sociolog\u00eda Status:&nbsp;Personal colaborador L\u00edneas de investigaci\u00f3n: Servicios sociales, trabajo social. Correo Electr\u00f3nico:&nbsp;roa479@ual.es Direcci\u00f3n de contacto:&nbsp;CEMyRI, Edificio de Servicios T\u00e9cnicos, Seg. Planta, Desp. 02.12.0, Universidad de Almer\u00eda Curriculum<\/p>\n","protected":false},"author":2,"featured_media":27255,"parent":35,"menu_order":0,"comment_status":"closed","ping_status":"closed","template":"","meta":{"footnotes":""},"class_list":["post-27254","page","type-page","status-publish","has-post-thumbnail","hentry"],"_links":{"self":[{"href":"https:\/\/cemyri.es\/es\/wp-json\/wp\/v2\/pages\/27254","targetHints":{"allow":["GET"]}}],"collection":[{"href":"https:\/\/cemyri.es\/es\/wp-json\/wp\/v2\/pages"}],"about":[{"href":"https:\/\/cemyri.es\/es\/wp-json\/wp\/v2\/types\/page"}],"author":[{"embeddable":true,"href":"https:\/\/cemyri.es\/es\/wp-json\/wp\/v2\/users\/2"}],"replies":[{"embeddable":true,"href":"https:\/\/cemyri.es\/es\/wp-json\/wp\/v2\/comments?post=27254"}],"version-history":[{"count":2,"href":"https:\/\/cemyri.es\/es\/wp-json\/wp\/v2\/pages\/27254\/revisions"}],"predecessor-version":[{"id":27764,"href":"https:\/\/cemyri.es\/es\/wp-json\/wp\/v2\/pages\/27254\/revisions\/27764"}],"up":[{"embeddable":true,"href":"https:\/\/cemyri.es\/es\/wp-json\/wp\/v2\/pages\/35"}],"wp:featuredmedia":[{"embeddable":true,"href":"https:\/\/cemyri.es\/es\/wp-json\/wp\/v2\/media\/27255"}],"wp:attachment":[{"href":"https:\/\/cemyri.es\/es\/wp-json\/wp\/v2\/media?parent=27254"}],"curies":[{"name":"wp","href":"https:\/\/api.w.org\/{rel}","templated":true}]}}