{"id":27355,"date":"2022-10-13T09:08:39","date_gmt":"2022-10-13T09:08:39","guid":{"rendered":"https:\/\/cemyri.es\/es\/?page_id=27355"},"modified":"2022-10-13T11:24:39","modified_gmt":"2022-10-13T11:24:39","slug":"profesores-titulares","status":"publish","type":"page","link":"https:\/\/cemyri.es\/es\/profesores-titulares\/","title":{"rendered":"Docentes Titulares"},"content":{"rendered":"\n<ul class=\"wp-block-list\"><li><a href=\"https:\/\/cemyri.es\/es\/profesores-titulares\/estefania-acien-gonzalez\/\">Aci\u00e9n Gonz\u00e1lez, Estefan\u00eda<\/a><\/li><li><a href=\"https:\/\/cemyri.es\/es\/profesores-titulares\/federico-arcos-ramirez\/\">Arcos Ramirez, Federico<\/a><\/li><li><a href=\"https:\/\/cemyri.es\/es\/profesores-titulares\/angeles-arjona-garrido\/\">Arjona Garrido, \u00c1ngeles<\/a><\/li><li><a href=\"https:\/\/cemyri.es\/es\/profesores-titulares\/veronica-caballero-cala\/\">Caballero Cala, Ver\u00f3nica<\/a><\/li><li><a href=\"https:\/\/cemyri.es\/es\/profesores-titulares\/francisco-checa-olmos\/\">Checa Olmos, Francisco<\/a><\/li><li><a href=\"https:\/\/cemyri.es\/es\/profesores-titulares\/juan-carlos-checa-olmos\/\">Checa Olmos, Juan Carlos<\/a><\/li><li><a href=\"https:\/\/cemyri.es\/es\/profesores-titulares\/rachida-dalouh-ounia\/\">Dalouh Ounia, Rachida<\/a><\/li><li><a href=\"https:\/\/cemyri.es\/es\/profesores-titulares\/eva-maria-diez-peralta\/\">Diez Peralta, Eva Mar\u00eda<\/a><\/li><li><a href=\"https:\/\/cemyri.es\/es\/profesores-titulares\/juan-sebastian-fernandez-prados\/\">Fern\u00e1ndez Prados, Juan Sebasti\u00e1n<\/a><\/li><li><a href=\"https:\/\/cemyri.es\/es\/profesores-titulares\/donato-gomez-diaz\/\">G\u00f3mez D\u00edaz, Donato<\/a><\/li><li><a href=\"https:\/\/cemyri.es\/es\/profesores-titulares\/beatriz-gonzalez-martin\/\">Gonz\u00e1lez Mart\u00edn, Beatriz<\/a><\/li><li><a href=\"https:\/\/cemyri.es\/es\/profesores-titulares\/lucia-lopez-rodriguez\/\">L\u00f3pez Rodriguez, Luc\u00eda<\/a><\/li><li><a href=\"https:\/\/cemyri.es\/es\/profesores-titulares\/victor-antonio-luque-de-haro\/\">Luque de Haro, V\u00edctor Antonio<\/a><\/li><li><a href=\"https:\/\/cemyri.es\/es\/profesores-titulares\/maria-teresa-martin-palomo\/\">Mart\u00edn Palomo, Mar\u00eda Teresa<\/a><\/li><li><a href=\"https:\/\/cemyri.es\/es\/profesores-titulares\/jesus-muyor-rodriguez\/\">Muyor Rodr\u00edguez, Jes\u00fas<\/a><\/li><li><a href=\"https:\/\/cemyri.es\/es\/profesores-titulares\/maria-soledad-navas-luque\/\">Navas Luque, Mar\u00eda Soledad<\/a><\/li><li><a href=\"https:\/\/cemyri.es\/es\/profesores-titulares\/luis-ortiz-jimenez\/\">Ort\u00edz Jim\u00e9nez, Luis<\/a><\/li><li><a href=\"https:\/\/cemyri.es\/es\/profesores-titulares\/fernando-jesus-plaza-del-pino\/\">Plaza Del Pino, Fern\u00e1ndo Jes\u00fas<\/a><\/li><li><a href=\"https:\/\/cemyri.es\/es\/profesores-titulares\/carmen-pozo-munoz\/\">Pozo Mu\u00f1oz, Carmen<\/a><\/li><li><a href=\"https:\/\/cemyri.es\/es\/profesores-titulares\/rafael-alvaro-pulido-moyano\/\">Pulido Moyano, Rafael \u00c1lvaro<\/a><\/li><li><a href=\"https:\/\/cemyri.es\/es\/profesores-titulares\/pablo-pumares-fernandez\/\">Pumares Fern\u00e1ndez, Pablo<\/a><\/li><li><a href=\"https:\/\/cemyri.es\/es\/profesores-titulares\/pilar-rodriguez-martinez\/\">Rodr\u00edguez Mart\u00ednez, Pilar<\/a><\/li><li><a href=\"https:\/\/cemyri.es\/es\/profesores-titulares\/antonio-jose-rojas-tejada\/\">Rojas Tejada, Antonio Jos\u00e9<\/a><\/li><li><a href=\"https:\/\/cemyri.es\/es\/profesores-titulares\/esther-maria-salmeron-manzano\/\">Salmer\u00f3n Manzano, Esther Mar\u00eda<\/a><\/li><li><a href=\"https:\/\/cemyri.es\/es\/profesores-titulares\/maria-sanchez-castello\/\">S\u00e1nchez Castell\u00f3, Mar\u00eda<\/a><\/li><li><a href=\"https:\/\/cemyri.es\/es\/andres-sanchez-picon\/\">S\u00e1nchez Pic\u00f3n, Andr\u00e9s<\/a><\/li><li><a href=\"https:\/\/cemyri.es\/es\/profesores-titulares\/encarnacion-soriano-ayala\/\">Soriano Ayala, Encarnaci\u00f3n<\/a><\/li><li><a href=\"https:\/\/cemyri.es\/es\/profesores-titulares\/ana-urbiola-vega\/\">Urbiola Vega, Ana<\/a><\/li><li><a href=\"https:\/\/cemyri.es\/es\/profesores-titulares\/juan-francisco-velasco-munoz\/\">Velasco Mu\u00f1oz, Juan Francisco<\/a><\/li><\/ul>\n","protected":false},"excerpt":{"rendered":"<p>Aci\u00e9n Gonz\u00e1lez, Estefan\u00eda Arcos Ramirez, Federico Arjona Garrido, \u00c1ngeles Caballero Cala, Ver\u00f3nica Checa Olmos, Francisco Checa Olmos, Juan Carlos Dalouh Ounia, Rachida Diez Peralta, Eva Mar\u00eda Fern\u00e1ndez Prados, Juan Sebasti\u00e1n G\u00f3mez D\u00edaz, Donato Gonz\u00e1lez Mart\u00edn, Beatriz L\u00f3pez Rodriguez, Luc\u00eda Luque de Haro, V\u00edctor Antonio Mart\u00edn Palomo, Mar\u00eda Teresa Muyor Rodr\u00edguez, Jes\u00fas Navas Luque, Mar\u00eda Soledad&#8230;<\/p>\n","protected":false},"author":1,"featured_media":0,"parent":0,"menu_order":0,"comment_status":"closed","ping_status":"closed","template":"","meta":{"footnotes":""},"class_list":["post-27355","page","type-page","status-publish","hentry"],"_links":{"self":[{"href":"https:\/\/cemyri.es\/es\/wp-json\/wp\/v2\/pages\/27355","targetHints":{"allow":["GET"]}}],"collection":[{"href":"https:\/\/cemyri.es\/es\/wp-json\/wp\/v2\/pages"}],"about":[{"href":"https:\/\/cemyri.es\/es\/wp-json\/wp\/v2\/types\/page"}],"author":[{"embeddable":true,"href":"https:\/\/cemyri.es\/es\/wp-json\/wp\/v2\/users\/1"}],"replies":[{"embeddable":true,"href":"https:\/\/cemyri.es\/es\/wp-json\/wp\/v2\/comments?post=27355"}],"version-history":[{"count":13,"href":"https:\/\/cemyri.es\/es\/wp-json\/wp\/v2\/pages\/27355\/revisions"}],"predecessor-version":[{"id":27467,"href":"https:\/\/cemyri.es\/es\/wp-json\/wp\/v2\/pages\/27355\/revisions\/27467"}],"wp:attachment":[{"href":"https:\/\/cemyri.es\/es\/wp-json\/wp\/v2\/media?parent=27355"}],"curies":[{"name":"wp","href":"https:\/\/api.w.org\/{rel}","templated":true}]}}