{"id":27357,"date":"2022-10-13T09:09:23","date_gmt":"2022-10-13T09:09:23","guid":{"rendered":"https:\/\/cemyri.es\/es\/?page_id=27357"},"modified":"2023-10-10T10:04:40","modified_gmt":"2023-10-10T10:04:40","slug":"profesores-invitados","status":"publish","type":"page","link":"https:\/\/cemyri.es\/es\/profesores-invitados\/","title":{"rendered":"Docentes invitados"},"content":{"rendered":"\n<ul class=\"wp-block-list\">\n<li><a href=\"https:\/\/cemyri.es\/es\/profesores-invitados\/ana-maria-almansa-saez\/\">Almansa S\u00e1ez, Ana Mar\u00eda<\/a><\/li>\n\n\n\n<li><a href=\"https:\/\/cemyri.es\/es\/profesores-invitados\/lourdes-bazan-coto\/\">Baz\u00e1n Coto, Lourdes<\/a><\/li>\n\n\n\n<li><a href=\"https:\/\/cemyri.es\/es\/profesores-invitados\/enrique-cano-deltell\/\">Cano Deltell, Enrique<\/a><\/li>\n\n\n\n<li><a href=\"https:\/\/cemyri.es\/es\/profesores-invitados\/lidia-cotes-garcia\/\">Cotes Garc\u00eda, Lidia<\/a><\/li>\n\n\n\n<li><a href=\"https:\/\/cemyri.es\/es\/profesores-invitados\/ana-maria-lopez-sala\/\">L\u00f3pez Sala, Ana Mar\u00eda<\/a><\/li>\n\n\n\n<li><a href=\"https:\/\/cemyri.es\/es\/profesores-invitados\/yvonne-riano\/\">Ria\u00f1o, Yvonne<\/a><\/li>\n\n\n\n<li><a href=\"https:\/\/cemyri.es\/es\/profesores-invitados\/jose-luis-solana-ruiz\/\">Solana Ru\u00edz, Jos\u00e9 Lu\u00eds<\/a><\/li>\n\n\n\n<li><a href=\"https:\/\/cemyri.es\/es\/profesores-invitados\/octavio-vazquez-aguado\/\">V\u00e1zquez Aguado, Octavio<\/a><\/li>\n\n\n\n<li><a href=\"https:\/\/cemyri.es\/es\/profesores-invitados\/pedro-e-ventura-puertos\/\">Ventura Puertos, Pedro E.<\/a><\/li>\n\n\n\n<li>Ali Tamer, Mohamed (Organizaci\u00f3n \/instituci\u00f3n: CEPAIM Roquetas de Mar)<\/li>\n\n\n\n<li>Clemente, Mara (Organizaci\u00f3n \/instituci\u00f3n: Instituto Universitario de Lisboa)<\/li>\n\n\n\n<li>Medina Gar\u00eda, Marta (Universidad de Granada)<\/li>\n\n\n\n<li>Souto Garc\u00eda, Andrea (Universidad de A Coru\u00f1a)<\/li>\n<\/ul>\n","protected":false},"excerpt":{"rendered":"","protected":false},"author":1,"featured_media":0,"parent":0,"menu_order":0,"comment_status":"closed","ping_status":"closed","template":"","meta":{"footnotes":""},"class_list":["post-27357","page","type-page","status-publish","hentry"],"_links":{"self":[{"href":"https:\/\/cemyri.es\/es\/wp-json\/wp\/v2\/pages\/27357","targetHints":{"allow":["GET"]}}],"collection":[{"href":"https:\/\/cemyri.es\/es\/wp-json\/wp\/v2\/pages"}],"about":[{"href":"https:\/\/cemyri.es\/es\/wp-json\/wp\/v2\/types\/page"}],"author":[{"embeddable":true,"href":"https:\/\/cemyri.es\/es\/wp-json\/wp\/v2\/users\/1"}],"replies":[{"embeddable":true,"href":"https:\/\/cemyri.es\/es\/wp-json\/wp\/v2\/comments?post=27357"}],"version-history":[{"count":4,"href":"https:\/\/cemyri.es\/es\/wp-json\/wp\/v2\/pages\/27357\/revisions"}],"predecessor-version":[{"id":27925,"href":"https:\/\/cemyri.es\/es\/wp-json\/wp\/v2\/pages\/27357\/revisions\/27925"}],"wp:attachment":[{"href":"https:\/\/cemyri.es\/es\/wp-json\/wp\/v2\/media?parent=27357"}],"curies":[{"name":"wp","href":"https:\/\/api.w.org\/{rel}","templated":true}]}}