{"id":27366,"date":"2022-10-13T09:27:38","date_gmt":"2022-10-13T09:27:38","guid":{"rendered":"https:\/\/cemyri.es\/es\/?page_id=27366"},"modified":"2022-10-13T09:27:39","modified_gmt":"2022-10-13T09:27:39","slug":"ana-maria-almansa-saez","status":"publish","type":"page","link":"https:\/\/cemyri.es\/es\/profesores-invitados\/ana-maria-almansa-saez\/","title":{"rendered":"Ana Mar\u00eda Almansa S\u00e1ez"},"content":{"rendered":"\n<p><strong>Organizaci\u00f3n \/instituci\u00f3n: <\/strong>Cruz Roja<\/p>\n\n\n\n<p><strong>Departamento: <\/strong>Centro de Almer\u00eda<\/p>\n\n\n\n<p><strong>Cargo\/funciones dentro de la organizaci\u00f3n:<\/strong><\/p>\n\n\n\n<p><strong>\u00c1rea de conocimiento:<\/strong><\/p>\n\n\n\n<p><strong>Correo electr\u00f3nico:<\/strong><\/p>\n\n\n\n<p><strong>Curr\u00edculum:<\/strong><\/p>\n","protected":false},"excerpt":{"rendered":"<p>Organizaci\u00f3n \/instituci\u00f3n: Cruz Roja Departamento: Centro de Almer\u00eda Cargo\/funciones dentro de la organizaci\u00f3n: \u00c1rea de conocimiento: Correo electr\u00f3nico: Curr\u00edculum:<\/p>\n","protected":false},"author":1,"featured_media":0,"parent":27357,"menu_order":0,"comment_status":"closed","ping_status":"closed","template":"","meta":{"footnotes":""},"class_list":["post-27366","page","type-page","status-publish","hentry"],"_links":{"self":[{"href":"https:\/\/cemyri.es\/es\/wp-json\/wp\/v2\/pages\/27366","targetHints":{"allow":["GET"]}}],"collection":[{"href":"https:\/\/cemyri.es\/es\/wp-json\/wp\/v2\/pages"}],"about":[{"href":"https:\/\/cemyri.es\/es\/wp-json\/wp\/v2\/types\/page"}],"author":[{"embeddable":true,"href":"https:\/\/cemyri.es\/es\/wp-json\/wp\/v2\/users\/1"}],"replies":[{"embeddable":true,"href":"https:\/\/cemyri.es\/es\/wp-json\/wp\/v2\/comments?post=27366"}],"version-history":[{"count":1,"href":"https:\/\/cemyri.es\/es\/wp-json\/wp\/v2\/pages\/27366\/revisions"}],"predecessor-version":[{"id":27367,"href":"https:\/\/cemyri.es\/es\/wp-json\/wp\/v2\/pages\/27366\/revisions\/27367"}],"up":[{"embeddable":true,"href":"https:\/\/cemyri.es\/es\/wp-json\/wp\/v2\/pages\/27357"}],"wp:attachment":[{"href":"https:\/\/cemyri.es\/es\/wp-json\/wp\/v2\/media?parent=27366"}],"curies":[{"name":"wp","href":"https:\/\/api.w.org\/{rel}","templated":true}]}}