{"id":27368,"date":"2022-10-13T09:29:08","date_gmt":"2022-10-13T09:29:08","guid":{"rendered":"https:\/\/cemyri.es\/es\/?page_id=27368"},"modified":"2022-10-13T11:25:44","modified_gmt":"2022-10-13T11:25:44","slug":"lourdes-bazan-coto","status":"publish","type":"page","link":"https:\/\/cemyri.es\/es\/profesores-invitados\/lourdes-bazan-coto\/","title":{"rendered":"Lourdes Baz\u00e1n Coto"},"content":{"rendered":"\n<p><strong>Organizaci\u00f3n \/instituci\u00f3n: <\/strong>Junta de Andaluc\u00eda<\/p>\n\n\n\n<p><strong>Departamento: <\/strong>Agencia de servicios sociales y dependencia en Almer\u00eda<\/p>\n\n\n\n<p><strong>Cargo\/funciones dentro de la organizaci\u00f3n:<\/strong> PTU.Trabajadora social<\/p>\n\n\n\n<p><strong>\u00c1rea de conocimiento: <\/strong>Dependencia<\/p>\n\n\n\n<p><strong>Correo electr\u00f3nico: <\/strong><a href=\"mailto:lourdes.bazan@juntadeandalucia.es\">lourdes.bazan@juntadeandalucia.es<\/a><\/p>\n\n\n\n<p><strong>Curr\u00edculum:<\/strong><\/p>\n\n\n\n<p><a href=\"http:\/\/linkedin.com\/in\/lourdes-baz\u00e1n-coto-b3360366\">linkedin.com\/in\/lourdes-baz\u00e1n-coto-b3360366<\/a><\/p>\n","protected":false},"excerpt":{"rendered":"<p>Organizaci\u00f3n \/instituci\u00f3n: Junta de Andaluc\u00eda Departamento: Agencia de servicios sociales y dependencia en Almer\u00eda Cargo\/funciones dentro de la organizaci\u00f3n: PTU.Trabajadora social \u00c1rea de conocimiento: Dependencia Correo electr\u00f3nico: lourdes.bazan@juntadeandalucia.es Curr\u00edculum: linkedin.com\/in\/lourdes-baz\u00e1n-coto-b3360366<\/p>\n","protected":false},"author":1,"featured_media":0,"parent":27357,"menu_order":0,"comment_status":"closed","ping_status":"closed","template":"","meta":{"footnotes":""},"class_list":["post-27368","page","type-page","status-publish","hentry"],"_links":{"self":[{"href":"https:\/\/cemyri.es\/es\/wp-json\/wp\/v2\/pages\/27368","targetHints":{"allow":["GET"]}}],"collection":[{"href":"https:\/\/cemyri.es\/es\/wp-json\/wp\/v2\/pages"}],"about":[{"href":"https:\/\/cemyri.es\/es\/wp-json\/wp\/v2\/types\/page"}],"author":[{"embeddable":true,"href":"https:\/\/cemyri.es\/es\/wp-json\/wp\/v2\/users\/1"}],"replies":[{"embeddable":true,"href":"https:\/\/cemyri.es\/es\/wp-json\/wp\/v2\/comments?post=27368"}],"version-history":[{"count":3,"href":"https:\/\/cemyri.es\/es\/wp-json\/wp\/v2\/pages\/27368\/revisions"}],"predecessor-version":[{"id":27468,"href":"https:\/\/cemyri.es\/es\/wp-json\/wp\/v2\/pages\/27368\/revisions\/27468"}],"up":[{"embeddable":true,"href":"https:\/\/cemyri.es\/es\/wp-json\/wp\/v2\/pages\/27357"}],"wp:attachment":[{"href":"https:\/\/cemyri.es\/es\/wp-json\/wp\/v2\/media?parent=27368"}],"curies":[{"name":"wp","href":"https:\/\/api.w.org\/{rel}","templated":true}]}}