{"id":27370,"date":"2022-10-13T09:29:35","date_gmt":"2022-10-13T09:29:35","guid":{"rendered":"https:\/\/cemyri.es\/es\/?page_id=27370"},"modified":"2022-10-13T11:25:59","modified_gmt":"2022-10-13T11:25:59","slug":"enrique-cano-deltell","status":"publish","type":"page","link":"https:\/\/cemyri.es\/es\/profesores-invitados\/enrique-cano-deltell\/","title":{"rendered":"Enrique Cano Deltell"},"content":{"rendered":"\n<p><strong>Organizaci\u00f3n \/instituci\u00f3n: <\/strong>Universidad de Granada<\/p>\n\n\n\n<p><strong>Departamento: <\/strong>Fisioterapia<\/p>\n\n\n\n<p><strong>Cargo\/funciones dentro de la organizaci\u00f3n: <\/strong>Profesor Asociado<\/p>\n\n\n\n<p><strong>\u00c1rea de conocimiento:<\/strong><\/p>\n\n\n\n<p><strong>Correo electr\u00f3nico: <\/strong><a href=\"mailto:quicano@ugr.es\">quicano@ugr.es<\/a><\/p>\n\n\n\n<p><strong>Curr\u00edculum:<\/strong><\/p>\n","protected":false},"excerpt":{"rendered":"<p>Organizaci\u00f3n \/instituci\u00f3n: Universidad de Granada Departamento: Fisioterapia Cargo\/funciones dentro de la organizaci\u00f3n: Profesor Asociado \u00c1rea de conocimiento: Correo electr\u00f3nico: quicano@ugr.es Curr\u00edculum:<\/p>\n","protected":false},"author":1,"featured_media":0,"parent":27357,"menu_order":0,"comment_status":"closed","ping_status":"closed","template":"","meta":{"footnotes":""},"class_list":["post-27370","page","type-page","status-publish","hentry"],"_links":{"self":[{"href":"https:\/\/cemyri.es\/es\/wp-json\/wp\/v2\/pages\/27370","targetHints":{"allow":["GET"]}}],"collection":[{"href":"https:\/\/cemyri.es\/es\/wp-json\/wp\/v2\/pages"}],"about":[{"href":"https:\/\/cemyri.es\/es\/wp-json\/wp\/v2\/types\/page"}],"author":[{"embeddable":true,"href":"https:\/\/cemyri.es\/es\/wp-json\/wp\/v2\/users\/1"}],"replies":[{"embeddable":true,"href":"https:\/\/cemyri.es\/es\/wp-json\/wp\/v2\/comments?post=27370"}],"version-history":[{"count":3,"href":"https:\/\/cemyri.es\/es\/wp-json\/wp\/v2\/pages\/27370\/revisions"}],"predecessor-version":[{"id":27469,"href":"https:\/\/cemyri.es\/es\/wp-json\/wp\/v2\/pages\/27370\/revisions\/27469"}],"up":[{"embeddable":true,"href":"https:\/\/cemyri.es\/es\/wp-json\/wp\/v2\/pages\/27357"}],"wp:attachment":[{"href":"https:\/\/cemyri.es\/es\/wp-json\/wp\/v2\/media?parent=27370"}],"curies":[{"name":"wp","href":"https:\/\/api.w.org\/{rel}","templated":true}]}}