{"id":27372,"date":"2022-10-13T09:30:09","date_gmt":"2022-10-13T09:30:09","guid":{"rendered":"https:\/\/cemyri.es\/es\/?page_id=27372"},"modified":"2022-10-13T11:26:21","modified_gmt":"2022-10-13T11:26:21","slug":"lidia-cotes-garcia","status":"publish","type":"page","link":"https:\/\/cemyri.es\/es\/profesores-invitados\/lidia-cotes-garcia\/","title":{"rendered":"Lidia Cotes Garc\u00eda"},"content":{"rendered":"\n<p><strong>Organizaci\u00f3n \/instituci\u00f3n: <\/strong>Cruz Roja<\/p>\n\n\n\n<p><strong>Departamento: <\/strong>Centro de Roquetas de Mar<\/p>\n\n\n\n<p><strong>Cargo\/funciones dentro de la organizaci\u00f3n:<\/strong><\/p>\n\n\n\n<p><strong>\u00c1rea de conocimiento:<\/strong><\/p>\n\n\n\n<p><strong>Correo electr\u00f3nico: <\/strong><a href=\"mailto:lidiacotes@cruzroja.es\">lidiacotes@cruzroja.es<\/a><\/p>\n\n\n\n<p><strong>Curr\u00edculum:<\/strong><\/p>\n\n\n\n<p><a href=\"https:\/\/es.linkedin.com\/in\/lidia-cotes-garc%C3%ADa-0bb38372\">https:\/\/es.linkedin.com\/in\/lidia-cotes-garc%C3%ADa-0bb38372<\/a><\/p>\n","protected":false},"excerpt":{"rendered":"<p>Organizaci\u00f3n \/instituci\u00f3n: Cruz Roja Departamento: Centro de Roquetas de Mar Cargo\/funciones dentro de la organizaci\u00f3n: \u00c1rea de conocimiento: Correo electr\u00f3nico: lidiacotes@cruzroja.es Curr\u00edculum: https:\/\/es.linkedin.com\/in\/lidia-cotes-garc%C3%ADa-0bb38372<\/p>\n","protected":false},"author":1,"featured_media":0,"parent":27357,"menu_order":0,"comment_status":"closed","ping_status":"closed","template":"","meta":{"footnotes":""},"class_list":["post-27372","page","type-page","status-publish","hentry"],"_links":{"self":[{"href":"https:\/\/cemyri.es\/es\/wp-json\/wp\/v2\/pages\/27372","targetHints":{"allow":["GET"]}}],"collection":[{"href":"https:\/\/cemyri.es\/es\/wp-json\/wp\/v2\/pages"}],"about":[{"href":"https:\/\/cemyri.es\/es\/wp-json\/wp\/v2\/types\/page"}],"author":[{"embeddable":true,"href":"https:\/\/cemyri.es\/es\/wp-json\/wp\/v2\/users\/1"}],"replies":[{"embeddable":true,"href":"https:\/\/cemyri.es\/es\/wp-json\/wp\/v2\/comments?post=27372"}],"version-history":[{"count":3,"href":"https:\/\/cemyri.es\/es\/wp-json\/wp\/v2\/pages\/27372\/revisions"}],"predecessor-version":[{"id":27471,"href":"https:\/\/cemyri.es\/es\/wp-json\/wp\/v2\/pages\/27372\/revisions\/27471"}],"up":[{"embeddable":true,"href":"https:\/\/cemyri.es\/es\/wp-json\/wp\/v2\/pages\/27357"}],"wp:attachment":[{"href":"https:\/\/cemyri.es\/es\/wp-json\/wp\/v2\/media?parent=27372"}],"curies":[{"name":"wp","href":"https:\/\/api.w.org\/{rel}","templated":true}]}}