{"id":27374,"date":"2022-10-13T09:31:03","date_gmt":"2022-10-13T09:31:03","guid":{"rendered":"https:\/\/cemyri.es\/es\/?page_id=27374"},"modified":"2022-10-13T11:26:36","modified_gmt":"2022-10-13T11:26:36","slug":"ana-maria-lopez-sala","status":"publish","type":"page","link":"https:\/\/cemyri.es\/es\/profesores-invitados\/ana-maria-lopez-sala\/","title":{"rendered":"Ana Mar\u00eda L\u00f3pez Sala"},"content":{"rendered":"\n<p><strong>Organizaci\u00f3n \/instituci\u00f3n: <\/strong>CSIC<\/p>\n\n\n\n<p><strong>Departamento: <\/strong>Instituto de Econom\u00eda, Geograf\u00eda y Demograf\u00eda (IEGD)<\/p>\n\n\n\n<p><strong>Cargo\/funciones dentro de la organizaci\u00f3n: <\/strong>Cient\u00edfica titular<\/p>\n\n\n\n<p><strong>\u00c1rea de conocimiento: <\/strong>Sociolog\u00eda<\/p>\n\n\n\n<p><strong>Correo electr\u00f3nico: <\/strong><a href=\"mailto:alsala030@yahoo.es\">alsala030@yahoo.es<\/a><\/p>\n\n\n\n<p><strong>Curr\u00edculum:<\/strong><\/p>\n\n\n\n<p><a href=\"https:\/\/www.researchgate.net\/profile\/Ana-Lopez-Sala\">https:\/\/www.researchgate.net\/profile\/Ana-Lopez-Sala<\/a><\/p>\n","protected":false},"excerpt":{"rendered":"<p>Organizaci\u00f3n \/instituci\u00f3n: CSIC Departamento: Instituto de Econom\u00eda, Geograf\u00eda y Demograf\u00eda (IEGD) Cargo\/funciones dentro de la organizaci\u00f3n: Cient\u00edfica titular \u00c1rea de conocimiento: Sociolog\u00eda Correo electr\u00f3nico: alsala030@yahoo.es Curr\u00edculum: https:\/\/www.researchgate.net\/profile\/Ana-Lopez-Sala<\/p>\n","protected":false},"author":1,"featured_media":0,"parent":27357,"menu_order":0,"comment_status":"closed","ping_status":"closed","template":"","meta":{"footnotes":""},"class_list":["post-27374","page","type-page","status-publish","hentry"],"_links":{"self":[{"href":"https:\/\/cemyri.es\/es\/wp-json\/wp\/v2\/pages\/27374","targetHints":{"allow":["GET"]}}],"collection":[{"href":"https:\/\/cemyri.es\/es\/wp-json\/wp\/v2\/pages"}],"about":[{"href":"https:\/\/cemyri.es\/es\/wp-json\/wp\/v2\/types\/page"}],"author":[{"embeddable":true,"href":"https:\/\/cemyri.es\/es\/wp-json\/wp\/v2\/users\/1"}],"replies":[{"embeddable":true,"href":"https:\/\/cemyri.es\/es\/wp-json\/wp\/v2\/comments?post=27374"}],"version-history":[{"count":2,"href":"https:\/\/cemyri.es\/es\/wp-json\/wp\/v2\/pages\/27374\/revisions"}],"predecessor-version":[{"id":27472,"href":"https:\/\/cemyri.es\/es\/wp-json\/wp\/v2\/pages\/27374\/revisions\/27472"}],"up":[{"embeddable":true,"href":"https:\/\/cemyri.es\/es\/wp-json\/wp\/v2\/pages\/27357"}],"wp:attachment":[{"href":"https:\/\/cemyri.es\/es\/wp-json\/wp\/v2\/media?parent=27374"}],"curies":[{"name":"wp","href":"https:\/\/api.w.org\/{rel}","templated":true}]}}