{"id":27376,"date":"2022-10-13T09:31:48","date_gmt":"2022-10-13T09:31:48","guid":{"rendered":"https:\/\/cemyri.es\/es\/?page_id=27376"},"modified":"2022-10-13T11:26:53","modified_gmt":"2022-10-13T11:26:53","slug":"yvonne-riano","status":"publish","type":"page","link":"https:\/\/cemyri.es\/es\/profesores-invitados\/yvonne-riano\/","title":{"rendered":"Yvonne Ria\u00f1o"},"content":{"rendered":"\n<p><strong>Organizaci\u00f3n \/instituci\u00f3n: <\/strong>Universidad de Neuchatel, Suiza<\/p>\n\n\n\n<p><strong>Departamento: <\/strong>Geograf\u00eda<\/p>\n\n\n\n<p><strong>Cargo\/funciones dentro de la organizaci\u00f3n: <\/strong>Profesora Asociada, Directora de Investigaci\u00f3n<\/p>\n\n\n\n<p><strong>\u00c1rea de conocimiento: <\/strong>Migraci\u00f3n, G\u00e9nero, Geograf\u00eda urbana<\/p>\n\n\n\n<p><strong>Correo electr\u00f3nico: <\/strong><a href=\"mailto:yvonne.riano@unine.ch\">yvonne.riano@unine.ch<\/a><\/p>\n\n\n\n<p><strong>Curr\u00edculum:<\/strong><\/p>\n\n\n\n<p><a href=\"https:\/\/www.researchgate.net\/profile\/Yvonne-Riano\">https:\/\/www.researchgate.net\/profile\/Yvonne-Riano<\/a><\/p>\n\n\n\n<p><a href=\"https:\/\/www.unine.ch\/geographie\/home\/collaborateurs-trices\/yvonne_riano.html\">https:\/\/www.unine.ch\/geographie\/home\/collaborateurs-trices\/yvonne_riano.html<\/a><\/p>\n","protected":false},"excerpt":{"rendered":"<p>Organizaci\u00f3n \/instituci\u00f3n: Universidad de Neuchatel, Suiza Departamento: Geograf\u00eda Cargo\/funciones dentro de la organizaci\u00f3n: Profesora Asociada, Directora de Investigaci\u00f3n \u00c1rea de conocimiento: Migraci\u00f3n, G\u00e9nero, Geograf\u00eda urbana Correo electr\u00f3nico: yvonne.riano@unine.ch Curr\u00edculum: https:\/\/www.researchgate.net\/profile\/Yvonne-Riano https:\/\/www.unine.ch\/geographie\/home\/collaborateurs-trices\/yvonne_riano.html<\/p>\n","protected":false},"author":1,"featured_media":0,"parent":27357,"menu_order":0,"comment_status":"closed","ping_status":"closed","template":"","meta":{"footnotes":""},"class_list":["post-27376","page","type-page","status-publish","hentry"],"_links":{"self":[{"href":"https:\/\/cemyri.es\/es\/wp-json\/wp\/v2\/pages\/27376","targetHints":{"allow":["GET"]}}],"collection":[{"href":"https:\/\/cemyri.es\/es\/wp-json\/wp\/v2\/pages"}],"about":[{"href":"https:\/\/cemyri.es\/es\/wp-json\/wp\/v2\/types\/page"}],"author":[{"embeddable":true,"href":"https:\/\/cemyri.es\/es\/wp-json\/wp\/v2\/users\/1"}],"replies":[{"embeddable":true,"href":"https:\/\/cemyri.es\/es\/wp-json\/wp\/v2\/comments?post=27376"}],"version-history":[{"count":3,"href":"https:\/\/cemyri.es\/es\/wp-json\/wp\/v2\/pages\/27376\/revisions"}],"predecessor-version":[{"id":27473,"href":"https:\/\/cemyri.es\/es\/wp-json\/wp\/v2\/pages\/27376\/revisions\/27473"}],"up":[{"embeddable":true,"href":"https:\/\/cemyri.es\/es\/wp-json\/wp\/v2\/pages\/27357"}],"wp:attachment":[{"href":"https:\/\/cemyri.es\/es\/wp-json\/wp\/v2\/media?parent=27376"}],"curies":[{"name":"wp","href":"https:\/\/api.w.org\/{rel}","templated":true}]}}