{"id":27378,"date":"2022-10-13T09:32:15","date_gmt":"2022-10-13T09:32:15","guid":{"rendered":"https:\/\/cemyri.es\/es\/?page_id=27378"},"modified":"2022-10-13T11:27:25","modified_gmt":"2022-10-13T11:27:25","slug":"jose-luis-solana-ruiz","status":"publish","type":"page","link":"https:\/\/cemyri.es\/es\/profesores-invitados\/jose-luis-solana-ruiz\/","title":{"rendered":"Jos\u00e9 Luis Solana Ru\u00edz"},"content":{"rendered":"\n<p><strong>Organizaci\u00f3n \/instituci\u00f3n: <\/strong>Universidad de Ja\u00e9n<\/p>\n\n\n\n<p><strong>Departamento: <\/strong>Antropolog\u00eda, Geograf\u00eda e Historia<\/p>\n\n\n\n<p><strong>Cargo\/funciones dentro de la organizaci\u00f3n: <\/strong>En estos momentos, ninguno<\/p>\n\n\n\n<p><strong>\u00c1rea de conocimiento: <\/strong>Antropolog\u00eda Social<\/p>\n\n\n\n<p><strong>Correo electr\u00f3nico:  <\/strong><a href=\"mailto:jlsolana@ujaen.es\">jlsolana@ujaen.es<\/a><\/p>\n\n\n\n<p><strong>Curr\u00edculum:<\/strong><\/p>\n\n\n\n<p><a href=\"https:\/\/scholar.google.com\/scholar?hl=es&amp;as_sdt=0%2C5&amp;q=solana+ruiz+jos%C3%A9&amp;oq=Solana+Ruiz\">https:\/\/scholar.google.com\/scholar?hl=es&amp;as_sdt=0%2C5&amp;q=solana+ruiz+jos%C3%A9&amp;oq=Solana+Ruiz<\/a> <\/p>\n\n\n\n<p><a href=\"https:\/\/dialnet.unirioja.es\/servlet\/autor?codigo=560415\">https:\/\/dialnet.unirioja.es\/servlet\/autor?codigo=560415<\/a><\/p>\n","protected":false},"excerpt":{"rendered":"<p>Organizaci\u00f3n \/instituci\u00f3n: Universidad de Ja\u00e9n Departamento: Antropolog\u00eda, Geograf\u00eda e Historia Cargo\/funciones dentro de la organizaci\u00f3n: En estos momentos, ninguno \u00c1rea de conocimiento: Antropolog\u00eda Social Correo electr\u00f3nico: jlsolana@ujaen.es Curr\u00edculum: https:\/\/scholar.google.com\/scholar?hl=es&amp;as_sdt=0%2C5&amp;q=solana+ruiz+jos%C3%A9&amp;oq=Solana+Ruiz https:\/\/dialnet.unirioja.es\/servlet\/autor?codigo=560415<\/p>\n","protected":false},"author":1,"featured_media":0,"parent":27357,"menu_order":0,"comment_status":"closed","ping_status":"closed","template":"","meta":{"footnotes":""},"class_list":["post-27378","page","type-page","status-publish","hentry"],"_links":{"self":[{"href":"https:\/\/cemyri.es\/es\/wp-json\/wp\/v2\/pages\/27378","targetHints":{"allow":["GET"]}}],"collection":[{"href":"https:\/\/cemyri.es\/es\/wp-json\/wp\/v2\/pages"}],"about":[{"href":"https:\/\/cemyri.es\/es\/wp-json\/wp\/v2\/types\/page"}],"author":[{"embeddable":true,"href":"https:\/\/cemyri.es\/es\/wp-json\/wp\/v2\/users\/1"}],"replies":[{"embeddable":true,"href":"https:\/\/cemyri.es\/es\/wp-json\/wp\/v2\/comments?post=27378"}],"version-history":[{"count":2,"href":"https:\/\/cemyri.es\/es\/wp-json\/wp\/v2\/pages\/27378\/revisions"}],"predecessor-version":[{"id":27474,"href":"https:\/\/cemyri.es\/es\/wp-json\/wp\/v2\/pages\/27378\/revisions\/27474"}],"up":[{"embeddable":true,"href":"https:\/\/cemyri.es\/es\/wp-json\/wp\/v2\/pages\/27357"}],"wp:attachment":[{"href":"https:\/\/cemyri.es\/es\/wp-json\/wp\/v2\/media?parent=27378"}],"curies":[{"name":"wp","href":"https:\/\/api.w.org\/{rel}","templated":true}]}}