{"id":27380,"date":"2022-10-13T09:32:47","date_gmt":"2022-10-13T09:32:47","guid":{"rendered":"https:\/\/cemyri.es\/es\/?page_id=27380"},"modified":"2022-10-13T11:27:50","modified_gmt":"2022-10-13T11:27:50","slug":"octavio-vazquez-aguado","status":"publish","type":"page","link":"https:\/\/cemyri.es\/es\/profesores-invitados\/octavio-vazquez-aguado\/","title":{"rendered":"Octavio V\u00e1zquez Aguado"},"content":{"rendered":"\n<p><strong>Organizaci\u00f3n \/instituci\u00f3n: <\/strong>Universidad de Huelva<\/p>\n\n\n\n<p><strong>Departamento: <\/strong>Sociolog\u00eda, Trabajo Social y Salud P\u00fablica<\/p>\n\n\n\n<p><strong>Cargo\/funciones dentro de la organizaci\u00f3n: <\/strong>Catedr\u00e1tico de Universidad. En estos momentos, director del Departamento de Sociolog\u00eda, Trabajo Social y Servicios Sociales de la Universidad de Huelva.<\/p>\n\n\n\n<p><strong>\u00c1rea de conocimiento: <\/strong>Trabajo Social y Servicios Sociales<\/p>\n\n\n\n<p><strong>Correo electr\u00f3nico: <\/strong><a href=\"mailto:octavio@dstso.uhu.es\">octavio@dstso.uhu.es<\/a><\/p>\n\n\n\n<p><strong>Curr\u00edculum:<\/strong><\/p>\n\n\n\n<p><a href=\"https:\/\/dialnet.unirioja.es\/servlet\/autor?codigo=272825\">https:\/\/dialnet.unirioja.es\/servlet\/autor?codigo=272825<\/a><\/p>\n\n\n\n<p><a href=\"https:\/\/scholar.google.com\/citations?user=tI5_4BwAAAAJ\">https:\/\/scholar.google.com\/citations?user=tI5_4BwAAAAJ<\/a><\/p>\n\n\n\n<p><a href=\"https:\/\/orcid.org\/0000-0002-7636-2724\">https:\/\/orcid.org\/0000-0002-7636-2724<\/a><\/p>\n\n\n\n<p><a href=\"https:\/\/www.scopus.com\/authid\/detail.uri?authorId=36195033900\">https:\/\/www.scopus.com\/authid\/detail.uri?authorId=36195033900<\/a> <a href=\"http:\/\/rabida.uhu.es\/dspace\/browse?authority=837&amp;type=author\">http:\/\/rabida.uhu.es\/dspace\/browse?authority=837&amp;type=author<\/a><\/p>\n","protected":false},"excerpt":{"rendered":"<p>Organizaci\u00f3n \/instituci\u00f3n: Universidad de Huelva Departamento: Sociolog\u00eda, Trabajo Social y Salud P\u00fablica Cargo\/funciones dentro de la organizaci\u00f3n: Catedr\u00e1tico de Universidad. En estos momentos, director del Departamento de Sociolog\u00eda, Trabajo Social y Servicios Sociales de la Universidad de Huelva. \u00c1rea de conocimiento: Trabajo Social y Servicios Sociales Correo electr\u00f3nico: octavio@dstso.uhu.es Curr\u00edculum: https:\/\/dialnet.unirioja.es\/servlet\/autor?codigo=272825 https:\/\/scholar.google.com\/citations?user=tI5_4BwAAAAJ https:\/\/orcid.org\/0000-0002-7636-2724 https:\/\/www.scopus.com\/authid\/detail.uri?authorId=36195033900 http:\/\/rabida.uhu.es\/dspace\/browse?authority=837&amp;type=author<\/p>\n","protected":false},"author":1,"featured_media":0,"parent":27357,"menu_order":0,"comment_status":"closed","ping_status":"closed","template":"","meta":{"footnotes":""},"class_list":["post-27380","page","type-page","status-publish","hentry"],"_links":{"self":[{"href":"https:\/\/cemyri.es\/es\/wp-json\/wp\/v2\/pages\/27380","targetHints":{"allow":["GET"]}}],"collection":[{"href":"https:\/\/cemyri.es\/es\/wp-json\/wp\/v2\/pages"}],"about":[{"href":"https:\/\/cemyri.es\/es\/wp-json\/wp\/v2\/types\/page"}],"author":[{"embeddable":true,"href":"https:\/\/cemyri.es\/es\/wp-json\/wp\/v2\/users\/1"}],"replies":[{"embeddable":true,"href":"https:\/\/cemyri.es\/es\/wp-json\/wp\/v2\/comments?post=27380"}],"version-history":[{"count":3,"href":"https:\/\/cemyri.es\/es\/wp-json\/wp\/v2\/pages\/27380\/revisions"}],"predecessor-version":[{"id":27475,"href":"https:\/\/cemyri.es\/es\/wp-json\/wp\/v2\/pages\/27380\/revisions\/27475"}],"up":[{"embeddable":true,"href":"https:\/\/cemyri.es\/es\/wp-json\/wp\/v2\/pages\/27357"}],"wp:attachment":[{"href":"https:\/\/cemyri.es\/es\/wp-json\/wp\/v2\/media?parent=27380"}],"curies":[{"name":"wp","href":"https:\/\/api.w.org\/{rel}","templated":true}]}}