{"id":27382,"date":"2022-10-13T09:33:17","date_gmt":"2022-10-13T09:33:17","guid":{"rendered":"https:\/\/cemyri.es\/es\/?page_id=27382"},"modified":"2022-10-13T11:28:01","modified_gmt":"2022-10-13T11:28:01","slug":"pedro-e-ventura-puertos","status":"publish","type":"page","link":"https:\/\/cemyri.es\/es\/profesores-invitados\/pedro-e-ventura-puertos\/","title":{"rendered":"Pedro E. Ventura Puertos"},"content":{"rendered":"\n<p><strong>Organizaci\u00f3n \/instituci\u00f3n: <\/strong>Universidad de C\u00f3rdoba<\/p>\n\n\n\n<p><strong>Departamento: <\/strong>Enfermer\u00eda, Farmacolog\u00eda y Fisioterapia. \u00c1rea de Enfermer\u00eda.<\/p>\n\n\n\n<p><strong>Cargo\/funciones dentro de la organizaci\u00f3n: <\/strong>Personal Docente e Investigador.<\/p>\n\n\n\n<p><strong>\u00c1rea de conocimiento: <\/strong>Ciencias de la Salud. Enfermer\u00eda.<\/p>\n\n\n\n<p><strong>Correo electr\u00f3nico: <\/strong><a href=\"mailto:pventura@uco.es\">pventura@uco.es<\/a><\/p>\n\n\n\n<p><strong>Curr\u00edculum:<\/strong><\/p>\n\n\n\n<p><a href=\"https:\/\/orcid.org\/0000-0001-5129-0376\">https:\/\/orcid.org\/0000-0001-5129-0376<\/a><\/p>\n\n\n\n<p>Scopus Author ID: 57204665187<\/p>\n","protected":false},"excerpt":{"rendered":"<p>Organizaci\u00f3n \/instituci\u00f3n: Universidad de C\u00f3rdoba Departamento: Enfermer\u00eda, Farmacolog\u00eda y Fisioterapia. \u00c1rea de Enfermer\u00eda. Cargo\/funciones dentro de la organizaci\u00f3n: Personal Docente e Investigador. \u00c1rea de conocimiento: Ciencias de la Salud. Enfermer\u00eda. Correo electr\u00f3nico: pventura@uco.es Curr\u00edculum: https:\/\/orcid.org\/0000-0001-5129-0376 Scopus Author ID: 57204665187<\/p>\n","protected":false},"author":1,"featured_media":0,"parent":27357,"menu_order":0,"comment_status":"closed","ping_status":"closed","template":"","meta":{"footnotes":""},"class_list":["post-27382","page","type-page","status-publish","hentry"],"_links":{"self":[{"href":"https:\/\/cemyri.es\/es\/wp-json\/wp\/v2\/pages\/27382","targetHints":{"allow":["GET"]}}],"collection":[{"href":"https:\/\/cemyri.es\/es\/wp-json\/wp\/v2\/pages"}],"about":[{"href":"https:\/\/cemyri.es\/es\/wp-json\/wp\/v2\/types\/page"}],"author":[{"embeddable":true,"href":"https:\/\/cemyri.es\/es\/wp-json\/wp\/v2\/users\/1"}],"replies":[{"embeddable":true,"href":"https:\/\/cemyri.es\/es\/wp-json\/wp\/v2\/comments?post=27382"}],"version-history":[{"count":3,"href":"https:\/\/cemyri.es\/es\/wp-json\/wp\/v2\/pages\/27382\/revisions"}],"predecessor-version":[{"id":27476,"href":"https:\/\/cemyri.es\/es\/wp-json\/wp\/v2\/pages\/27382\/revisions\/27476"}],"up":[{"embeddable":true,"href":"https:\/\/cemyri.es\/es\/wp-json\/wp\/v2\/pages\/27357"}],"wp:attachment":[{"href":"https:\/\/cemyri.es\/es\/wp-json\/wp\/v2\/media?parent=27382"}],"curies":[{"name":"wp","href":"https:\/\/api.w.org\/{rel}","templated":true}]}}