{"id":27391,"date":"2022-10-13T09:44:56","date_gmt":"2022-10-13T09:44:56","guid":{"rendered":"https:\/\/cemyri.es\/es\/?page_id=27391"},"modified":"2022-10-13T09:44:56","modified_gmt":"2022-10-13T09:44:56","slug":"estefania-acien-gonzalez","status":"publish","type":"page","link":"https:\/\/cemyri.es\/es\/profesores-titulares\/estefania-acien-gonzalez\/","title":{"rendered":"Estefan\u00eda Aci\u00e9n Gonz\u00e1lez"},"content":{"rendered":"\n<p><strong>Departamento: <\/strong>Geograf\u00eda, Historia y Humanidades<\/p>\n\n\n\n<p><strong>\u00c1rea de conocimiento: <\/strong>Antropolog\u00eda Social<\/p>\n\n\n\n<p><strong>Universidad: <\/strong>Almer\u00eda<\/p>\n\n\n\n<p><strong>L\u00edneas de Investigaci\u00f3n: <\/strong>G\u00e9nero, sexualidad, exclusi\u00f3n social, intervenci\u00f3n social, prostituci\u00f3n<\/p>\n\n\n\n<p><strong>Grupo de Investigaci\u00f3n: <\/strong>HUM472<\/p>\n\n\n\n<p><strong>Correo Electr\u00f3nico: <\/strong> <a href=\"mailto:eacien@ual.es\">eacien@ual.es<\/a><\/p>\n\n\n\n<p><strong>Direcci\u00f3n de contacto: <\/strong>Edificio Departamental de Humanidades y Ciencias de la Educaci\u00f3n II (Edif. C) Planta 2, Despacho 71, Universidad de Almer\u00eda<\/p>\n\n\n\n<p><strong>Curr\u00edculum<\/strong><\/p>\n\n\n\n<p><a href=\"https:\/\/www.researchgate.net\/profile\/Estefania-Acien\">https:\/\/www.researchgate.net\/profile\/Estefania-Acien<\/a><\/p>\n\n\n\n<p><strong>ORCID: 0000-0002-3344-6696<\/strong><\/p>\n\n\n\n<p><strong>SCOPUS: 56333943000<\/strong><\/p>\n\n\n\n<p><strong>RESEARCHER ID: F-9792-2016<\/strong><\/p>\n\n\n\n<p><a href=\"https:\/\/dialnet.unirioja.es\/servlet\/autor?codigo=1213529\">https:\/\/dialnet.unirioja.es\/servlet\/autor?codigo=1213529<\/a><\/p>\n\n\n\n<p><a href=\"https:\/\/www.scopus.com\/authid\/detail.uri?authorId=56333943000\">https:\/\/www.scopus.com\/authid\/detail.uri?authorId=56333943000<\/a><\/p>\n\n\n\n<p><a href=\"https:\/\/publons.com\/researcher\/2276175\/estefania-eag-acien-gonzalez\/\">https:\/\/publons.com\/researcher\/2276175\/estefania-eag-acien-gonzalez\/<\/a><\/p>\n","protected":false},"excerpt":{"rendered":"<p>Departamento: Geograf\u00eda, Historia y Humanidades \u00c1rea de conocimiento: Antropolog\u00eda Social Universidad: Almer\u00eda L\u00edneas de Investigaci\u00f3n: G\u00e9nero, sexualidad, exclusi\u00f3n social, intervenci\u00f3n social, prostituci\u00f3n Grupo de Investigaci\u00f3n: HUM472 Correo Electr\u00f3nico: eacien@ual.es Direcci\u00f3n de contacto: Edificio Departamental de Humanidades y Ciencias de la Educaci\u00f3n II (Edif. C) Planta 2, Despacho 71, Universidad de Almer\u00eda Curr\u00edculum https:\/\/www.researchgate.net\/profile\/Estefania-Acien ORCID: 0000-0002-3344-6696&#8230;<\/p>\n","protected":false},"author":1,"featured_media":0,"parent":27355,"menu_order":0,"comment_status":"closed","ping_status":"closed","template":"","meta":{"footnotes":""},"class_list":["post-27391","page","type-page","status-publish","hentry"],"_links":{"self":[{"href":"https:\/\/cemyri.es\/es\/wp-json\/wp\/v2\/pages\/27391","targetHints":{"allow":["GET"]}}],"collection":[{"href":"https:\/\/cemyri.es\/es\/wp-json\/wp\/v2\/pages"}],"about":[{"href":"https:\/\/cemyri.es\/es\/wp-json\/wp\/v2\/types\/page"}],"author":[{"embeddable":true,"href":"https:\/\/cemyri.es\/es\/wp-json\/wp\/v2\/users\/1"}],"replies":[{"embeddable":true,"href":"https:\/\/cemyri.es\/es\/wp-json\/wp\/v2\/comments?post=27391"}],"version-history":[{"count":1,"href":"https:\/\/cemyri.es\/es\/wp-json\/wp\/v2\/pages\/27391\/revisions"}],"predecessor-version":[{"id":27392,"href":"https:\/\/cemyri.es\/es\/wp-json\/wp\/v2\/pages\/27391\/revisions\/27392"}],"up":[{"embeddable":true,"href":"https:\/\/cemyri.es\/es\/wp-json\/wp\/v2\/pages\/27355"}],"wp:attachment":[{"href":"https:\/\/cemyri.es\/es\/wp-json\/wp\/v2\/media?parent=27391"}],"curies":[{"name":"wp","href":"https:\/\/api.w.org\/{rel}","templated":true}]}}