{"id":27393,"date":"2022-10-13T09:46:00","date_gmt":"2022-10-13T09:46:00","guid":{"rendered":"https:\/\/cemyri.es\/es\/?page_id=27393"},"modified":"2022-10-13T09:46:00","modified_gmt":"2022-10-13T09:46:00","slug":"federico-arcos-ramirez","status":"publish","type":"page","link":"https:\/\/cemyri.es\/es\/profesores-titulares\/federico-arcos-ramirez\/","title":{"rendered":"Federico Arcos Ram\u00edrez"},"content":{"rendered":"\n<p><strong>Departamento: <\/strong>Departamento de Derecho <strong><\/strong><\/p>\n\n\n\n<p><strong>\u00c1rea de conocimiento: <\/strong>Filosof\u00eda del Derecho<strong><\/strong><\/p>\n\n\n\n<p><strong>Universidad: <\/strong>Universidad de Almer\u00eda<\/p>\n\n\n\n<p><strong>L\u00edneas de Investigaci\u00f3n: <\/strong>Justicia global, derechos humanos e inmigraci\u00f3n.<strong><\/strong><\/p>\n\n\n\n<p><strong>Grupo de Investigaci\u00f3n: <\/strong>Derechos Humanos, Cooperaci\u00f3n Internacional y Libertad Religiosa SEJ-259.<strong><\/strong><\/p>\n\n\n\n<p><strong>Correo Electr\u00f3nico: <\/strong> <a href=\"mailto:farcos@ual.es\">farcos@ual.es<\/a><\/p>\n\n\n\n<p><strong>Direcci\u00f3n de contacto: <\/strong>Departamento de Derecho, Universidad de Almer\u00eda, Carretera de Sacramento s\/n, 04120, Almer\u00eda<\/p>\n\n\n\n<p><strong>Curr\u00edculum<\/strong><\/p>\n\n\n\n<p><strong> <\/strong><a rel=\"noreferrer noopener\" href=\"https:\/\/www.researchgate.net\/profile\/Federico-Arcos-Ramirez\" target=\"_blank\">https:\/\/www.researchgate.net\/profile\/Federico-Arcos-Ramirez<\/a><\/p>\n","protected":false},"excerpt":{"rendered":"<p>Departamento: Departamento de Derecho \u00c1rea de conocimiento: Filosof\u00eda del Derecho Universidad: Universidad de Almer\u00eda L\u00edneas de Investigaci\u00f3n: Justicia global, derechos humanos e inmigraci\u00f3n. Grupo de Investigaci\u00f3n: Derechos Humanos, Cooperaci\u00f3n Internacional y Libertad Religiosa SEJ-259. Correo Electr\u00f3nico: farcos@ual.es Direcci\u00f3n de contacto: Departamento de Derecho, Universidad de Almer\u00eda, Carretera de Sacramento s\/n, 04120, Almer\u00eda Curr\u00edculum https:\/\/www.researchgate.net\/profile\/Federico-Arcos-Ramirez<\/p>\n","protected":false},"author":1,"featured_media":0,"parent":27355,"menu_order":0,"comment_status":"closed","ping_status":"closed","template":"","meta":{"footnotes":""},"class_list":["post-27393","page","type-page","status-publish","hentry"],"_links":{"self":[{"href":"https:\/\/cemyri.es\/es\/wp-json\/wp\/v2\/pages\/27393","targetHints":{"allow":["GET"]}}],"collection":[{"href":"https:\/\/cemyri.es\/es\/wp-json\/wp\/v2\/pages"}],"about":[{"href":"https:\/\/cemyri.es\/es\/wp-json\/wp\/v2\/types\/page"}],"author":[{"embeddable":true,"href":"https:\/\/cemyri.es\/es\/wp-json\/wp\/v2\/users\/1"}],"replies":[{"embeddable":true,"href":"https:\/\/cemyri.es\/es\/wp-json\/wp\/v2\/comments?post=27393"}],"version-history":[{"count":1,"href":"https:\/\/cemyri.es\/es\/wp-json\/wp\/v2\/pages\/27393\/revisions"}],"predecessor-version":[{"id":27394,"href":"https:\/\/cemyri.es\/es\/wp-json\/wp\/v2\/pages\/27393\/revisions\/27394"}],"up":[{"embeddable":true,"href":"https:\/\/cemyri.es\/es\/wp-json\/wp\/v2\/pages\/27355"}],"wp:attachment":[{"href":"https:\/\/cemyri.es\/es\/wp-json\/wp\/v2\/media?parent=27393"}],"curies":[{"name":"wp","href":"https:\/\/api.w.org\/{rel}","templated":true}]}}