{"id":27395,"date":"2022-10-13T09:46:44","date_gmt":"2022-10-13T09:46:44","guid":{"rendered":"https:\/\/cemyri.es\/es\/?page_id=27395"},"modified":"2022-10-13T09:51:49","modified_gmt":"2022-10-13T09:51:49","slug":"angeles-arjona-garrido","status":"publish","type":"page","link":"https:\/\/cemyri.es\/es\/profesores-titulares\/angeles-arjona-garrido\/","title":{"rendered":"\u00c1ngeles Arjona Garrido"},"content":{"rendered":"\n<p><strong>Departamento: <\/strong>Geograf\u00eda, Historia y Humanidades<\/p>\n\n\n\n<p><strong>\u00c1rea de conocimiento: <\/strong>Antropolog\u00eda Social<\/p>\n\n\n\n<p><strong>Universidad: <\/strong>Almer\u00eda<\/p>\n\n\n\n<p><strong>L\u00edneas de Investigaci\u00f3n: <\/strong>Migraciones, Econom\u00eda \u00c9tnica, G\u00e9nero, Integraci\u00f3n, Mercado de trabajo, Alimentaci\u00f3n saludable y sostenible.<\/p>\n\n\n\n<p><strong>Grupo de Investigaci\u00f3n: <\/strong>Laboratorio de antropolog\u00eda social y cultural PAIDI: HUM 472<\/p>\n\n\n\n<p><strong>Correo Electr\u00f3nico: <\/strong><a href=\"mailto:arjona@ual.es\">arjona@ual.es<\/a><\/p>\n\n\n\n<p><strong>Direcci\u00f3n de contacto: <\/strong>Edificio Departamental de Humanidades y Ciencias de la Educaci\u00f3n II (Edif. C) Planta: 2, Despacho: 640<\/p>\n\n\n\n<p><strong>Curr\u00edculum<\/strong><\/p>\n\n\n\n<p><a href=\"https:\/\/www.researchgate.net\/profile\/Angeles-Garrido-2\">https:\/\/www.researchgate.net\/profile\/Angeles-Garrido-2<\/a> <\/p>\n\n\n\n<p><a rel=\"noreferrer noopener\" href=\"http:\/\/brujula.ual.es\/authors\/58.html\" target=\"_blank\">http:\/\/brujula.ual.es\/authors\/58.html<\/a><\/p>\n","protected":false},"excerpt":{"rendered":"<p>Departamento: Geograf\u00eda, Historia y Humanidades \u00c1rea de conocimiento: Antropolog\u00eda Social Universidad: Almer\u00eda L\u00edneas de Investigaci\u00f3n: Migraciones, Econom\u00eda \u00c9tnica, G\u00e9nero, Integraci\u00f3n, Mercado de trabajo, Alimentaci\u00f3n saludable y sostenible. Grupo de Investigaci\u00f3n: Laboratorio de antropolog\u00eda social y cultural PAIDI: HUM 472 Correo Electr\u00f3nico: arjona@ual.es Direcci\u00f3n de contacto: Edificio Departamental de Humanidades y Ciencias de la Educaci\u00f3n II&#8230;<\/p>\n","protected":false},"author":1,"featured_media":0,"parent":27355,"menu_order":0,"comment_status":"closed","ping_status":"closed","template":"","meta":{"footnotes":""},"class_list":["post-27395","page","type-page","status-publish","hentry"],"_links":{"self":[{"href":"https:\/\/cemyri.es\/es\/wp-json\/wp\/v2\/pages\/27395","targetHints":{"allow":["GET"]}}],"collection":[{"href":"https:\/\/cemyri.es\/es\/wp-json\/wp\/v2\/pages"}],"about":[{"href":"https:\/\/cemyri.es\/es\/wp-json\/wp\/v2\/types\/page"}],"author":[{"embeddable":true,"href":"https:\/\/cemyri.es\/es\/wp-json\/wp\/v2\/users\/1"}],"replies":[{"embeddable":true,"href":"https:\/\/cemyri.es\/es\/wp-json\/wp\/v2\/comments?post=27395"}],"version-history":[{"count":2,"href":"https:\/\/cemyri.es\/es\/wp-json\/wp\/v2\/pages\/27395\/revisions"}],"predecessor-version":[{"id":27407,"href":"https:\/\/cemyri.es\/es\/wp-json\/wp\/v2\/pages\/27395\/revisions\/27407"}],"up":[{"embeddable":true,"href":"https:\/\/cemyri.es\/es\/wp-json\/wp\/v2\/pages\/27355"}],"wp:attachment":[{"href":"https:\/\/cemyri.es\/es\/wp-json\/wp\/v2\/media?parent=27395"}],"curies":[{"name":"wp","href":"https:\/\/api.w.org\/{rel}","templated":true}]}}