{"id":27397,"date":"2022-10-13T09:47:33","date_gmt":"2022-10-13T09:47:33","guid":{"rendered":"https:\/\/cemyri.es\/es\/?page_id=27397"},"modified":"2022-10-13T09:47:34","modified_gmt":"2022-10-13T09:47:34","slug":"veronica-caballero-cala","status":"publish","type":"page","link":"https:\/\/cemyri.es\/es\/profesores-titulares\/veronica-caballero-cala\/","title":{"rendered":"Ver\u00f3nica Caballero Cala"},"content":{"rendered":"\n<p><strong>Departamento: <\/strong>Educaci\u00f3n<\/p>\n\n\n\n<p><strong>\u00c1rea de conocimiento: <\/strong>M\u00e9todos de Investigaci\u00f3n y Diagn\u00f3stico Educaci\u00f3n<\/p>\n\n\n\n<p><strong>Universidad: <\/strong>Almer\u00eda<\/p>\n\n\n\n<p><strong>L\u00edneas de Investigaci\u00f3n: <\/strong>Educaci\u00f3n para la salud transcultural, antropolog\u00eda m\u00e9dica aplicada y m\u00e9todos de investigaci\u00f3n en educaci\u00f3n para la salud.&nbsp;<\/p>\n\n\n\n<p><strong>Grupo de Investigaci\u00f3n: <\/strong>Grupo ERINe -Evaluation and Research in INtercultural education- (GRUPO PAIDI HUM-665)&nbsp;&nbsp;<strong><\/strong><\/p>\n\n\n\n<p><strong>Correo Electr\u00f3nico:  <\/strong><a href=\"mailto:vcc284@ual.es\">vcc284@ual.es<\/a><\/p>\n\n\n\n<p><strong>Direcci\u00f3n de contacto: <\/strong>Despacho 2.11 del edificio central (UAL)<\/p>\n\n\n\n<p><strong>Curr\u00edculum<\/strong><\/p>\n\n\n\n<p><strong> <\/strong><a href=\"https:\/\/www.researchgate.net\/profile\/Veronica-Cala?pubType=book\">https:\/\/www.researchgate.net\/profile\/Veronica-Cala?pubType=book<\/a><\/p>\n\n\n\n<p><a href=\"https:\/\/orcid.org\/0000-0003-1254-1667\">https:\/\/orcid.org\/0000-0003-1254-1667<\/a><\/p>\n","protected":false},"excerpt":{"rendered":"<p>Departamento: Educaci\u00f3n \u00c1rea de conocimiento: M\u00e9todos de Investigaci\u00f3n y Diagn\u00f3stico Educaci\u00f3n Universidad: Almer\u00eda L\u00edneas de Investigaci\u00f3n: Educaci\u00f3n para la salud transcultural, antropolog\u00eda m\u00e9dica aplicada y m\u00e9todos de investigaci\u00f3n en educaci\u00f3n para la salud.&nbsp; Grupo de Investigaci\u00f3n: Grupo ERINe -Evaluation and Research in INtercultural education- (GRUPO PAIDI HUM-665)&nbsp;&nbsp; Correo Electr\u00f3nico: vcc284@ual.es Direcci\u00f3n de contacto: Despacho 2.11&#8230;<\/p>\n","protected":false},"author":1,"featured_media":0,"parent":27355,"menu_order":0,"comment_status":"closed","ping_status":"closed","template":"","meta":{"footnotes":""},"class_list":["post-27397","page","type-page","status-publish","hentry"],"_links":{"self":[{"href":"https:\/\/cemyri.es\/es\/wp-json\/wp\/v2\/pages\/27397","targetHints":{"allow":["GET"]}}],"collection":[{"href":"https:\/\/cemyri.es\/es\/wp-json\/wp\/v2\/pages"}],"about":[{"href":"https:\/\/cemyri.es\/es\/wp-json\/wp\/v2\/types\/page"}],"author":[{"embeddable":true,"href":"https:\/\/cemyri.es\/es\/wp-json\/wp\/v2\/users\/1"}],"replies":[{"embeddable":true,"href":"https:\/\/cemyri.es\/es\/wp-json\/wp\/v2\/comments?post=27397"}],"version-history":[{"count":1,"href":"https:\/\/cemyri.es\/es\/wp-json\/wp\/v2\/pages\/27397\/revisions"}],"predecessor-version":[{"id":27398,"href":"https:\/\/cemyri.es\/es\/wp-json\/wp\/v2\/pages\/27397\/revisions\/27398"}],"up":[{"embeddable":true,"href":"https:\/\/cemyri.es\/es\/wp-json\/wp\/v2\/pages\/27355"}],"wp:attachment":[{"href":"https:\/\/cemyri.es\/es\/wp-json\/wp\/v2\/media?parent=27397"}],"curies":[{"name":"wp","href":"https:\/\/api.w.org\/{rel}","templated":true}]}}