{"id":27399,"date":"2022-10-13T09:48:15","date_gmt":"2022-10-13T09:48:15","guid":{"rendered":"https:\/\/cemyri.es\/es\/?page_id=27399"},"modified":"2022-10-13T09:48:15","modified_gmt":"2022-10-13T09:48:15","slug":"francisco-checa-olmos","status":"publish","type":"page","link":"https:\/\/cemyri.es\/es\/profesores-titulares\/francisco-checa-olmos\/","title":{"rendered":"Francisco Checa Olmos"},"content":{"rendered":"\n<p><strong>Departamento: <\/strong>Geograf\u00eda, Historia y Humanidades<\/p>\n\n\n\n<p><strong>\u00c1rea de conocimiento: <\/strong>Antropolog\u00eda Social<\/p>\n\n\n\n<p><strong>Universidad: <\/strong>Almer\u00eda<\/p>\n\n\n\n<p><strong>L\u00edneas de Investigaci\u00f3n<\/strong>: Patrimonio, etnicidad, integraci\u00f3n social, salud, cine e inmigraci\u00f3n<\/p>\n\n\n\n<p><strong>Grupo de Investigaci\u00f3n: <\/strong>HUM472<\/p>\n\n\n\n<p><strong>Correo Electr\u00f3nico: <\/strong><a href=\"mailto:fcheca@ual.es\">fcheca@ual.es<\/a><\/p>\n\n\n\n<p><strong>Direcci\u00f3n de contacto: <\/strong>Edificio Departamental de Humanidades y Ciencias de la Educaci\u00f3n II (Edif. C) Planta 2, Despacho 67, Universidad de Almer\u00eda.<\/p>\n\n\n\n<p><strong>Curr\u00edculum<\/strong><\/p>\n\n\n\n<p><a href=\"https:\/\/www.researchgate.net\/profile\/Francisco-Checa\">https:\/\/www.researchgate.net\/profile\/Francisco-Checa<\/a><\/p>\n","protected":false},"excerpt":{"rendered":"<p>Departamento: Geograf\u00eda, Historia y Humanidades \u00c1rea de conocimiento: Antropolog\u00eda Social Universidad: Almer\u00eda L\u00edneas de Investigaci\u00f3n: Patrimonio, etnicidad, integraci\u00f3n social, salud, cine e inmigraci\u00f3n Grupo de Investigaci\u00f3n: HUM472 Correo Electr\u00f3nico: fcheca@ual.es Direcci\u00f3n de contacto: Edificio Departamental de Humanidades y Ciencias de la Educaci\u00f3n II (Edif. C) Planta 2, Despacho 67, Universidad de Almer\u00eda. Curr\u00edculum https:\/\/www.researchgate.net\/profile\/Francisco-Checa<\/p>\n","protected":false},"author":1,"featured_media":0,"parent":27355,"menu_order":0,"comment_status":"closed","ping_status":"closed","template":"","meta":{"footnotes":""},"class_list":["post-27399","page","type-page","status-publish","hentry"],"_links":{"self":[{"href":"https:\/\/cemyri.es\/es\/wp-json\/wp\/v2\/pages\/27399","targetHints":{"allow":["GET"]}}],"collection":[{"href":"https:\/\/cemyri.es\/es\/wp-json\/wp\/v2\/pages"}],"about":[{"href":"https:\/\/cemyri.es\/es\/wp-json\/wp\/v2\/types\/page"}],"author":[{"embeddable":true,"href":"https:\/\/cemyri.es\/es\/wp-json\/wp\/v2\/users\/1"}],"replies":[{"embeddable":true,"href":"https:\/\/cemyri.es\/es\/wp-json\/wp\/v2\/comments?post=27399"}],"version-history":[{"count":1,"href":"https:\/\/cemyri.es\/es\/wp-json\/wp\/v2\/pages\/27399\/revisions"}],"predecessor-version":[{"id":27400,"href":"https:\/\/cemyri.es\/es\/wp-json\/wp\/v2\/pages\/27399\/revisions\/27400"}],"up":[{"embeddable":true,"href":"https:\/\/cemyri.es\/es\/wp-json\/wp\/v2\/pages\/27355"}],"wp:attachment":[{"href":"https:\/\/cemyri.es\/es\/wp-json\/wp\/v2\/media?parent=27399"}],"curies":[{"name":"wp","href":"https:\/\/api.w.org\/{rel}","templated":true}]}}