{"id":27401,"date":"2022-10-13T09:48:52","date_gmt":"2022-10-13T09:48:52","guid":{"rendered":"https:\/\/cemyri.es\/es\/?page_id=27401"},"modified":"2022-10-13T09:48:52","modified_gmt":"2022-10-13T09:48:52","slug":"juan-carlos-checa-olmos","status":"publish","type":"page","link":"https:\/\/cemyri.es\/es\/profesores-titulares\/juan-carlos-checa-olmos\/","title":{"rendered":"Juan Carlos Checa Olmos"},"content":{"rendered":"\n<p><strong>Departamento: <\/strong>Geograf\u00eda, Historia y Humanidades<\/p>\n\n\n\n<p><strong>\u00c1rea de conocimiento: <\/strong>Sociolog\u00eda<\/p>\n\n\n\n<p><strong>Universidad: <\/strong>Almer\u00eda<\/p>\n\n\n\n<p><strong>L\u00edneas de Investigaci\u00f3n: <\/strong>Segregaci\u00f3n residencial, m\u00e9todos de investigaci\u00f3n<\/p>\n\n\n\n<p><strong>Grupo de Investigaci\u00f3n: <\/strong>SEJ419<\/p>\n\n\n\n<p><strong>Correo Electr\u00f3nico: <\/strong> <a href=\"mailto:jcheca@ual.es\">jcheca@ual.es<\/a><\/p>\n\n\n\n<p><strong>Direcci\u00f3n de contacto: <\/strong>CEMyRI, Edificio de Servicios T\u00e9cnicos, Seg. Planta, Desp. 02.12.0, Universidad de Almer\u00eda<\/p>\n\n\n\n<p><strong>Curr\u00edculum<\/strong><\/p>\n\n\n\n<p><a href=\"https:\/\/www.researchgate.net\/profile\/Juan-Checa\">https:\/\/www.researchgate.net\/profile\/Juan-Checa<\/a><\/p>\n","protected":false},"excerpt":{"rendered":"<p>Departamento: Geograf\u00eda, Historia y Humanidades \u00c1rea de conocimiento: Sociolog\u00eda Universidad: Almer\u00eda L\u00edneas de Investigaci\u00f3n: Segregaci\u00f3n residencial, m\u00e9todos de investigaci\u00f3n Grupo de Investigaci\u00f3n: SEJ419 Correo Electr\u00f3nico: jcheca@ual.es Direcci\u00f3n de contacto: CEMyRI, Edificio de Servicios T\u00e9cnicos, Seg. Planta, Desp. 02.12.0, Universidad de Almer\u00eda Curr\u00edculum https:\/\/www.researchgate.net\/profile\/Juan-Checa<\/p>\n","protected":false},"author":1,"featured_media":0,"parent":27355,"menu_order":0,"comment_status":"closed","ping_status":"closed","template":"","meta":{"footnotes":""},"class_list":["post-27401","page","type-page","status-publish","hentry"],"_links":{"self":[{"href":"https:\/\/cemyri.es\/es\/wp-json\/wp\/v2\/pages\/27401","targetHints":{"allow":["GET"]}}],"collection":[{"href":"https:\/\/cemyri.es\/es\/wp-json\/wp\/v2\/pages"}],"about":[{"href":"https:\/\/cemyri.es\/es\/wp-json\/wp\/v2\/types\/page"}],"author":[{"embeddable":true,"href":"https:\/\/cemyri.es\/es\/wp-json\/wp\/v2\/users\/1"}],"replies":[{"embeddable":true,"href":"https:\/\/cemyri.es\/es\/wp-json\/wp\/v2\/comments?post=27401"}],"version-history":[{"count":1,"href":"https:\/\/cemyri.es\/es\/wp-json\/wp\/v2\/pages\/27401\/revisions"}],"predecessor-version":[{"id":27402,"href":"https:\/\/cemyri.es\/es\/wp-json\/wp\/v2\/pages\/27401\/revisions\/27402"}],"up":[{"embeddable":true,"href":"https:\/\/cemyri.es\/es\/wp-json\/wp\/v2\/pages\/27355"}],"wp:attachment":[{"href":"https:\/\/cemyri.es\/es\/wp-json\/wp\/v2\/media?parent=27401"}],"curies":[{"name":"wp","href":"https:\/\/api.w.org\/{rel}","templated":true}]}}