{"id":27403,"date":"2022-10-13T09:49:42","date_gmt":"2022-10-13T09:49:42","guid":{"rendered":"https:\/\/cemyri.es\/es\/?page_id=27403"},"modified":"2022-10-13T09:49:42","modified_gmt":"2022-10-13T09:49:42","slug":"rachida-dalouh-ounia","status":"publish","type":"page","link":"https:\/\/cemyri.es\/es\/profesores-titulares\/rachida-dalouh-ounia\/","title":{"rendered":"Rachida Dalouh Ounia"},"content":{"rendered":"\n<p><strong>Departamento: <\/strong>Educaci\u00f3n<\/p>\n\n\n\n<p><strong>\u00c1rea de conocimiento: <\/strong>M\u00e9todos de Investigaci\u00f3n y Diagn\u00f3stico Educaci\u00f3n<\/p>\n\n\n\n<p><strong>Universidad: <\/strong>Almer\u00eda<\/p>\n\n\n\n<p><strong>L\u00edneas de Investigaci\u00f3n: <\/strong>Inmigraci\u00f3n y Educaci\u00f3n Intercultural<\/p>\n\n\n\n<p><strong>Grupo de Investigaci\u00f3n: <\/strong>Investigaci\u00f3n y evaluaci\u00f3n en educaci\u00f3n intercultural HUM665<\/p>\n\n\n\n<p><strong>Correo Electr\u00f3nico: <\/strong> <a href=\"mailto:rd149@ual.es\">rd149@ual.es<\/a><\/p>\n\n\n\n<p><strong>Direcci\u00f3n de contacto: <\/strong>Despacho 0.31, Edif. Cient\u00edfico T\u00e9cnico III: Inform\u00e1tica-Matem\u00e1ticas<\/p>\n\n\n\n<p><strong>Curr\u00edculum<\/strong><\/p>\n\n\n\n<p><strong> <\/strong><a href=\"https:\/\/orcid.org\/0000-0003-4459-3891\">https:\/\/orcid.org\/0000-0003-4459-3891<\/a><\/p>\n","protected":false},"excerpt":{"rendered":"<p>Departamento: Educaci\u00f3n \u00c1rea de conocimiento: M\u00e9todos de Investigaci\u00f3n y Diagn\u00f3stico Educaci\u00f3n Universidad: Almer\u00eda L\u00edneas de Investigaci\u00f3n: Inmigraci\u00f3n y Educaci\u00f3n Intercultural Grupo de Investigaci\u00f3n: Investigaci\u00f3n y evaluaci\u00f3n en educaci\u00f3n intercultural HUM665 Correo Electr\u00f3nico: rd149@ual.es Direcci\u00f3n de contacto: Despacho 0.31, Edif. Cient\u00edfico T\u00e9cnico III: Inform\u00e1tica-Matem\u00e1ticas Curr\u00edculum https:\/\/orcid.org\/0000-0003-4459-3891<\/p>\n","protected":false},"author":1,"featured_media":0,"parent":27355,"menu_order":0,"comment_status":"closed","ping_status":"closed","template":"","meta":{"footnotes":""},"class_list":["post-27403","page","type-page","status-publish","hentry"],"_links":{"self":[{"href":"https:\/\/cemyri.es\/es\/wp-json\/wp\/v2\/pages\/27403","targetHints":{"allow":["GET"]}}],"collection":[{"href":"https:\/\/cemyri.es\/es\/wp-json\/wp\/v2\/pages"}],"about":[{"href":"https:\/\/cemyri.es\/es\/wp-json\/wp\/v2\/types\/page"}],"author":[{"embeddable":true,"href":"https:\/\/cemyri.es\/es\/wp-json\/wp\/v2\/users\/1"}],"replies":[{"embeddable":true,"href":"https:\/\/cemyri.es\/es\/wp-json\/wp\/v2\/comments?post=27403"}],"version-history":[{"count":1,"href":"https:\/\/cemyri.es\/es\/wp-json\/wp\/v2\/pages\/27403\/revisions"}],"predecessor-version":[{"id":27404,"href":"https:\/\/cemyri.es\/es\/wp-json\/wp\/v2\/pages\/27403\/revisions\/27404"}],"up":[{"embeddable":true,"href":"https:\/\/cemyri.es\/es\/wp-json\/wp\/v2\/pages\/27355"}],"wp:attachment":[{"href":"https:\/\/cemyri.es\/es\/wp-json\/wp\/v2\/media?parent=27403"}],"curies":[{"name":"wp","href":"https:\/\/api.w.org\/{rel}","templated":true}]}}