{"id":27405,"date":"2022-10-13T09:50:33","date_gmt":"2022-10-13T09:50:33","guid":{"rendered":"https:\/\/cemyri.es\/es\/?page_id=27405"},"modified":"2022-10-13T09:50:33","modified_gmt":"2022-10-13T09:50:33","slug":"eva-maria-diez-peralta","status":"publish","type":"page","link":"https:\/\/cemyri.es\/es\/profesores-titulares\/eva-maria-diez-peralta\/","title":{"rendered":"Eva Mar\u00eda D\u00edez Peralta"},"content":{"rendered":"\n<p><strong>Departamento: <\/strong>Departamento de Derecho<\/p>\n\n\n\n<p><strong>\u00c1rea de conocimiento: <\/strong>\u00c1rea de Derecho Internacional P\u00fablico y Relaciones Internacionales<\/p>\n\n\n\n<p><strong>Universidad: <\/strong>Almer\u00eda<\/p>\n\n\n\n<p><strong>L\u00edneas de Investigaci\u00f3n:<\/strong><\/p>\n\n\n\n<p><strong>Grupo de Investigaci\u00f3n: <\/strong>Derechos Humanos, Cooperaci\u00f3n Internacional y Libertad Religiosa SEJ259<\/p>\n\n\n\n<p><strong>Correo Electr\u00f3nico: <\/strong><a href=\"mailto:emdiez@ual.es\">emdiez@ual.es<\/a><\/p>\n\n\n\n<p><strong>Direcci\u00f3n de contacto: <\/strong>Despacho 1.15 del Edificio Departamental de Derecho.<\/p>\n\n\n\n<p><strong>Curr\u00edculum<\/strong><\/p>\n\n\n\n<p><a href=\"https:\/\/dialnet.unirioja.es\/servlet\/autor?codigo=984393\">https:\/\/dialnet.unirioja.es\/servlet\/autor?codigo=984393<\/a><\/p>\n\n\n\n<p><a href=\"http:\/\/brujula.ual.es\/authors\/239.html?pageType=ARTICLE&amp;sortBy=dateAsc&amp;title=&amp;yearFrom=&amp;yearUntil=&amp;publicationJournal=#sort-publications\">http:\/\/brujula.ual.es\/authors\/239.html?pageType=ARTICLE&amp;sortBy=dateAsc&amp;title=&amp;yearFrom=&amp;yearUntil=&amp;publicationJournal=#sort-publications<\/a> \u00a0<\/p>\n\n\n\n<p><a href=\"https:\/\/orcid.org\/0000-0001-6659-5279\">https:\/\/orcid.org\/0000-0001-6659-5279<\/a><\/p>\n","protected":false},"excerpt":{"rendered":"<p>Departamento: Departamento de Derecho \u00c1rea de conocimiento: \u00c1rea de Derecho Internacional P\u00fablico y Relaciones Internacionales Universidad: Almer\u00eda L\u00edneas de Investigaci\u00f3n: Grupo de Investigaci\u00f3n: Derechos Humanos, Cooperaci\u00f3n Internacional y Libertad Religiosa SEJ259 Correo Electr\u00f3nico: emdiez@ual.es Direcci\u00f3n de contacto: Despacho 1.15 del Edificio Departamental de Derecho. Curr\u00edculum https:\/\/dialnet.unirioja.es\/servlet\/autor?codigo=984393 http:\/\/brujula.ual.es\/authors\/239.html?pageType=ARTICLE&amp;sortBy=dateAsc&amp;title=&amp;yearFrom=&amp;yearUntil=&amp;publicationJournal=#sort-publications \u00a0 https:\/\/orcid.org\/0000-0001-6659-5279<\/p>\n","protected":false},"author":1,"featured_media":0,"parent":27355,"menu_order":0,"comment_status":"closed","ping_status":"closed","template":"","meta":{"footnotes":""},"class_list":["post-27405","page","type-page","status-publish","hentry"],"_links":{"self":[{"href":"https:\/\/cemyri.es\/es\/wp-json\/wp\/v2\/pages\/27405","targetHints":{"allow":["GET"]}}],"collection":[{"href":"https:\/\/cemyri.es\/es\/wp-json\/wp\/v2\/pages"}],"about":[{"href":"https:\/\/cemyri.es\/es\/wp-json\/wp\/v2\/types\/page"}],"author":[{"embeddable":true,"href":"https:\/\/cemyri.es\/es\/wp-json\/wp\/v2\/users\/1"}],"replies":[{"embeddable":true,"href":"https:\/\/cemyri.es\/es\/wp-json\/wp\/v2\/comments?post=27405"}],"version-history":[{"count":1,"href":"https:\/\/cemyri.es\/es\/wp-json\/wp\/v2\/pages\/27405\/revisions"}],"predecessor-version":[{"id":27406,"href":"https:\/\/cemyri.es\/es\/wp-json\/wp\/v2\/pages\/27405\/revisions\/27406"}],"up":[{"embeddable":true,"href":"https:\/\/cemyri.es\/es\/wp-json\/wp\/v2\/pages\/27355"}],"wp:attachment":[{"href":"https:\/\/cemyri.es\/es\/wp-json\/wp\/v2\/media?parent=27405"}],"curies":[{"name":"wp","href":"https:\/\/api.w.org\/{rel}","templated":true}]}}