{"id":27410,"date":"2022-10-13T10:11:26","date_gmt":"2022-10-13T10:11:26","guid":{"rendered":"https:\/\/cemyri.es\/es\/?page_id=27410"},"modified":"2022-10-13T10:11:26","modified_gmt":"2022-10-13T10:11:26","slug":"juan-sebastian-fernandez-prados","status":"publish","type":"page","link":"https:\/\/cemyri.es\/es\/profesores-titulares\/juan-sebastian-fernandez-prados\/","title":{"rendered":"Juan Sebasti\u00e1n Fern\u00e1ndez Prados"},"content":{"rendered":"\n<p><strong>Departamento: <\/strong>Geograf\u00eda, Historia y Humanidades<\/p>\n\n\n\n<p><strong>\u00c1rea de conocimiento: <\/strong>Sociolog\u00eda<\/p>\n\n\n\n<p><strong>Universidad: <\/strong>Almer\u00eda<\/p>\n\n\n\n<p><strong>L\u00edneas de Investigaci\u00f3n: <\/strong>Sociedad digital, participaci\u00f3n, exclusi\u00f3n social, racismo, m\u00e9todos de investigaci\u00f3n<\/p>\n\n\n\n<p><strong>Grupo de Investigaci\u00f3n: <\/strong>Grupo Indalo de Sociolog\u00eda Aplicada (GISA) Grupo de Investigaci\u00f3n (SEJ419)<\/p>\n\n\n\n<p><strong>Correo Electr\u00f3nico: <\/strong><a href=\"mailto:jsprados@ual.es\">jsprados@ual.es<\/a><\/p>\n\n\n\n<p><strong>Direcci\u00f3n de contacto: <\/strong>Edificio Departamental de Humanidades y Ciencias de la Educaci\u00f3n II (Edif. C) Planta 2, Despacho 68<\/p>\n\n\n\n<p><strong>Curr\u00edculum<\/strong><\/p>\n\n\n\n<p>ORCID: 0000-0002-7419-3998<\/p>\n\n\n\n<p>ResearcherID: C-4922-2011<\/p>\n\n\n\n<p>Scopus Author ID: 6504753195<\/p>\n\n\n\n<p>Academia: <a href=\"https:\/\/ual-es.academia.edu\/jsprados\">https:\/\/ual-es.academia.edu\/jsprados<\/a><\/p>\n\n\n\n<p>ResearchGate: <a href=\"https:\/\/www.researchgate.net\/profile\/Juan-Fernandez-Prados\">https:\/\/www.researchgate.net\/profile\/Juan-Fernandez-Prados<\/a><\/p>\n","protected":false},"excerpt":{"rendered":"<p>Departamento: Geograf\u00eda, Historia y Humanidades \u00c1rea de conocimiento: Sociolog\u00eda Universidad: Almer\u00eda L\u00edneas de Investigaci\u00f3n: Sociedad digital, participaci\u00f3n, exclusi\u00f3n social, racismo, m\u00e9todos de investigaci\u00f3n Grupo de Investigaci\u00f3n: Grupo Indalo de Sociolog\u00eda Aplicada (GISA) Grupo de Investigaci\u00f3n (SEJ419) Correo Electr\u00f3nico: jsprados@ual.es Direcci\u00f3n de contacto: Edificio Departamental de Humanidades y Ciencias de la Educaci\u00f3n II (Edif. C) Planta&#8230;<\/p>\n","protected":false},"author":1,"featured_media":0,"parent":27355,"menu_order":0,"comment_status":"closed","ping_status":"closed","template":"","meta":{"footnotes":""},"class_list":["post-27410","page","type-page","status-publish","hentry"],"_links":{"self":[{"href":"https:\/\/cemyri.es\/es\/wp-json\/wp\/v2\/pages\/27410","targetHints":{"allow":["GET"]}}],"collection":[{"href":"https:\/\/cemyri.es\/es\/wp-json\/wp\/v2\/pages"}],"about":[{"href":"https:\/\/cemyri.es\/es\/wp-json\/wp\/v2\/types\/page"}],"author":[{"embeddable":true,"href":"https:\/\/cemyri.es\/es\/wp-json\/wp\/v2\/users\/1"}],"replies":[{"embeddable":true,"href":"https:\/\/cemyri.es\/es\/wp-json\/wp\/v2\/comments?post=27410"}],"version-history":[{"count":1,"href":"https:\/\/cemyri.es\/es\/wp-json\/wp\/v2\/pages\/27410\/revisions"}],"predecessor-version":[{"id":27411,"href":"https:\/\/cemyri.es\/es\/wp-json\/wp\/v2\/pages\/27410\/revisions\/27411"}],"up":[{"embeddable":true,"href":"https:\/\/cemyri.es\/es\/wp-json\/wp\/v2\/pages\/27355"}],"wp:attachment":[{"href":"https:\/\/cemyri.es\/es\/wp-json\/wp\/v2\/media?parent=27410"}],"curies":[{"name":"wp","href":"https:\/\/api.w.org\/{rel}","templated":true}]}}