{"id":27412,"date":"2022-10-13T10:12:01","date_gmt":"2022-10-13T10:12:01","guid":{"rendered":"https:\/\/cemyri.es\/es\/?page_id=27412"},"modified":"2022-10-13T10:12:02","modified_gmt":"2022-10-13T10:12:02","slug":"donato-gomez-diaz","status":"publish","type":"page","link":"https:\/\/cemyri.es\/es\/profesores-titulares\/donato-gomez-diaz\/","title":{"rendered":"Donato G\u00f3mez D\u00edaz"},"content":{"rendered":"\n<p><strong>Departamento: <\/strong>Econom\u00eda y Empresa<\/p>\n\n\n\n<p><strong>\u00c1rea de conocimiento: <\/strong>Historia e Instituciones Econ\u00f3micas<\/p>\n\n\n\n<p><strong>Universidad: <\/strong>Almer\u00eda<\/p>\n\n\n\n<p><strong>L\u00edneas de Investigaci\u00f3n: <\/strong>Historia Econ\u00f3mica<\/p>\n\n\n\n<p><strong>Grupo de Investigaci\u00f3n:<\/strong><\/p>\n\n\n\n<p><strong>Correo Electr\u00f3nico: <\/strong><a href=\"mailto:dgomez@ual.es\">dgomez@ual.es<\/a><\/p>\n\n\n\n<p><strong>Direcci\u00f3n de contacto: <\/strong>Edificio de Empresariales, despacho 120<\/p>\n\n\n\n<p><strong>Curr\u00edculum<\/strong><\/p>\n\n\n\n<p><a href=\"https:\/\/www.researchgate.net\/profile\/Donato-Gomez-Diaz\">https:\/\/www.researchgate.net\/profile\/Donato-Gomez-Diaz<\/a><\/p>\n","protected":false},"excerpt":{"rendered":"<p>Departamento: Econom\u00eda y Empresa \u00c1rea de conocimiento: Historia e Instituciones Econ\u00f3micas Universidad: Almer\u00eda L\u00edneas de Investigaci\u00f3n: Historia Econ\u00f3mica Grupo de Investigaci\u00f3n: Correo Electr\u00f3nico: dgomez@ual.es Direcci\u00f3n de contacto: Edificio de Empresariales, despacho 120 Curr\u00edculum https:\/\/www.researchgate.net\/profile\/Donato-Gomez-Diaz<\/p>\n","protected":false},"author":1,"featured_media":0,"parent":27355,"menu_order":0,"comment_status":"closed","ping_status":"closed","template":"","meta":{"footnotes":""},"class_list":["post-27412","page","type-page","status-publish","hentry"],"_links":{"self":[{"href":"https:\/\/cemyri.es\/es\/wp-json\/wp\/v2\/pages\/27412","targetHints":{"allow":["GET"]}}],"collection":[{"href":"https:\/\/cemyri.es\/es\/wp-json\/wp\/v2\/pages"}],"about":[{"href":"https:\/\/cemyri.es\/es\/wp-json\/wp\/v2\/types\/page"}],"author":[{"embeddable":true,"href":"https:\/\/cemyri.es\/es\/wp-json\/wp\/v2\/users\/1"}],"replies":[{"embeddable":true,"href":"https:\/\/cemyri.es\/es\/wp-json\/wp\/v2\/comments?post=27412"}],"version-history":[{"count":1,"href":"https:\/\/cemyri.es\/es\/wp-json\/wp\/v2\/pages\/27412\/revisions"}],"predecessor-version":[{"id":27413,"href":"https:\/\/cemyri.es\/es\/wp-json\/wp\/v2\/pages\/27412\/revisions\/27413"}],"up":[{"embeddable":true,"href":"https:\/\/cemyri.es\/es\/wp-json\/wp\/v2\/pages\/27355"}],"wp:attachment":[{"href":"https:\/\/cemyri.es\/es\/wp-json\/wp\/v2\/media?parent=27412"}],"curies":[{"name":"wp","href":"https:\/\/api.w.org\/{rel}","templated":true}]}}