{"id":27414,"date":"2022-10-13T10:12:35","date_gmt":"2022-10-13T10:12:35","guid":{"rendered":"https:\/\/cemyri.es\/es\/?page_id=27414"},"modified":"2022-10-13T10:12:35","modified_gmt":"2022-10-13T10:12:35","slug":"beatriz-gonzalez-martin","status":"publish","type":"page","link":"https:\/\/cemyri.es\/es\/profesores-titulares\/beatriz-gonzalez-martin\/","title":{"rendered":"Beatriz Gonz\u00e1lez Mart\u00edn"},"content":{"rendered":"\n<p><strong>Departamento: <\/strong>Geograf\u00eda, Historia y Humanidades<\/p>\n\n\n\n<p><strong>\u00c1rea de conocimiento: <\/strong>Geograf\u00eda Humana<\/p>\n\n\n\n<p><strong>Universidad: <\/strong>Almer\u00eda<\/p>\n\n\n\n<p><strong>L\u00edneas de Investigaci\u00f3n: <\/strong>Inmigraci\u00f3n y Mercado de trabajo<\/p>\n\n\n\n<p><strong>Grupo de Investigaci\u00f3n: <\/strong>Paralelo 37\u00ba, An\u00e1lisis sociodemogr\u00e1ficos y territoriales HUM635<\/p>\n\n\n\n<p><strong>Correo Electr\u00f3nico: <\/strong><a href=\"mailto:bgm620@ual.es\">bgm620@ual.es<\/a><\/p>\n\n\n\n<p><strong>Direcci\u00f3n de contacto: <\/strong>Despacho 2.39, Edif. Depart. Humanidades y CC.EE. II<\/p>\n\n\n\n<p><strong>Curr\u00edculum &nbsp;<\/strong><\/p>\n\n\n\n<p>ORCID: 0000-0002-4931-767X<\/p>\n\n\n\n<p>ScopusID: 55491166200<\/p>\n\n\n\n<p>ResearcherID: AAB-1034-2019 DialnetID: 2586568<\/p>\n","protected":false},"excerpt":{"rendered":"<p>Departamento: Geograf\u00eda, Historia y Humanidades \u00c1rea de conocimiento: Geograf\u00eda Humana Universidad: Almer\u00eda L\u00edneas de Investigaci\u00f3n: Inmigraci\u00f3n y Mercado de trabajo Grupo de Investigaci\u00f3n: Paralelo 37\u00ba, An\u00e1lisis sociodemogr\u00e1ficos y territoriales HUM635 Correo Electr\u00f3nico: bgm620@ual.es Direcci\u00f3n de contacto: Despacho 2.39, Edif. Depart. Humanidades y CC.EE. II Curr\u00edculum &nbsp; ORCID: 0000-0002-4931-767X ScopusID: 55491166200 ResearcherID: AAB-1034-2019 DialnetID: 2586568<\/p>\n","protected":false},"author":1,"featured_media":0,"parent":27355,"menu_order":0,"comment_status":"closed","ping_status":"closed","template":"","meta":{"footnotes":""},"class_list":["post-27414","page","type-page","status-publish","hentry"],"_links":{"self":[{"href":"https:\/\/cemyri.es\/es\/wp-json\/wp\/v2\/pages\/27414","targetHints":{"allow":["GET"]}}],"collection":[{"href":"https:\/\/cemyri.es\/es\/wp-json\/wp\/v2\/pages"}],"about":[{"href":"https:\/\/cemyri.es\/es\/wp-json\/wp\/v2\/types\/page"}],"author":[{"embeddable":true,"href":"https:\/\/cemyri.es\/es\/wp-json\/wp\/v2\/users\/1"}],"replies":[{"embeddable":true,"href":"https:\/\/cemyri.es\/es\/wp-json\/wp\/v2\/comments?post=27414"}],"version-history":[{"count":1,"href":"https:\/\/cemyri.es\/es\/wp-json\/wp\/v2\/pages\/27414\/revisions"}],"predecessor-version":[{"id":27415,"href":"https:\/\/cemyri.es\/es\/wp-json\/wp\/v2\/pages\/27414\/revisions\/27415"}],"up":[{"embeddable":true,"href":"https:\/\/cemyri.es\/es\/wp-json\/wp\/v2\/pages\/27355"}],"wp:attachment":[{"href":"https:\/\/cemyri.es\/es\/wp-json\/wp\/v2\/media?parent=27414"}],"curies":[{"name":"wp","href":"https:\/\/api.w.org\/{rel}","templated":true}]}}