{"id":27416,"date":"2022-10-13T10:13:07","date_gmt":"2022-10-13T10:13:07","guid":{"rendered":"https:\/\/cemyri.es\/es\/?page_id=27416"},"modified":"2022-10-13T10:15:53","modified_gmt":"2022-10-13T10:15:53","slug":"lucia-lopez-rodriguez","status":"publish","type":"page","link":"https:\/\/cemyri.es\/es\/profesores-titulares\/lucia-lopez-rodriguez\/","title":{"rendered":"Luc\u00eda L\u00f3pez Rodr\u00edguez"},"content":{"rendered":"\n<p><strong>Departamento: <\/strong>Psicolog\u00eda<\/p>\n\n\n\n<p><strong>\u00c1rea de conocimiento: <\/strong>Psicolog\u00eda Social<\/p>\n\n\n\n<p><strong>Universidad: <\/strong>Almer\u00eda<\/p>\n\n\n\n<p><strong>L\u00edneas de Investigaci\u00f3n: <\/strong>Aculturaci\u00f3n, Estereotipos, Prejuicio, Relaciones interculturales<\/p>\n\n\n\n<p><strong>Grupo de Investigaci\u00f3n: <\/strong>HUM743<\/p>\n\n\n\n<p><strong>Correo Electr\u00f3nico: <\/strong><a href=\"mailto:lucialopez@ual.es\">lucialopez@ual.es<\/a><\/p>\n\n\n\n<p><strong>Direcci\u00f3n de contacto: <\/strong>Depart. Humanidades y CC.EE II \u2013 (C) <\/p>\n\n\n\n<p>Despacho profesor (1.090) Depart. humanidades y CC.EE II \u2013 (C).<\/p>\n\n\n\n<p><strong>Curr\u00edculum<\/strong><\/p>\n\n\n\n<p><a href=\"https:\/\/publons.com\/researcher\/1442069\/lucia-lopez-rodriguez\/metrics\/\">https:\/\/publons.com\/researcher\/1442069\/lucia-lopez-rodriguez\/metrics\/<\/a><\/p>\n\n\n\n<p><a href=\"https:\/\/www.researchgate.net\/profile\/Lucia-Lopez-Rodriguez\">https:\/\/www.researchgate.net\/profile\/Lucia-Lopez-Rodriguez<\/a><\/p>\n","protected":false},"excerpt":{"rendered":"<p>Departamento: Psicolog\u00eda \u00c1rea de conocimiento: Psicolog\u00eda Social Universidad: Almer\u00eda L\u00edneas de Investigaci\u00f3n: Aculturaci\u00f3n, Estereotipos, Prejuicio, Relaciones interculturales Grupo de Investigaci\u00f3n: HUM743 Correo Electr\u00f3nico: lucialopez@ual.es Direcci\u00f3n de contacto: Depart. Humanidades y CC.EE II \u2013 (C) Despacho profesor (1.090) Depart. humanidades y CC.EE II \u2013 (C). Curr\u00edculum https:\/\/publons.com\/researcher\/1442069\/lucia-lopez-rodriguez\/metrics\/ https:\/\/www.researchgate.net\/profile\/Lucia-Lopez-Rodriguez<\/p>\n","protected":false},"author":1,"featured_media":0,"parent":27355,"menu_order":0,"comment_status":"closed","ping_status":"closed","template":"","meta":{"footnotes":""},"class_list":["post-27416","page","type-page","status-publish","hentry"],"_links":{"self":[{"href":"https:\/\/cemyri.es\/es\/wp-json\/wp\/v2\/pages\/27416","targetHints":{"allow":["GET"]}}],"collection":[{"href":"https:\/\/cemyri.es\/es\/wp-json\/wp\/v2\/pages"}],"about":[{"href":"https:\/\/cemyri.es\/es\/wp-json\/wp\/v2\/types\/page"}],"author":[{"embeddable":true,"href":"https:\/\/cemyri.es\/es\/wp-json\/wp\/v2\/users\/1"}],"replies":[{"embeddable":true,"href":"https:\/\/cemyri.es\/es\/wp-json\/wp\/v2\/comments?post=27416"}],"version-history":[{"count":2,"href":"https:\/\/cemyri.es\/es\/wp-json\/wp\/v2\/pages\/27416\/revisions"}],"predecessor-version":[{"id":27420,"href":"https:\/\/cemyri.es\/es\/wp-json\/wp\/v2\/pages\/27416\/revisions\/27420"}],"up":[{"embeddable":true,"href":"https:\/\/cemyri.es\/es\/wp-json\/wp\/v2\/pages\/27355"}],"wp:attachment":[{"href":"https:\/\/cemyri.es\/es\/wp-json\/wp\/v2\/media?parent=27416"}],"curies":[{"name":"wp","href":"https:\/\/api.w.org\/{rel}","templated":true}]}}