{"id":27421,"date":"2022-10-13T10:17:01","date_gmt":"2022-10-13T10:17:01","guid":{"rendered":"https:\/\/cemyri.es\/es\/?page_id=27421"},"modified":"2022-10-13T10:17:02","modified_gmt":"2022-10-13T10:17:02","slug":"victor-antonio-luque-de-haro","status":"publish","type":"page","link":"https:\/\/cemyri.es\/es\/profesores-titulares\/victor-antonio-luque-de-haro\/","title":{"rendered":"V\u00edctor Antonio Luque de Haro"},"content":{"rendered":"\n<p><strong>Departamento: <\/strong>Econom\u00eda y Empresa<strong><\/strong><\/p>\n\n\n\n<p><strong>\u00c1rea de conocimiento: <\/strong>Historia e Instituciones Econ\u00f3micas<\/p>\n\n\n\n<p><strong>Universidad: <\/strong>Almer\u00eda<\/p>\n\n\n\n<p><strong>L\u00edneas de Investigaci\u00f3n: <\/strong>Historia econ\u00f3mica, demograf\u00eda hist\u00f3rica, desarrollo econ\u00f3mico y desigualdad.<\/p>\n\n\n\n<p><strong>Grupo de Investigaci\u00f3n: <\/strong>SEJ667: HISTORIA ECON\u00d3MICA Y DESARROLLO (HEDES)<\/p>\n\n\n\n<p><strong>Correo Electr\u00f3nico: <\/strong><a href=\"mailto:victorluque@ual.es\">victorluque@ual.es<\/a><\/p>\n\n\n\n<p><strong>Direcci\u00f3n de contacto: <\/strong>Despacho 0.13 CITE III<\/p>\n\n\n\n<p><strong>Curr\u00edculum<\/strong><\/p>\n\n\n\n<p>1. Web of Science (publons)<\/p>\n\n\n\n<p>ResearcherID: AAV-7789-2021<\/p>\n\n\n\n<p><a href=\"https:\/\/publons.com\/researcher\/3745994\/victor-antonio-luque-de-haro\/\">https:\/\/publons.com\/researcher\/3745994\/victor-antonio-luque-de-haro\/<\/a><\/p>\n\n\n\n<p>2. Scopus<\/p>\n\n\n\n<p>Author ID: <a href=\"https:\/\/www.scopus.com\/authid\/detail.uri?authorId=57220873295\">https:\/\/www.scopus.com\/authid\/detail.uri?authorId=57220873295<\/a><\/p>\n\n\n\n<p>3. ORCID<\/p>\n\n\n\n<p><a href=\"https:\/\/orcid.org\/my-orcid?orcid=0000-0001-9521-253X\">https:\/\/orcid.org\/my-orcid?orcid=0000-0001-9521-253X<\/a><\/p>\n\n\n\n<p>4. Google Scholar Citations<\/p>\n\n\n\n<p>\u202aLuque de Haro, V\u00edctor &#8211; \u202aGoogle Acad\u00e9mico<\/p>\n\n\n\n<p>5. Researchgate<\/p>\n\n\n\n<p>V\u00edctor Luque de Haro \u2013 Research Gate<\/p>\n","protected":false},"excerpt":{"rendered":"<p>Departamento: Econom\u00eda y Empresa \u00c1rea de conocimiento: Historia e Instituciones Econ\u00f3micas Universidad: Almer\u00eda L\u00edneas de Investigaci\u00f3n: Historia econ\u00f3mica, demograf\u00eda hist\u00f3rica, desarrollo econ\u00f3mico y desigualdad. Grupo de Investigaci\u00f3n: SEJ667: HISTORIA ECON\u00d3MICA Y DESARROLLO (HEDES) Correo Electr\u00f3nico: victorluque@ual.es Direcci\u00f3n de contacto: Despacho 0.13 CITE III Curr\u00edculum 1. Web of Science (publons) ResearcherID: AAV-7789-2021 https:\/\/publons.com\/researcher\/3745994\/victor-antonio-luque-de-haro\/ 2. Scopus Author&#8230;<\/p>\n","protected":false},"author":1,"featured_media":0,"parent":27355,"menu_order":0,"comment_status":"closed","ping_status":"closed","template":"","meta":{"footnotes":""},"class_list":["post-27421","page","type-page","status-publish","hentry"],"_links":{"self":[{"href":"https:\/\/cemyri.es\/es\/wp-json\/wp\/v2\/pages\/27421","targetHints":{"allow":["GET"]}}],"collection":[{"href":"https:\/\/cemyri.es\/es\/wp-json\/wp\/v2\/pages"}],"about":[{"href":"https:\/\/cemyri.es\/es\/wp-json\/wp\/v2\/types\/page"}],"author":[{"embeddable":true,"href":"https:\/\/cemyri.es\/es\/wp-json\/wp\/v2\/users\/1"}],"replies":[{"embeddable":true,"href":"https:\/\/cemyri.es\/es\/wp-json\/wp\/v2\/comments?post=27421"}],"version-history":[{"count":1,"href":"https:\/\/cemyri.es\/es\/wp-json\/wp\/v2\/pages\/27421\/revisions"}],"predecessor-version":[{"id":27422,"href":"https:\/\/cemyri.es\/es\/wp-json\/wp\/v2\/pages\/27421\/revisions\/27422"}],"up":[{"embeddable":true,"href":"https:\/\/cemyri.es\/es\/wp-json\/wp\/v2\/pages\/27355"}],"wp:attachment":[{"href":"https:\/\/cemyri.es\/es\/wp-json\/wp\/v2\/media?parent=27421"}],"curies":[{"name":"wp","href":"https:\/\/api.w.org\/{rel}","templated":true}]}}