{"id":27423,"date":"2022-10-13T10:17:57","date_gmt":"2022-10-13T10:17:57","guid":{"rendered":"https:\/\/cemyri.es\/es\/?page_id=27423"},"modified":"2022-10-13T10:17:58","modified_gmt":"2022-10-13T10:17:58","slug":"maria-teresa-martin-palomo","status":"publish","type":"page","link":"https:\/\/cemyri.es\/es\/profesores-titulares\/maria-teresa-martin-palomo\/","title":{"rendered":"Mar\u00eda Teresa Mart\u00edn Palomo"},"content":{"rendered":"\n<p><strong>Departamento: <\/strong>Geograf\u00eda, Historia y Humanidades<\/p>\n\n\n\n<p><strong>\u00c1rea de conocimiento: <\/strong>Sociolog\u00eda<\/p>\n\n\n\n<p><strong>Universidad: <\/strong>Almer\u00eda<\/p>\n\n\n\n<p><strong>L\u00edneas de Investigaci\u00f3n: <\/strong>G\u00e9nero, Cuidados, Vulnerabilidades, Pol\u00edticas de cuidado, Sostenibilidad, Epistemolog\u00eda y metodolog\u00eda de las Ciencias Sociales<\/p>\n\n\n\n<p><strong>Grupo de Investigaci\u00f3n: <\/strong>SEJ419<\/p>\n\n\n\n<p><strong>Correo Electr\u00f3nico: <\/strong><a href=\"mailto:tmartinp@ual.es\">tmartinp@ual.es<\/a><\/p>\n\n\n\n<p><strong>Direcci\u00f3n de contacto: <\/strong>Edificio Departamental de Humanidades y Ciencias de la Educaci\u00f3n II (Edif. C), Planta 2, Despacho 63, Universidad de Almer\u00eda<\/p>\n\n\n\n<p><strong>Curr\u00edculum <\/strong><\/p>\n\n\n\n<p><a href=\"https:\/\/www.researchgate.net\/profile\/Maria-Teresa-Palomo\">https:\/\/www.researchgate.net\/profile\/Maria-Teresa-Palomo<\/a><\/p>\n","protected":false},"excerpt":{"rendered":"<p>Departamento: Geograf\u00eda, Historia y Humanidades \u00c1rea de conocimiento: Sociolog\u00eda Universidad: Almer\u00eda L\u00edneas de Investigaci\u00f3n: G\u00e9nero, Cuidados, Vulnerabilidades, Pol\u00edticas de cuidado, Sostenibilidad, Epistemolog\u00eda y metodolog\u00eda de las Ciencias Sociales Grupo de Investigaci\u00f3n: SEJ419 Correo Electr\u00f3nico: tmartinp@ual.es Direcci\u00f3n de contacto: Edificio Departamental de Humanidades y Ciencias de la Educaci\u00f3n II (Edif. C), Planta 2, Despacho 63, Universidad&#8230;<\/p>\n","protected":false},"author":1,"featured_media":0,"parent":27355,"menu_order":0,"comment_status":"closed","ping_status":"closed","template":"","meta":{"footnotes":""},"class_list":["post-27423","page","type-page","status-publish","hentry"],"_links":{"self":[{"href":"https:\/\/cemyri.es\/es\/wp-json\/wp\/v2\/pages\/27423","targetHints":{"allow":["GET"]}}],"collection":[{"href":"https:\/\/cemyri.es\/es\/wp-json\/wp\/v2\/pages"}],"about":[{"href":"https:\/\/cemyri.es\/es\/wp-json\/wp\/v2\/types\/page"}],"author":[{"embeddable":true,"href":"https:\/\/cemyri.es\/es\/wp-json\/wp\/v2\/users\/1"}],"replies":[{"embeddable":true,"href":"https:\/\/cemyri.es\/es\/wp-json\/wp\/v2\/comments?post=27423"}],"version-history":[{"count":1,"href":"https:\/\/cemyri.es\/es\/wp-json\/wp\/v2\/pages\/27423\/revisions"}],"predecessor-version":[{"id":27424,"href":"https:\/\/cemyri.es\/es\/wp-json\/wp\/v2\/pages\/27423\/revisions\/27424"}],"up":[{"embeddable":true,"href":"https:\/\/cemyri.es\/es\/wp-json\/wp\/v2\/pages\/27355"}],"wp:attachment":[{"href":"https:\/\/cemyri.es\/es\/wp-json\/wp\/v2\/media?parent=27423"}],"curies":[{"name":"wp","href":"https:\/\/api.w.org\/{rel}","templated":true}]}}